{"id":6297,"date":"2025-01-14T09:21:28","date_gmt":"2025-01-14T08:21:28","guid":{"rendered":"https:\/\/dyskontpaliwowy.pl\/%d1%81%d0%b8%d0%b3%d0%bd%d0%b0%d0%bb%d1%96%d1%81%d1%82\/"},"modified":"2025-01-15T09:14:01","modified_gmt":"2025-01-15T08:14:01","slug":"%d1%81%d0%b8%d0%b3%d0%bd%d0%b0%d0%bb%d1%96%d1%81%d1%82","status":"publish","type":"page","link":"https:\/\/dyskontpaliwowy.pl\/uk\/%d1%81%d0%b8%d0%b3%d0%bd%d0%b0%d0%bb%d1%96%d1%81%d1%82\/","title":{"rendered":"\u0421\u0438\u0433\u043d\u0430\u043b\u0456\u0441\u0442"},"content":{"rendered":"\t\t<div data-elementor-type=\"wp-page\" data-elementor-id=\"6297\" class=\"elementor elementor-6297 elementor-6241\">\n\t\t\t\t<div class=\"elementor-element elementor-element-e5cb556 e-flex e-con-boxed e-con e-parent\" data-id=\"e5cb556\" data-element_type=\"container\">\n\t\t\t\t\t<div class=\"e-con-inner\">\n\t\t\t\t<div class=\"elementor-element elementor-element-ea94fc7 elementor-widget elementor-widget-heading\" data-id=\"ea94fc7\" data-element_type=\"widget\" data-widget_type=\"heading.default\">\n\t\t\t\t<div class=\"elementor-widget-container\">\n\t\t\t<h4 class=\"elementor-heading-title elementor-size-default\">\u0421\u0418\u0413\u041d\u0410\u041b\u0406\u0421\u0422<\/h4>\t\t<\/div>\n\t\t\t\t<\/div>\n\t\t\t\t<div class=\"elementor-element elementor-element-b79fcf3 elementor-widget elementor-widget-tm-ele-text-editor\" data-id=\"b79fcf3\" data-element_type=\"widget\" data-widget_type=\"tm-ele-text-editor.default\">\n\t\t\t\t<div class=\"elementor-widget-container\">\n\t\t\t\t\t<div class=\"tm-text-editor\">\r\n\t\t<p><b>e-mail \u0434\u043b\u044f \u043f\u043e\u0432\u0456\u0434\u043e\u043c\u043b\u0435\u043d\u043d\u044f \u043f\u0440\u043e \u043f\u043e\u0440\u0443\u0448\u0435\u043d\u043d\u044f: <\/b><a href=\"mailto:sygnalista@goldfinch24.pl\">sygnalista@goldfinch24.pl<\/a><\/p>\t\t<\/div>\r\n\t\t\t<\/div>\n\t\t\t\t<\/div>\n\t\t\t\t<div class=\"elementor-element elementor-element-50d70a2 elementor-widget elementor-widget-tm-ele-text-editor\" data-id=\"50d70a2\" data-element_type=\"widget\" data-widget_type=\"tm-ele-text-editor.default\">\n\t\t\t\t<div class=\"elementor-widget-container\">\n\t\t\t\t\t<div class=\"tm-text-editor\">\r\n\t\t<p><br>\u041d\u0435\u0443\u043f\u0435\u0440\u0435\u0434\u0436\u0435\u043d\u0430 \u043e\u0441\u043e\u0431\u0430: <b> \u044e\u0440\u0438\u0441\u043a\u043e\u043d\u0441\u0443\u043b\u044c\u0442<a href=\"mailto:sygnalista@goldfinch24.pl\">sygnalista@goldfinch24.pl<\/a><\/b><\/p>\t\t<\/div>\r\n\t\t\t<\/div>\n\t\t\t\t<\/div>\n\t\t\t\t<div class=\"elementor-element elementor-element-f8c2f7b elementor-widget elementor-widget-tm-ele-text-editor\" data-id=\"f8c2f7b\" data-element_type=\"widget\" data-widget_type=\"tm-ele-text-editor.default\">\n\t\t\t\t<div class=\"elementor-widget-container\">\n\t\t\t\t\t<div class=\"tm-text-editor\">\r\n\t\t<p><b data-stringify-type=\"bold\">CITRONEX TRANS ENERGY SP. Z O.O. <\/b><\/p>\t\t<\/div>\r\n\t\t\t<\/div>\n\t\t\t\t<\/div>\n\t\t\t\t<div class=\"elementor-element elementor-element-74e0b77 elementor-widget elementor-widget-tm-ele-text-editor\" data-id=\"74e0b77\" data-element_type=\"widget\" data-widget_type=\"tm-ele-text-editor.default\">\n\t\t\t\t<div class=\"elementor-widget-container\">\n\t\t\t\t\t<div class=\"tm-text-editor\">\r\n\t\t<ol><li>\u041f\u043e\u0440\u044f\u0434\u043e\u043a \u043d\u0430\u043f\u0440\u0430\u0432\u043b\u0435\u043d\u043d\u044f, \u043e\u0442\u0440\u0438\u043c\u0430\u043d\u043d\u044f \u0442\u0430 \u0440\u0435\u0430\u0433\u0443\u0432\u0430\u043d\u043d\u044f \u043d\u0430 \u043f\u043e\u0432\u0456\u0434\u043e\u043c\u043b\u0435\u043d\u043d\u044f \u043f\u0440\u043e \u043f\u043e\u0440\u0443\u0448\u0435\u043d\u043d\u044f - <strong><a href=\"https:\/\/dyskontpaliwowy.pl\/wp-content\/uploads\/2024\/08\/CTE1.pdf\" target=\"_blank\" rel=\"noopener\">\u043f\u043e\u0441\u0438\u043b\u0430\u043d\u043d\u044f<\/a><\/strong><\/li><li>\u0412\u043d\u0443\u0442\u0440\u0456\u0448\u043d\u044f \u0430\u043f\u043b\u0456\u043a\u0430\u0446\u0456\u0439\u043d\u0430 \u0444\u043e\u0440\u043c\u0430 - <a href=\"https:\/\/dyskontpaliwowy.pl\/wp-content\/uploads\/2024\/08\/CTE7.pdf\" target=\"_blank\" rel=\"noopener\"><strong>\u043f\u043e\u0441\u0438\u043b\u0430\u043d\u043d\u044f<\/strong><\/a><\/li><li>\u0417\u043c\u0456\u0441\u0442 \u0434\u043e\u043c\u043e\u0432\u043b\u0435\u043d\u043e\u0441\u0442\u0435\u0439 \u0437\u0430 \u0434\u043e\u0433\u043e\u0432\u043e\u0440\u043e\u043c \u043f\u0440\u043e \u0441\u043f\u0456\u043b\u044c\u043d\u0435 \u0443\u043f\u0440\u0430\u0432\u043b\u0456\u043d\u043d\u044f \u043f\u0435\u0440\u0441\u043e\u043d\u0430\u043b\u044c\u043d\u0438\u043c\u0438 \u0434\u0430\u043d\u0438\u043c\u0438 \u0432 \u0433\u0440\u0443\u043f\u0456 \u043a\u043e\u043c\u043f\u0430\u043d\u0456\u0439 - <a href=\"https:\/\/dyskontpaliwowy.pl\/wp-content\/uploads\/2024\/08\/CTE4.pdf\" target=\"_blank\" rel=\"noopener\"><strong>\u043f\u043e\u0441\u0438\u043b\u0430\u043d\u043d\u044f<\/strong><\/a><\/li><li>\u041e\u0431\u043e\u0432'\u044f\u0437\u043e\u043a \u0456\u043d\u0444\u043e\u0440\u043c\u0443\u0432\u0430\u043d\u043d\u044f \u0432\u0438\u043a\u0440\u0438\u0432\u0430\u0447\u0430, \u0432\u0438\u043a\u0440\u0438\u0432\u0430\u0447\u0430 \u043a\u043e\u0440\u0443\u043f\u0446\u0456\u0457 - <a href=\"https:\/\/dyskontpaliwowy.pl\/wp-content\/uploads\/2024\/08\/CTE6.pdf\" target=\"_blank\" rel=\"noopener\"><strong>\u043f\u043e\u0441\u0438\u043b\u0430\u043d\u043d\u044f<\/strong><\/a><\/li><li>\u041e\u0431\u043e\u0432'\u044f\u0437\u043e\u043a \u0456\u043d\u0444\u043e\u0440\u043c\u0443\u0432\u0430\u043d\u043d\u044f \u043f\u043e\u0441\u0442\u0440\u0430\u0436\u0434\u0430\u043b\u0438\u0445 \u043e\u0441\u0456\u0431 - <a href=\"https:\/\/dyskontpaliwowy.pl\/wp-content\/uploads\/2024\/08\/CTE5.pdf\" target=\"_blank\" rel=\"noopener\"><strong>\u043f\u043e\u0441\u0438\u043b\u0430\u043d\u043d\u044f<\/strong><\/a><\/li><\/ol>\t\t<\/div>\r\n\t\t\t<\/div>\n\t\t\t\t<\/div>\n\t\t\t\t\t<\/div>\n\t\t\t\t<\/div>\n\t\t\t\t<\/div>\n\t\t","protected":false},"excerpt":{"rendered":"<p>\u0421\u0418\u0413\u041d\u0410\u041b\u0406\u0421\u0422 e-mail \u0434\u043b\u044f \u043f\u043e\u0432\u0456\u0434\u043e\u043c\u043b\u0435\u043d\u043d\u044f \u043f\u0440\u043e \u043f\u043e\u0440\u0443\u0448\u0435\u043d\u043d\u044f: sygnalista@goldfinch24.pl \u041d\u0435\u0443\u043f\u0435\u0440\u0435\u0434\u0436\u0435\u043d\u0430 \u043e\u0441\u043e\u0431\u0430: \u044e\u0440\u0438\u0441\u043a\u043e\u043d\u0441\u0443\u043b\u044c\u0442sygnalista@goldfinch24.pl CITRONEX TRANS ENERGY SP. Z O.O. \u041f\u043e\u0440\u044f\u0434\u043e\u043a \u043d\u0430\u043f\u0440\u0430\u0432\u043b\u0435\u043d\u043d\u044f, \u043e\u0442\u0440\u0438\u043c\u0430\u043d\u043d\u044f \u0442\u0430&#8230;<\/p>\n","protected":false},"author":1,"featured_media":0,"parent":0,"menu_order":0,"comment_status":"closed","ping_status":"closed","template":"","meta":{"footnotes":""},"class_list":["post-6297","page","type-page","status-publish","hentry"],"yoast_head":"<!-- This site is optimized with the Yoast SEO plugin v24.0 - https:\/\/yoast.com\/wordpress\/plugins\/seo\/ -->\n<title>\u0421\u0438\u0433\u043d\u0430\u043b\u0456\u0441\u0442 - Dyskont Paliwowy<\/title>\n<meta name=\"robots\" content=\"index, follow, max-snippet:-1, max-image-preview:large, max-video-preview:-1\" \/>\n<link rel=\"canonical\" href=\"https:\/\/dyskontpaliwowy.pl\/uk\/%d1%81%d0%b8%d0%b3%d0%bd%d0%b0%d0%bb%d1%96%d1%81%d1%82\/\" \/>\n<meta property=\"og:locale\" content=\"uk_UA\" \/>\n<meta property=\"og:type\" content=\"article\" \/>\n<meta property=\"og:title\" content=\"\u0421\u0438\u0433\u043d\u0430\u043b\u0456\u0441\u0442 - Dyskont Paliwowy\" \/>\n<meta property=\"og:description\" content=\"\u0421\u0418\u0413\u041d\u0410\u041b\u0406\u0421\u0422 e-mail \u0434\u043b\u044f \u043f\u043e\u0432\u0456\u0434\u043e\u043c\u043b\u0435\u043d\u043d\u044f \u043f\u0440\u043e \u043f\u043e\u0440\u0443\u0448\u0435\u043d\u043d\u044f: sygnalista@goldfinch24.pl \u041d\u0435\u0443\u043f\u0435\u0440\u0435\u0434\u0436\u0435\u043d\u0430 \u043e\u0441\u043e\u0431\u0430: \u044e\u0440\u0438\u0441\u043a\u043e\u043d\u0441\u0443\u043b\u044c\u0442sygnalista@goldfinch24.pl CITRONEX TRANS ENERGY SP. Z O.O. \u041f\u043e\u0440\u044f\u0434\u043e\u043a \u043d\u0430\u043f\u0440\u0430\u0432\u043b\u0435\u043d\u043d\u044f, \u043e\u0442\u0440\u0438\u043c\u0430\u043d\u043d\u044f \u0442\u0430...\" \/>\n<meta property=\"og:url\" content=\"https:\/\/dyskontpaliwowy.pl\/uk\/%d1%81%d0%b8%d0%b3%d0%bd%d0%b0%d0%bb%d1%96%d1%81%d1%82\/\" \/>\n<meta property=\"og:site_name\" content=\"Dyskont Paliwowy\" \/>\n<meta property=\"article:publisher\" content=\"https:\/\/www.facebook.com\/DyskontPaliwowy\/?locale=pl_PL\" \/>\n<meta property=\"article:modified_time\" content=\"2025-01-15T08:14:01+00:00\" \/>\n<meta name=\"twitter:card\" content=\"summary_large_image\" \/>\n<meta name=\"twitter:label1\" content=\"\u041f\u0440\u0438\u0431\u043b. \u0447\u0430\u0441 \u0447\u0438\u0442\u0430\u043d\u043d\u044f\" \/>\n\t<meta name=\"twitter:data1\" content=\"1 \u0445\u0432\u0438\u043b\u0438\u043d\u0430\" \/>\n<script type=\"application\/ld+json\" class=\"yoast-schema-graph\">{\"@context\":\"https:\/\/schema.org\",\"@graph\":[{\"@type\":\"WebPage\",\"@id\":\"https:\/\/dyskontpaliwowy.pl\/uk\/%d1%81%d0%b8%d0%b3%d0%bd%d0%b0%d0%bb%d1%96%d1%81%d1%82\/\",\"url\":\"https:\/\/dyskontpaliwowy.pl\/uk\/%d1%81%d0%b8%d0%b3%d0%bd%d0%b0%d0%bb%d1%96%d1%81%d1%82\/\",\"name\":\"\u0421\u0438\u0433\u043d\u0430\u043b\u0456\u0441\u0442 - Dyskont Paliwowy\",\"isPartOf\":{\"@id\":\"https:\/\/dyskontpaliwowy.pl\/uk\/#website\"},\"datePublished\":\"2025-01-14T08:21:28+00:00\",\"dateModified\":\"2025-01-15T08:14:01+00:00\",\"breadcrumb\":{\"@id\":\"https:\/\/dyskontpaliwowy.pl\/uk\/%d1%81%d0%b8%d0%b3%d0%bd%d0%b0%d0%bb%d1%96%d1%81%d1%82\/#breadcrumb\"},\"inLanguage\":\"uk\",\"potentialAction\":[{\"@type\":\"ReadAction\",\"target\":[\"https:\/\/dyskontpaliwowy.pl\/uk\/%d1%81%d0%b8%d0%b3%d0%bd%d0%b0%d0%bb%d1%96%d1%81%d1%82\/\"]}]},{\"@type\":\"BreadcrumbList\",\"@id\":\"https:\/\/dyskontpaliwowy.pl\/uk\/%d1%81%d0%b8%d0%b3%d0%bd%d0%b0%d0%bb%d1%96%d1%81%d1%82\/#breadcrumb\",\"itemListElement\":[{\"@type\":\"ListItem\",\"position\":1,\"name\":\"\u0413\u043e\u043b\u043e\u0432\u043d\u0430 \u0441\u0442\u043e\u0440\u0456\u043d\u043a\u0430\",\"item\":\"https:\/\/dyskontpaliwowy.pl\/uk\/\"},{\"@type\":\"ListItem\",\"position\":2,\"name\":\"\u0421\u0438\u0433\u043d\u0430\u043b\u0456\u0441\u0442\"}]},{\"@type\":\"WebSite\",\"@id\":\"https:\/\/dyskontpaliwowy.pl\/uk\/#website\",\"url\":\"https:\/\/dyskontpaliwowy.pl\/uk\/\",\"name\":\"Dyskont Paliwowy DP\",\"description\":\"Komfort, jako\u015b\u0107 i oszcz\u0119dno\u015b\u0107 w trasie. Tankowanie, Bistro DP, myjnie i parkingi TIR \u2013 wszystko, czego potrzebujesz w podr\u00f3\u017cy!\",\"publisher\":{\"@id\":\"https:\/\/dyskontpaliwowy.pl\/uk\/#organization\"},\"potentialAction\":[{\"@type\":\"SearchAction\",\"target\":{\"@type\":\"EntryPoint\",\"urlTemplate\":\"https:\/\/dyskontpaliwowy.pl\/uk\/?s={search_term_string}\"},\"query-input\":{\"@type\":\"PropertyValueSpecification\",\"valueRequired\":true,\"valueName\":\"search_term_string\"}}],\"inLanguage\":\"uk\"},{\"@type\":\"Organization\",\"@id\":\"https:\/\/dyskontpaliwowy.pl\/uk\/#organization\",\"name\":\"Dyskont Paliwowy\",\"url\":\"https:\/\/dyskontpaliwowy.pl\/uk\/\",\"logo\":{\"@type\":\"ImageObject\",\"inLanguage\":\"uk\",\"@id\":\"https:\/\/dyskontpaliwowy.pl\/uk\/#\/schema\/logo\/image\/\",\"url\":\"https:\/\/dyskontpaliwowy.pl\/wp-content\/uploads\/2024\/08\/logo-nawigacja.svg\",\"contentUrl\":\"https:\/\/dyskontpaliwowy.pl\/wp-content\/uploads\/2024\/08\/logo-nawigacja.svg\",\"width\":1,\"height\":1,\"caption\":\"Dyskont Paliwowy\"},\"image\":{\"@id\":\"https:\/\/dyskontpaliwowy.pl\/uk\/#\/schema\/logo\/image\/\"},\"sameAs\":[\"https:\/\/www.facebook.com\/DyskontPaliwowy\/?locale=pl_PL\",\"https:\/\/www.instagram.com\/dyskontpaliwowy\/\"]}]}<\/script>\n<!-- \/ Yoast SEO plugin. -->","yoast_head_json":{"title":"\u0421\u0438\u0433\u043d\u0430\u043b\u0456\u0441\u0442 - Dyskont Paliwowy","robots":{"index":"index","follow":"follow","max-snippet":"max-snippet:-1","max-image-preview":"max-image-preview:large","max-video-preview":"max-video-preview:-1"},"canonical":"https:\/\/dyskontpaliwowy.pl\/uk\/%d1%81%d0%b8%d0%b3%d0%bd%d0%b0%d0%bb%d1%96%d1%81%d1%82\/","og_locale":"uk_UA","og_type":"article","og_title":"\u0421\u0438\u0433\u043d\u0430\u043b\u0456\u0441\u0442 - Dyskont Paliwowy","og_description":"\u0421\u0418\u0413\u041d\u0410\u041b\u0406\u0421\u0422 e-mail \u0434\u043b\u044f \u043f\u043e\u0432\u0456\u0434\u043e\u043c\u043b\u0435\u043d\u043d\u044f \u043f\u0440\u043e \u043f\u043e\u0440\u0443\u0448\u0435\u043d\u043d\u044f: sygnalista@goldfinch24.pl \u041d\u0435\u0443\u043f\u0435\u0440\u0435\u0434\u0436\u0435\u043d\u0430 \u043e\u0441\u043e\u0431\u0430: \u044e\u0440\u0438\u0441\u043a\u043e\u043d\u0441\u0443\u043b\u044c\u0442sygnalista@goldfinch24.pl CITRONEX TRANS ENERGY SP. Z O.O. \u041f\u043e\u0440\u044f\u0434\u043e\u043a \u043d\u0430\u043f\u0440\u0430\u0432\u043b\u0435\u043d\u043d\u044f, \u043e\u0442\u0440\u0438\u043c\u0430\u043d\u043d\u044f \u0442\u0430...","og_url":"https:\/\/dyskontpaliwowy.pl\/uk\/%d1%81%d0%b8%d0%b3%d0%bd%d0%b0%d0%bb%d1%96%d1%81%d1%82\/","og_site_name":"Dyskont Paliwowy","article_publisher":"https:\/\/www.facebook.com\/DyskontPaliwowy\/?locale=pl_PL","article_modified_time":"2025-01-15T08:14:01+00:00","twitter_card":"summary_large_image","twitter_misc":{"\u041f\u0440\u0438\u0431\u043b. \u0447\u0430\u0441 \u0447\u0438\u0442\u0430\u043d\u043d\u044f":"1 \u0445\u0432\u0438\u043b\u0438\u043d\u0430"},"schema":{"@context":"https:\/\/schema.org","@graph":[{"@type":"WebPage","@id":"https:\/\/dyskontpaliwowy.pl\/uk\/%d1%81%d0%b8%d0%b3%d0%bd%d0%b0%d0%bb%d1%96%d1%81%d1%82\/","url":"https:\/\/dyskontpaliwowy.pl\/uk\/%d1%81%d0%b8%d0%b3%d0%bd%d0%b0%d0%bb%d1%96%d1%81%d1%82\/","name":"\u0421\u0438\u0433\u043d\u0430\u043b\u0456\u0441\u0442 - Dyskont Paliwowy","isPartOf":{"@id":"https:\/\/dyskontpaliwowy.pl\/uk\/#website"},"datePublished":"2025-01-14T08:21:28+00:00","dateModified":"2025-01-15T08:14:01+00:00","breadcrumb":{"@id":"https:\/\/dyskontpaliwowy.pl\/uk\/%d1%81%d0%b8%d0%b3%d0%bd%d0%b0%d0%bb%d1%96%d1%81%d1%82\/#breadcrumb"},"inLanguage":"uk","potentialAction":[{"@type":"ReadAction","target":["https:\/\/dyskontpaliwowy.pl\/uk\/%d1%81%d0%b8%d0%b3%d0%bd%d0%b0%d0%bb%d1%96%d1%81%d1%82\/"]}]},{"@type":"BreadcrumbList","@id":"https:\/\/dyskontpaliwowy.pl\/uk\/%d1%81%d0%b8%d0%b3%d0%bd%d0%b0%d0%bb%d1%96%d1%81%d1%82\/#breadcrumb","itemListElement":[{"@type":"ListItem","position":1,"name":"\u0413\u043e\u043b\u043e\u0432\u043d\u0430 \u0441\u0442\u043e\u0440\u0456\u043d\u043a\u0430","item":"https:\/\/dyskontpaliwowy.pl\/uk\/"},{"@type":"ListItem","position":2,"name":"\u0421\u0438\u0433\u043d\u0430\u043b\u0456\u0441\u0442"}]},{"@type":"WebSite","@id":"https:\/\/dyskontpaliwowy.pl\/uk\/#website","url":"https:\/\/dyskontpaliwowy.pl\/uk\/","name":"Dyskont Paliwowy DP","description":"Komfort, jako\u015b\u0107 i oszcz\u0119dno\u015b\u0107 w trasie. Tankowanie, Bistro DP, myjnie i parkingi TIR \u2013 wszystko, czego potrzebujesz w podr\u00f3\u017cy!","publisher":{"@id":"https:\/\/dyskontpaliwowy.pl\/uk\/#organization"},"potentialAction":[{"@type":"SearchAction","target":{"@type":"EntryPoint","urlTemplate":"https:\/\/dyskontpaliwowy.pl\/uk\/?s={search_term_string}"},"query-input":{"@type":"PropertyValueSpecification","valueRequired":true,"valueName":"search_term_string"}}],"inLanguage":"uk"},{"@type":"Organization","@id":"https:\/\/dyskontpaliwowy.pl\/uk\/#organization","name":"Dyskont Paliwowy","url":"https:\/\/dyskontpaliwowy.pl\/uk\/","logo":{"@type":"ImageObject","inLanguage":"uk","@id":"https:\/\/dyskontpaliwowy.pl\/uk\/#\/schema\/logo\/image\/","url":"https:\/\/dyskontpaliwowy.pl\/wp-content\/uploads\/2024\/08\/logo-nawigacja.svg","contentUrl":"https:\/\/dyskontpaliwowy.pl\/wp-content\/uploads\/2024\/08\/logo-nawigacja.svg","width":1,"height":1,"caption":"Dyskont Paliwowy"},"image":{"@id":"https:\/\/dyskontpaliwowy.pl\/uk\/#\/schema\/logo\/image\/"},"sameAs":["https:\/\/www.facebook.com\/DyskontPaliwowy\/?locale=pl_PL","https:\/\/www.instagram.com\/dyskontpaliwowy\/"]}]}},"_links":{"self":[{"href":"https:\/\/dyskontpaliwowy.pl\/uk\/wp-json\/wp\/v2\/pages\/6297","targetHints":{"allow":["GET"]}}],"collection":[{"href":"https:\/\/dyskontpaliwowy.pl\/uk\/wp-json\/wp\/v2\/pages"}],"about":[{"href":"https:\/\/dyskontpaliwowy.pl\/uk\/wp-json\/wp\/v2\/types\/page"}],"author":[{"embeddable":true,"href":"https:\/\/dyskontpaliwowy.pl\/uk\/wp-json\/wp\/v2\/users\/1"}],"replies":[{"embeddable":true,"href":"https:\/\/dyskontpaliwowy.pl\/uk\/wp-json\/wp\/v2\/comments?post=6297"}],"version-history":[{"count":2,"href":"https:\/\/dyskontpaliwowy.pl\/uk\/wp-json\/wp\/v2\/pages\/6297\/revisions"}],"predecessor-version":[{"id":6313,"href":"https:\/\/dyskontpaliwowy.pl\/uk\/wp-json\/wp\/v2\/pages\/6297\/revisions\/6313"}],"wp:attachment":[{"href":"https:\/\/dyskontpaliwowy.pl\/uk\/wp-json\/wp\/v2\/media?parent=6297"}],"curies":[{"name":"wp","href":"https:\/\/api.w.org\/{rel}","templated":true}]}}