{"id":4920,"date":"2024-08-20T09:28:35","date_gmt":"2024-08-20T07:28:35","guid":{"rendered":"https:\/\/dyskontpaliwowy.pl\/%d0%bf%d1%80%d0%b8%d0%b7%d0%b8-%d1%82%d0%b0-%d0%bd%d0%b0%d0%b3%d0%be%d1%80%d0%be%d0%b4%d0%b8\/"},"modified":"2024-12-09T08:54:21","modified_gmt":"2024-12-09T07:54:21","slug":"%d0%bf%d1%80%d0%b8%d0%b7%d0%b8-%d1%82%d0%b0-%d0%bd%d0%b0%d0%b3%d0%be%d1%80%d0%be%d0%b4%d0%b8","status":"publish","type":"page","link":"https:\/\/dyskontpaliwowy.pl\/uk\/%d0%bf%d1%80%d0%b8%d0%b7%d0%b8-%d1%82%d0%b0-%d0%bd%d0%b0%d0%b3%d0%be%d1%80%d0%be%d0%b4%d0%b8\/","title":{"rendered":"\u041f\u0440\u0438\u0437\u0438 \u0442\u0430 \u043d\u0430\u0433\u043e\u0440\u043e\u0434\u0438"},"content":{"rendered":"\t\t<div data-elementor-type=\"wp-page\" data-elementor-id=\"4920\" class=\"elementor elementor-4920 elementor-45\">\n\t\t\t\t\t\t<section class=\"elementor-section elementor-top-section elementor-element elementor-element-481c9eb elementor-section-boxed elementor-section-height-default elementor-section-height-default tm-col-stretched-none tm-bg-color-over-image\" data-id=\"481c9eb\" data-element_type=\"section\">\n\t\t\t\t\t\t<div class=\"elementor-container elementor-column-gap-default\">\n\t\t\t\t\t<div class=\"elementor-column elementor-col-100 elementor-top-column elementor-element elementor-element-2162625 tm-bg-color-over-image\" data-id=\"2162625\" data-element_type=\"column\">\n\t\t\t<div class=\"elementor-widget-wrap elementor-element-populated\">\n\t\t\t\t\t\t<section class=\"elementor-section elementor-inner-section elementor-element elementor-element-5c7765c elementor-section-boxed elementor-section-height-default elementor-section-height-default tm-col-stretched-none tm-bg-color-over-image\" data-id=\"5c7765c\" data-element_type=\"section\">\n\t\t\t\t\t\t<div class=\"elementor-container elementor-column-gap-default\">\n\t\t\t\t\t<div class=\"elementor-column elementor-col-50 elementor-inner-column elementor-element elementor-element-592d40e tm-bg-color-over-image\" data-id=\"592d40e\" data-element_type=\"column\">\n\t\t\t<div class=\"elementor-widget-wrap elementor-element-populated\">\n\t\t\t\t\t\t<div class=\"elementor-element elementor-element-e4e0fc8 horizontal-line-align-left vertical-line-align-bottom elementor-widget elementor-widget-tm-ele-section-title\" data-id=\"e4e0fc8\" data-element_type=\"widget\" data-widget_type=\"tm-ele-section-title.default\">\n\t\t\t\t<div class=\"elementor-widget-container\">\n\t\t\t<div class=\"tm-sc-section-title section-title \">\r\n\t<div class=\"title-wrapper\">\r\n\t\t\t\t\t\t\t<h2 class=\"title \">\r\n\r\n\t\t\r\n\t\t\t\t<span class=\"title-part1 \">Lorem ipsum dolor sit amet<\/span>\r\n\t\t\t\t\r\n\t\t\t\t\t<span class=\"elementor-repeater-item-bb315c1\"><\/span>\r\n\t\t\r\n\t<\/h2>\r\n\t<div class=\"title-seperator-line\"><\/div>\t\t\t\t\t\t<\/div>\r\n<\/div>\t\t<\/div>\n\t\t\t\t<\/div>\n\t\t\t\t\t<\/div>\n\t\t<\/div>\n\t\t\t\t<div class=\"elementor-column elementor-col-50 elementor-inner-column elementor-element elementor-element-d282433 tm-bg-color-over-image\" data-id=\"d282433\" data-element_type=\"column\">\n\t\t\t<div class=\"elementor-widget-wrap elementor-element-populated\">\n\t\t\t\t\t\t<div class=\"elementor-element elementor-element-2b365a2 elementor-hidden-mobile elementor-widget elementor-widget-image\" data-id=\"2b365a2\" data-element_type=\"widget\" data-widget_type=\"image.default\">\n\t\t\t\t<div class=\"elementor-widget-container\">\n\t\t\t\t\t\t\t\t\t\t\t\t\t<img decoding=\"async\" width=\"112\" height=\"112\" src=\"https:\/\/dyskontpaliwowy.pl\/wp-content\/uploads\/2024\/08\/arrow.png\" class=\"attachment-large size-large wp-image-263\" alt=\"\" \/>\t\t\t\t\t\t\t\t\t\t\t\t\t<\/div>\n\t\t\t\t<\/div>\n\t\t\t\t<div class=\"elementor-element elementor-element-e37c10d elementor-widget elementor-widget-text-editor\" data-id=\"e37c10d\" data-element_type=\"widget\" data-widget_type=\"text-editor.default\">\n\t\t\t\t<div class=\"elementor-widget-container\">\n\t\t\t\t\t\t\t<p>Lorem ipsum dolor sit amet, consectetur adipiscing elit. Ut elit tellus, luctus nec ullamcorper mattis, pulvinar dapibus leo.  metus leo faucibus risus, sed malesuada elit felis eget sapien.<\/p>\t\t\t\t\t\t<\/div>\n\t\t\t\t<\/div>\n\t\t\t\t\t<\/div>\n\t\t<\/div>\n\t\t\t\t\t<\/div>\n\t\t<\/section>\n\t\t\t\t\t<\/div>\n\t\t<\/div>\n\t\t\t\t\t<\/div>\n\t\t<\/section>\n\t\t\t\t<section class=\"elementor-section elementor-top-section elementor-element elementor-element-a6a9b1e elementor-section-full_width elementor-section-stretched elementor-section-height-default elementor-section-height-default tm-col-stretched-none tm-bg-color-over-image\" data-id=\"a6a9b1e\" data-element_type=\"section\" data-settings=\"{&quot;background_background&quot;:&quot;classic&quot;,&quot;stretch_section&quot;:&quot;section-stretched&quot;}\">\n\t\t\t\t\t\t\t<div class=\"elementor-background-overlay\"><\/div>\n\t\t\t\t\t\t\t<div class=\"elementor-container elementor-column-gap-extended\">\n\t\t\t\t\t<div class=\"elementor-column elementor-col-100 elementor-top-column elementor-element elementor-element-0df7c96 tm-bg-color-over-image\" data-id=\"0df7c96\" data-element_type=\"column\">\n\t\t\t<div class=\"elementor-widget-wrap elementor-element-populated\">\n\t\t\t\t\t\t<div class=\"elementor-element elementor-element-628af3e elementor-widget elementor-widget-tm-ele-moving-text\" data-id=\"628af3e\" data-element_type=\"widget\" data-settings=\"{&quot;text&quot;:&quot;\\u041f\\u0440\\u0438\\u0437\\u0438 \\u0442\\u0430 \\u043d\\u0430\\u0433\\u043e\\u0440\\u043e\\u0434\\u0438&quot;,&quot;divider_custom&quot;:&quot;&amp;&quot;,&quot;animation_speed&quot;:20000,&quot;link&quot;:{&quot;url&quot;:&quot;&quot;,&quot;is_external&quot;:&quot;&quot;,&quot;nofollow&quot;:&quot;&quot;,&quot;custom_attributes&quot;:&quot;&quot;},&quot;start_point&quot;:{&quot;unit&quot;:&quot;%&quot;,&quot;size&quot;:100,&quot;sizes&quot;:[]},&quot;start_point_tablet&quot;:{&quot;unit&quot;:&quot;px&quot;,&quot;size&quot;:&quot;&quot;,&quot;sizes&quot;:[]},&quot;start_point_mobile&quot;:{&quot;unit&quot;:&quot;px&quot;,&quot;size&quot;:&quot;&quot;,&quot;sizes&quot;:[]},&quot;end_point&quot;:{&quot;unit&quot;:&quot;%&quot;,&quot;size&quot;:-10,&quot;sizes&quot;:[]},&quot;end_point_tablet&quot;:{&quot;unit&quot;:&quot;px&quot;,&quot;size&quot;:&quot;&quot;,&quot;sizes&quot;:[]},&quot;end_point_mobile&quot;:{&quot;unit&quot;:&quot;px&quot;,&quot;size&quot;:&quot;&quot;,&quot;sizes&quot;:[]}}\" data-widget_type=\"tm-ele-moving-text.default\">\n\t\t\t\t<div class=\"elementor-widget-container\">\n\t\t\t\t\t<div class=\"tm-moving-text loop_animation  clone_text add_divider \" data-backspace-count=\"\" data-d-type=\"custom\" data-d-custom=\"&amp;\" data-type-svg=\"mascot_line_simple\" data-text=\"\u041f\u0440\u0438\u0437\u0438 \u0442\u0430 \u043d\u0430\u0433\u043e\u0440\u043e\u0434\u0438\">\r\n\t\t\t<div class=\"simple_line\"><\/div>\t\t<\/div>\r\n\t\t\t\t<\/div>\n\t\t\t\t<\/div>\n\t\t\t\t\t<\/div>\n\t\t<\/div>\n\t\t\t\t\t<\/div>\n\t\t<\/section>\n\t\t\t\t<section class=\"elementor-section elementor-top-section elementor-element elementor-element-ed1b8ef elementor-section-stretched elementor-section-boxed elementor-section-height-default elementor-section-height-default tm-col-stretched-none tm-bg-color-over-image\" data-id=\"ed1b8ef\" data-element_type=\"section\" data-settings=\"{&quot;background_background&quot;:&quot;classic&quot;,&quot;stretch_section&quot;:&quot;section-stretched&quot;}\">\n\t\t\t\t\t\t<div class=\"elementor-container elementor-column-gap-extended\">\n\t\t\t\t\t<div class=\"elementor-column elementor-col-100 elementor-top-column elementor-element elementor-element-1d0c20e tm-bg-color-over-image\" data-id=\"1d0c20e\" data-element_type=\"column\">\n\t\t\t<div class=\"elementor-widget-wrap elementor-element-populated\">\n\t\t\t\t\t\t<section class=\"elementor-section elementor-inner-section elementor-element elementor-element-c672813 elementor-section-boxed elementor-section-height-default elementor-section-height-default tm-col-stretched-none tm-bg-color-over-image\" data-id=\"c672813\" data-element_type=\"section\">\n\t\t\t\t\t\t<div class=\"elementor-container elementor-column-gap-default\">\n\t\t\t\t\t<div class=\"elementor-column elementor-col-50 elementor-inner-column elementor-element elementor-element-a0b0ea0 tm-bg-color-over-image\" data-id=\"a0b0ea0\" data-element_type=\"column\">\n\t\t\t<div class=\"elementor-widget-wrap elementor-element-populated\">\n\t\t\t\t\t\t<div class=\"elementor-element elementor-element-447bab0 elementor-widget elementor-widget-text-editor\" data-id=\"447bab0\" data-element_type=\"widget\" data-widget_type=\"text-editor.default\">\n\t\t\t\t<div class=\"elementor-widget-container\">\n\t\t\t\t\t\t\tDuis aute lorem ipsum \u0454 \u043f\u0440\u043e\u0441\u0442\u043e \u0432\u0456\u043b\u044c\u043d\u0438\u043c \u0442\u0435\u043a\u0441\u0442\u043e\u043c, \u0434\u043e\u0441\u0442\u0443\u043f\u043d\u0438\u043c \u043d\u0430 \u0440\u0438\u043d\u043a\u0443 reprehen.Lorem ipsum dolor sit amet, consectetur adipiscing elit, sed do eiusmod  \t\t\t\t\t\t<\/div>\n\t\t\t\t<\/div>\n\t\t\t\t<div class=\"elementor-element elementor-element-9a4bc02 elementor-hidden-mobile elementor-widget elementor-widget-image\" data-id=\"9a4bc02\" data-element_type=\"widget\" data-widget_type=\"image.default\">\n\t\t\t\t<div class=\"elementor-widget-container\">\n\t\t\t\t\t\t\t\t\t\t\t\t\t<img fetchpriority=\"high\" decoding=\"async\" width=\"253\" height=\"253\" src=\"https:\/\/dyskontpaliwowy.pl\/wp-content\/uploads\/2024\/08\/arrow-1.png\" class=\"attachment-crotive_huge_square size-crotive_huge_square wp-image-785\" alt=\"\" srcset=\"https:\/\/dyskontpaliwowy.pl\/wp-content\/uploads\/2024\/08\/arrow-1.png 253w, https:\/\/dyskontpaliwowy.pl\/wp-content\/uploads\/2024\/08\/arrow-1-150x150.png 150w\" sizes=\"(max-width: 253px) 100vw, 253px\" \/>\t\t\t\t\t\t\t\t\t\t\t\t\t<\/div>\n\t\t\t\t<\/div>\n\t\t\t\t\t<\/div>\n\t\t<\/div>\n\t\t\t\t<div class=\"elementor-column elementor-col-50 elementor-inner-column elementor-element elementor-element-d612ddc tm-bg-color-over-image\" data-id=\"d612ddc\" data-element_type=\"column\">\n\t\t\t<div class=\"elementor-widget-wrap elementor-element-populated\">\n\t\t\t\t\t\t<div class=\"elementor-element elementor-element-30ac737 elementor-widget elementor-widget-tm-ele-award-block\" data-id=\"30ac737\" data-element_type=\"widget\" data-widget_type=\"tm-ele-award-block.skin-style1\">\n\t\t\t\t<div class=\"elementor-widget-container\">\n\t\t\t\t<div class=\"tm-award-grid\">\r\n\t\t<!-- the loop -->\r\n\t\t\t\t\t\t\t<!-- Award Block Style1 -->\r\n<div class=\"award-block-current-item-style1\">\r\n  <div class=\"award-list\">\r\n    <span class=\"count\">01<\/span>\r\n    \r\n\t\t<h4 class=\"feature-title\">\r\n\t\t\t\t\tlorem ipsum dolor<br> sit amet\t\t\t<\/h4>\r\n\t    <span class=\"year\">2018<\/span>\r\n    <a href=\"\" class=\"plus-icon\"><i class=\"lnr-icon-plus\"><\/i><\/a>\r\n  <\/div>\r\n<\/div>\t\t\t\t\t\t\t<!-- Award Block Style1 -->\r\n<div class=\"award-block-current-item-style1\">\r\n  <div class=\"award-list\">\r\n    <span class=\"count\">02<\/span>\r\n    \r\n\t\t<h4 class=\"feature-title\">\r\n\t\t\t\t\tlorem ipsum dolor<br> sit amet\t\t\t<\/h4>\r\n\t    <span class=\"year\">2019<\/span>\r\n    <a href=\"\" class=\"plus-icon\"><i class=\"lnr-icon-plus\"><\/i><\/a>\r\n  <\/div>\r\n<\/div>\t\t\t\t\t\t\t<!-- Award Block Style1 -->\r\n<div class=\"award-block-current-item-style1\">\r\n  <div class=\"award-list\">\r\n    <span class=\"count\">03<\/span>\r\n    \r\n\t\t<h4 class=\"feature-title\">\r\n\t\t\t\t\tlorem ipsum dolor<br> sit amet\t\t\t<\/h4>\r\n\t    <span class=\"year\">2020<\/span>\r\n    <a href=\"\" class=\"plus-icon\"><i class=\"lnr-icon-plus\"><\/i><\/a>\r\n  <\/div>\r\n<\/div>\t\t\t\t\t\t\t<!-- Award Block Style1 -->\r\n<div class=\"award-block-current-item-style1\">\r\n  <div class=\"award-list\">\r\n    <span class=\"count\">03<\/span>\r\n    \r\n\t\t<h4 class=\"feature-title\">\r\n\t\t\t\t\tlorem ipsum dolor<br> sit amet\t\t\t<\/h4>\r\n\t    <span class=\"year\">2021<\/span>\r\n    <a href=\"\" class=\"plus-icon\"><i class=\"lnr-icon-plus\"><\/i><\/a>\r\n  <\/div>\r\n<\/div>\t\t\t\t<!-- end of the loop -->\r\n\t<\/div>\r\n\t\r\n\t\t<\/div>\n\t\t\t\t<\/div>\n\t\t\t\t\t<\/div>\n\t\t<\/div>\n\t\t\t\t\t<\/div>\n\t\t<\/section>\n\t\t\t\t\t<\/div>\n\t\t<\/div>\n\t\t\t\t\t<\/div>\n\t\t<\/section>\n\t\t<div class=\"elementor-element elementor-element-8992ba1 e-flex e-con-boxed e-con e-parent\" data-id=\"8992ba1\" data-element_type=\"container\" data-settings=\"{&quot;background_background&quot;:&quot;classic&quot;}\">\n\t\t\t\t\t<div class=\"e-con-inner\">\n\t\t\t\t<div class=\"elementor-element elementor-element-264a927 elementor-widget__width-initial elementor-widget elementor-widget-heading\" data-id=\"264a927\" data-element_type=\"widget\" data-widget_type=\"heading.default\">\n\t\t\t\t<div class=\"elementor-widget-container\">\n\t\t\t<h3 class=\"elementor-heading-title elementor-size-default\">Pellentesque viverra varius sem dignissim varius<\/h3>\t\t<\/div>\n\t\t\t\t<\/div>\n\t\t\t\t<div class=\"elementor-element elementor-element-8ba1a43 elementor-widget elementor-widget-tm-ele-button\" data-id=\"8ba1a43\" data-element_type=\"widget\" data-widget_type=\"tm-ele-button.default\">\n\t\t\t\t<div class=\"elementor-widget-container\">\n\t\t\t<div class=\"tm-sc-button btn-view-details \">\r\n\t<a  href=\"\/kontakt\/\" \r\n\t\t\t\t\t\tclass=\"btn btn-theme-colored4\">\r\n\r\n\t\t\r\n\t\t\r\n\t\t<span>\r\n\t\t\u041a\u043e\u043d\u0442\u0430\u043a\u0442\u0438\t\t<\/span>\r\n\r\n\t\t\t<\/a>\r\n<\/div>\t\t<\/div>\n\t\t\t\t<\/div>\n\t\t\t\t\t<\/div>\n\t\t\t\t<\/div>\n\t\t\t\t<\/div>\n\t\t","protected":false},"excerpt":{"rendered":"<p>Lorem ipsum dolor sit amet Lorem ipsum dolor sit amet, consectetur adipiscing elit. Ut elit tellus, luctus nec ullamcorper mattis,&#8230;<\/p>\n","protected":false},"author":1,"featured_media":0,"parent":0,"menu_order":0,"comment_status":"closed","ping_status":"closed","template":"","meta":{"footnotes":""},"class_list":["post-4920","page","type-page","status-publish","hentry"],"yoast_head":"<!-- This site is optimized with the Yoast SEO plugin v24.0 - https:\/\/yoast.com\/wordpress\/plugins\/seo\/ -->\n<title>\u041f\u0440\u0438\u0437\u0438 \u0442\u0430 \u043d\u0430\u0433\u043e\u0440\u043e\u0434\u0438 - Dyskont Paliwowy<\/title>\n<meta name=\"robots\" content=\"index, follow, max-snippet:-1, max-image-preview:large, max-video-preview:-1\" \/>\n<link rel=\"canonical\" href=\"https:\/\/dyskontpaliwowy.pl\/uk\/%d0%bf%d1%80%d0%b8%d0%b7%d0%b8-%d1%82%d0%b0-%d0%bd%d0%b0%d0%b3%d0%be%d1%80%d0%be%d0%b4%d0%b8\/\" \/>\n<meta property=\"og:locale\" content=\"uk_UA\" \/>\n<meta property=\"og:type\" content=\"article\" \/>\n<meta property=\"og:title\" content=\"\u041f\u0440\u0438\u0437\u0438 \u0442\u0430 \u043d\u0430\u0433\u043e\u0440\u043e\u0434\u0438 - Dyskont Paliwowy\" \/>\n<meta property=\"og:description\" content=\"Lorem ipsum dolor sit amet Lorem ipsum dolor sit amet, consectetur adipiscing elit. Ut elit tellus, luctus nec ullamcorper mattis,...\" \/>\n<meta property=\"og:url\" content=\"https:\/\/dyskontpaliwowy.pl\/uk\/%d0%bf%d1%80%d0%b8%d0%b7%d0%b8-%d1%82%d0%b0-%d0%bd%d0%b0%d0%b3%d0%be%d1%80%d0%be%d0%b4%d0%b8\/\" \/>\n<meta property=\"og:site_name\" content=\"Dyskont Paliwowy\" \/>\n<meta property=\"article:publisher\" content=\"https:\/\/www.facebook.com\/DyskontPaliwowy\/?locale=pl_PL\" \/>\n<meta property=\"article:modified_time\" content=\"2024-12-09T07:54:21+00:00\" \/>\n<meta property=\"og:image\" content=\"https:\/\/dyskontpaliwowy.pl\/wp-content\/uploads\/2024\/08\/arrow.png\" \/>\n\t<meta property=\"og:image:width\" content=\"112\" \/>\n\t<meta property=\"og:image:height\" content=\"112\" \/>\n\t<meta property=\"og:image:type\" content=\"image\/png\" \/>\n<meta name=\"twitter:card\" content=\"summary_large_image\" \/>\n<script type=\"application\/ld+json\" class=\"yoast-schema-graph\">{\"@context\":\"https:\/\/schema.org\",\"@graph\":[{\"@type\":\"WebPage\",\"@id\":\"https:\/\/dyskontpaliwowy.pl\/uk\/%d0%bf%d1%80%d0%b8%d0%b7%d0%b8-%d1%82%d0%b0-%d0%bd%d0%b0%d0%b3%d0%be%d1%80%d0%be%d0%b4%d0%b8\/\",\"url\":\"https:\/\/dyskontpaliwowy.pl\/uk\/%d0%bf%d1%80%d0%b8%d0%b7%d0%b8-%d1%82%d0%b0-%d0%bd%d0%b0%d0%b3%d0%be%d1%80%d0%be%d0%b4%d0%b8\/\",\"name\":\"\u041f\u0440\u0438\u0437\u0438 \u0442\u0430 \u043d\u0430\u0433\u043e\u0440\u043e\u0434\u0438 - Dyskont Paliwowy\",\"isPartOf\":{\"@id\":\"https:\/\/dyskontpaliwowy.pl\/uk\/#website\"},\"primaryImageOfPage\":{\"@id\":\"https:\/\/dyskontpaliwowy.pl\/uk\/%d0%bf%d1%80%d0%b8%d0%b7%d0%b8-%d1%82%d0%b0-%d0%bd%d0%b0%d0%b3%d0%be%d1%80%d0%be%d0%b4%d0%b8\/#primaryimage\"},\"image\":{\"@id\":\"https:\/\/dyskontpaliwowy.pl\/uk\/%d0%bf%d1%80%d0%b8%d0%b7%d0%b8-%d1%82%d0%b0-%d0%bd%d0%b0%d0%b3%d0%be%d1%80%d0%be%d0%b4%d0%b8\/#primaryimage\"},\"thumbnailUrl\":\"https:\/\/dyskontpaliwowy.pl\/wp-content\/uploads\/2024\/08\/arrow.png\",\"datePublished\":\"2024-08-20T07:28:35+00:00\",\"dateModified\":\"2024-12-09T07:54:21+00:00\",\"breadcrumb\":{\"@id\":\"https:\/\/dyskontpaliwowy.pl\/uk\/%d0%bf%d1%80%d0%b8%d0%b7%d0%b8-%d1%82%d0%b0-%d0%bd%d0%b0%d0%b3%d0%be%d1%80%d0%be%d0%b4%d0%b8\/#breadcrumb\"},\"inLanguage\":\"uk\",\"potentialAction\":[{\"@type\":\"ReadAction\",\"target\":[\"https:\/\/dyskontpaliwowy.pl\/uk\/%d0%bf%d1%80%d0%b8%d0%b7%d0%b8-%d1%82%d0%b0-%d0%bd%d0%b0%d0%b3%d0%be%d1%80%d0%be%d0%b4%d0%b8\/\"]}]},{\"@type\":\"ImageObject\",\"inLanguage\":\"uk\",\"@id\":\"https:\/\/dyskontpaliwowy.pl\/uk\/%d0%bf%d1%80%d0%b8%d0%b7%d0%b8-%d1%82%d0%b0-%d0%bd%d0%b0%d0%b3%d0%be%d1%80%d0%be%d0%b4%d0%b8\/#primaryimage\",\"url\":\"https:\/\/dyskontpaliwowy.pl\/wp-content\/uploads\/2024\/08\/arrow.png\",\"contentUrl\":\"https:\/\/dyskontpaliwowy.pl\/wp-content\/uploads\/2024\/08\/arrow.png\"},{\"@type\":\"BreadcrumbList\",\"@id\":\"https:\/\/dyskontpaliwowy.pl\/uk\/%d0%bf%d1%80%d0%b8%d0%b7%d0%b8-%d1%82%d0%b0-%d0%bd%d0%b0%d0%b3%d0%be%d1%80%d0%be%d0%b4%d0%b8\/#breadcrumb\",\"itemListElement\":[{\"@type\":\"ListItem\",\"position\":1,\"name\":\"\u0413\u043e\u043b\u043e\u0432\u043d\u0430 \u0441\u0442\u043e\u0440\u0456\u043d\u043a\u0430\",\"item\":\"https:\/\/dyskontpaliwowy.pl\/uk\/\"},{\"@type\":\"ListItem\",\"position\":2,\"name\":\"\u041f\u0440\u0438\u0437\u0438 \u0442\u0430 \u043d\u0430\u0433\u043e\u0440\u043e\u0434\u0438\"}]},{\"@type\":\"WebSite\",\"@id\":\"https:\/\/dyskontpaliwowy.pl\/uk\/#website\",\"url\":\"https:\/\/dyskontpaliwowy.pl\/uk\/\",\"name\":\"Dyskont Paliwowy DP\",\"description\":\"Komfort, jako\u015b\u0107 i oszcz\u0119dno\u015b\u0107 w trasie. Tankowanie, Bistro DP, myjnie i parkingi TIR \u2013 wszystko, czego potrzebujesz w podr\u00f3\u017cy!\",\"publisher\":{\"@id\":\"https:\/\/dyskontpaliwowy.pl\/uk\/#organization\"},\"potentialAction\":[{\"@type\":\"SearchAction\",\"target\":{\"@type\":\"EntryPoint\",\"urlTemplate\":\"https:\/\/dyskontpaliwowy.pl\/uk\/?s={search_term_string}\"},\"query-input\":{\"@type\":\"PropertyValueSpecification\",\"valueRequired\":true,\"valueName\":\"search_term_string\"}}],\"inLanguage\":\"uk\"},{\"@type\":\"Organization\",\"@id\":\"https:\/\/dyskontpaliwowy.pl\/uk\/#organization\",\"name\":\"Dyskont Paliwowy\",\"url\":\"https:\/\/dyskontpaliwowy.pl\/uk\/\",\"logo\":{\"@type\":\"ImageObject\",\"inLanguage\":\"uk\",\"@id\":\"https:\/\/dyskontpaliwowy.pl\/uk\/#\/schema\/logo\/image\/\",\"url\":\"https:\/\/dyskontpaliwowy.pl\/wp-content\/uploads\/2024\/08\/logo-nawigacja.svg\",\"contentUrl\":\"https:\/\/dyskontpaliwowy.pl\/wp-content\/uploads\/2024\/08\/logo-nawigacja.svg\",\"width\":1,\"height\":1,\"caption\":\"Dyskont Paliwowy\"},\"image\":{\"@id\":\"https:\/\/dyskontpaliwowy.pl\/uk\/#\/schema\/logo\/image\/\"},\"sameAs\":[\"https:\/\/www.facebook.com\/DyskontPaliwowy\/?locale=pl_PL\",\"https:\/\/www.instagram.com\/dyskontpaliwowy\/\"]}]}<\/script>\n<!-- \/ Yoast SEO plugin. -->","yoast_head_json":{"title":"\u041f\u0440\u0438\u0437\u0438 \u0442\u0430 \u043d\u0430\u0433\u043e\u0440\u043e\u0434\u0438 - Dyskont Paliwowy","robots":{"index":"index","follow":"follow","max-snippet":"max-snippet:-1","max-image-preview":"max-image-preview:large","max-video-preview":"max-video-preview:-1"},"canonical":"https:\/\/dyskontpaliwowy.pl\/uk\/%d0%bf%d1%80%d0%b8%d0%b7%d0%b8-%d1%82%d0%b0-%d0%bd%d0%b0%d0%b3%d0%be%d1%80%d0%be%d0%b4%d0%b8\/","og_locale":"uk_UA","og_type":"article","og_title":"\u041f\u0440\u0438\u0437\u0438 \u0442\u0430 \u043d\u0430\u0433\u043e\u0440\u043e\u0434\u0438 - Dyskont Paliwowy","og_description":"Lorem ipsum dolor sit amet Lorem ipsum dolor sit amet, consectetur adipiscing elit. Ut elit tellus, luctus nec ullamcorper mattis,...","og_url":"https:\/\/dyskontpaliwowy.pl\/uk\/%d0%bf%d1%80%d0%b8%d0%b7%d0%b8-%d1%82%d0%b0-%d0%bd%d0%b0%d0%b3%d0%be%d1%80%d0%be%d0%b4%d0%b8\/","og_site_name":"Dyskont Paliwowy","article_publisher":"https:\/\/www.facebook.com\/DyskontPaliwowy\/?locale=pl_PL","article_modified_time":"2024-12-09T07:54:21+00:00","og_image":[{"width":112,"height":112,"url":"https:\/\/dyskontpaliwowy.pl\/wp-content\/uploads\/2024\/08\/arrow.png","type":"image\/png"}],"twitter_card":"summary_large_image","schema":{"@context":"https:\/\/schema.org","@graph":[{"@type":"WebPage","@id":"https:\/\/dyskontpaliwowy.pl\/uk\/%d0%bf%d1%80%d0%b8%d0%b7%d0%b8-%d1%82%d0%b0-%d0%bd%d0%b0%d0%b3%d0%be%d1%80%d0%be%d0%b4%d0%b8\/","url":"https:\/\/dyskontpaliwowy.pl\/uk\/%d0%bf%d1%80%d0%b8%d0%b7%d0%b8-%d1%82%d0%b0-%d0%bd%d0%b0%d0%b3%d0%be%d1%80%d0%be%d0%b4%d0%b8\/","name":"\u041f\u0440\u0438\u0437\u0438 \u0442\u0430 \u043d\u0430\u0433\u043e\u0440\u043e\u0434\u0438 - Dyskont Paliwowy","isPartOf":{"@id":"https:\/\/dyskontpaliwowy.pl\/uk\/#website"},"primaryImageOfPage":{"@id":"https:\/\/dyskontpaliwowy.pl\/uk\/%d0%bf%d1%80%d0%b8%d0%b7%d0%b8-%d1%82%d0%b0-%d0%bd%d0%b0%d0%b3%d0%be%d1%80%d0%be%d0%b4%d0%b8\/#primaryimage"},"image":{"@id":"https:\/\/dyskontpaliwowy.pl\/uk\/%d0%bf%d1%80%d0%b8%d0%b7%d0%b8-%d1%82%d0%b0-%d0%bd%d0%b0%d0%b3%d0%be%d1%80%d0%be%d0%b4%d0%b8\/#primaryimage"},"thumbnailUrl":"https:\/\/dyskontpaliwowy.pl\/wp-content\/uploads\/2024\/08\/arrow.png","datePublished":"2024-08-20T07:28:35+00:00","dateModified":"2024-12-09T07:54:21+00:00","breadcrumb":{"@id":"https:\/\/dyskontpaliwowy.pl\/uk\/%d0%bf%d1%80%d0%b8%d0%b7%d0%b8-%d1%82%d0%b0-%d0%bd%d0%b0%d0%b3%d0%be%d1%80%d0%be%d0%b4%d0%b8\/#breadcrumb"},"inLanguage":"uk","potentialAction":[{"@type":"ReadAction","target":["https:\/\/dyskontpaliwowy.pl\/uk\/%d0%bf%d1%80%d0%b8%d0%b7%d0%b8-%d1%82%d0%b0-%d0%bd%d0%b0%d0%b3%d0%be%d1%80%d0%be%d0%b4%d0%b8\/"]}]},{"@type":"ImageObject","inLanguage":"uk","@id":"https:\/\/dyskontpaliwowy.pl\/uk\/%d0%bf%d1%80%d0%b8%d0%b7%d0%b8-%d1%82%d0%b0-%d0%bd%d0%b0%d0%b3%d0%be%d1%80%d0%be%d0%b4%d0%b8\/#primaryimage","url":"https:\/\/dyskontpaliwowy.pl\/wp-content\/uploads\/2024\/08\/arrow.png","contentUrl":"https:\/\/dyskontpaliwowy.pl\/wp-content\/uploads\/2024\/08\/arrow.png"},{"@type":"BreadcrumbList","@id":"https:\/\/dyskontpaliwowy.pl\/uk\/%d0%bf%d1%80%d0%b8%d0%b7%d0%b8-%d1%82%d0%b0-%d0%bd%d0%b0%d0%b3%d0%be%d1%80%d0%be%d0%b4%d0%b8\/#breadcrumb","itemListElement":[{"@type":"ListItem","position":1,"name":"\u0413\u043e\u043b\u043e\u0432\u043d\u0430 \u0441\u0442\u043e\u0440\u0456\u043d\u043a\u0430","item":"https:\/\/dyskontpaliwowy.pl\/uk\/"},{"@type":"ListItem","position":2,"name":"\u041f\u0440\u0438\u0437\u0438 \u0442\u0430 \u043d\u0430\u0433\u043e\u0440\u043e\u0434\u0438"}]},{"@type":"WebSite","@id":"https:\/\/dyskontpaliwowy.pl\/uk\/#website","url":"https:\/\/dyskontpaliwowy.pl\/uk\/","name":"Dyskont Paliwowy DP","description":"Komfort, jako\u015b\u0107 i oszcz\u0119dno\u015b\u0107 w trasie. Tankowanie, Bistro DP, myjnie i parkingi TIR \u2013 wszystko, czego potrzebujesz w podr\u00f3\u017cy!","publisher":{"@id":"https:\/\/dyskontpaliwowy.pl\/uk\/#organization"},"potentialAction":[{"@type":"SearchAction","target":{"@type":"EntryPoint","urlTemplate":"https:\/\/dyskontpaliwowy.pl\/uk\/?s={search_term_string}"},"query-input":{"@type":"PropertyValueSpecification","valueRequired":true,"valueName":"search_term_string"}}],"inLanguage":"uk"},{"@type":"Organization","@id":"https:\/\/dyskontpaliwowy.pl\/uk\/#organization","name":"Dyskont Paliwowy","url":"https:\/\/dyskontpaliwowy.pl\/uk\/","logo":{"@type":"ImageObject","inLanguage":"uk","@id":"https:\/\/dyskontpaliwowy.pl\/uk\/#\/schema\/logo\/image\/","url":"https:\/\/dyskontpaliwowy.pl\/wp-content\/uploads\/2024\/08\/logo-nawigacja.svg","contentUrl":"https:\/\/dyskontpaliwowy.pl\/wp-content\/uploads\/2024\/08\/logo-nawigacja.svg","width":1,"height":1,"caption":"Dyskont Paliwowy"},"image":{"@id":"https:\/\/dyskontpaliwowy.pl\/uk\/#\/schema\/logo\/image\/"},"sameAs":["https:\/\/www.facebook.com\/DyskontPaliwowy\/?locale=pl_PL","https:\/\/www.instagram.com\/dyskontpaliwowy\/"]}]}},"_links":{"self":[{"href":"https:\/\/dyskontpaliwowy.pl\/uk\/wp-json\/wp\/v2\/pages\/4920","targetHints":{"allow":["GET"]}}],"collection":[{"href":"https:\/\/dyskontpaliwowy.pl\/uk\/wp-json\/wp\/v2\/pages"}],"about":[{"href":"https:\/\/dyskontpaliwowy.pl\/uk\/wp-json\/wp\/v2\/types\/page"}],"author":[{"embeddable":true,"href":"https:\/\/dyskontpaliwowy.pl\/uk\/wp-json\/wp\/v2\/users\/1"}],"replies":[{"embeddable":true,"href":"https:\/\/dyskontpaliwowy.pl\/uk\/wp-json\/wp\/v2\/comments?post=4920"}],"version-history":[{"count":1,"href":"https:\/\/dyskontpaliwowy.pl\/uk\/wp-json\/wp\/v2\/pages\/4920\/revisions"}],"predecessor-version":[{"id":4921,"href":"https:\/\/dyskontpaliwowy.pl\/uk\/wp-json\/wp\/v2\/pages\/4920\/revisions\/4921"}],"wp:attachment":[{"href":"https:\/\/dyskontpaliwowy.pl\/uk\/wp-json\/wp\/v2\/media?parent=4920"}],"curies":[{"name":"wp","href":"https:\/\/api.w.org\/{rel}","templated":true}]}}