{"id":4904,"date":"2024-08-20T09:28:22","date_gmt":"2024-08-20T07:28:22","guid":{"rendered":"https:\/\/dyskontpaliwowy.pl\/%d0%bf%d1%80%d0%be-%d0%b1%d1%80%d0%b5%d0%bd%d0%b4\/"},"modified":"2024-12-16T11:04:13","modified_gmt":"2024-12-16T10:04:13","slug":"%d0%bf%d1%80%d0%be-%d0%b1%d1%80%d0%b5%d0%bd%d0%b4","status":"publish","type":"page","link":"https:\/\/dyskontpaliwowy.pl\/uk\/%d0%bf%d1%80%d0%be-%d0%b1%d1%80%d0%b5%d0%bd%d0%b4\/","title":{"rendered":"\u041f\u0440\u043e \u0431\u0440\u0435\u043d\u0434"},"content":{"rendered":"\t\t<div data-elementor-type=\"wp-page\" data-elementor-id=\"4904\" class=\"elementor elementor-4904 elementor-43\">\n\t\t\t\t\t\t<section class=\"elementor-section elementor-top-section elementor-element elementor-element-5b02835 elementor-section-stretched elementor-section-boxed elementor-section-height-default elementor-section-height-default tm-col-stretched-none tm-bg-color-over-image elementor-invisible\" data-id=\"5b02835\" data-element_type=\"section\" data-settings=\"{&quot;stretch_section&quot;:&quot;section-stretched&quot;,&quot;animation&quot;:&quot;fadeIn&quot;,&quot;animation_delay&quot;:500}\">\n\t\t\t\t\t\t<div class=\"elementor-container elementor-column-gap-extended\">\n\t\t\t\t\t<div class=\"elementor-column elementor-col-50 elementor-top-column elementor-element elementor-element-f168798 tm-bg-color-over-image elementor-invisible\" data-id=\"f168798\" data-element_type=\"column\" data-settings=\"{&quot;animation&quot;:&quot;fadeInLeft&quot;,&quot;animation_delay&quot;:500}\">\n\t\t\t<div class=\"elementor-widget-wrap elementor-element-populated\">\n\t\t\t\t\t\t<div class=\"elementor-element elementor-element-e49ff08 horizontal-line-align-left vertical-line-align-bottom elementor-widget elementor-widget-tm-ele-section-title\" data-id=\"e49ff08\" data-element_type=\"widget\" data-widget_type=\"tm-ele-section-title.default\">\n\t\t\t\t<div class=\"elementor-widget-container\">\n\t\t\t<div class=\"tm-sc-section-title section-title \">\r\n\t<div class=\"title-wrapper\">\r\n\t\t\t\t\t\t<h6 class=\"subtitle \">\r\n\r\n\t\t\r\n\t\t\u043f\u0440\u043e \u043d\u0430\u0441.\t<\/h6>\r\n\t\t\t\t<h2 class=\"title \">\r\n\r\n\t\t\r\n\t\t\t\t<span class=\"title-part1 \">\u041c\u0438 \u0437 \u0432\u0430\u043c\u0438 \u0432\u0456\u0434\u0442\u043e\u0434\u0456, \u044f\u043a<\/span>\r\n\t\t\t\t\r\n\t\t\t\t\t<span class=\"elementor-repeater-item-3048219\">11 \u0440\u043e\u043a\u0456\u0432<\/span>\r\n\t\t\r\n\t<\/h2>\r\n\t<div class=\"title-seperator-line\"><\/div>\t\t\t\t\t\t<\/div>\r\n<\/div>\t\t<\/div>\n\t\t\t\t<\/div>\n\t\t\t\t<div class=\"elementor-element elementor-element-314ea72 elementor-widget elementor-widget-tm-ele-text-editor\" data-id=\"314ea72\" data-element_type=\"widget\" data-widget_type=\"tm-ele-text-editor.default\">\n\t\t\t\t<div class=\"elementor-widget-container\">\n\t\t\t\t\t<div class=\"tm-text-editor\">\r\n\t\t<h4>\u0441\u0443\u0447\u0430\u0441\u043d\u0456 \u0430\u0432\u0442\u043e\u0437\u0430\u043f\u0440\u0430\u0432\u043d\u0456 \u043a\u043e\u043c\u043f\u043b\u0435\u043a\u0441\u0438<\/h4>\t\t<\/div>\r\n\t\t\t<\/div>\n\t\t\t\t<\/div>\n\t\t\t\t<div class=\"elementor-element elementor-element-7f83034 elementor-widget elementor-widget-tm-ele-text-editor\" data-id=\"7f83034\" data-element_type=\"widget\" data-widget_type=\"tm-ele-text-editor.default\">\n\t\t\t\t<div class=\"elementor-widget-container\">\n\t\t\t\t\t<div class=\"tm-text-editor\">\r\n\t\t<p>Dyskont Paliwowy - \u0446\u0435 \u0431\u0440\u0435\u043d\u0434 \u0430\u0432\u0442\u043e\u0437\u0430\u043f\u0440\u0430\u0432\u043d\u0438\u0445 \u0441\u0442\u0430\u043d\u0446\u0456\u0439, \u0441\u0442\u0432\u043e\u0440\u0435\u043d\u0438\u0439 \u043a\u043e\u043c\u043f\u0430\u043d\u0456\u0454\u044e Citronex. \u041f\u0435\u0440\u0448\u0430 \u0441\u0442\u0430\u043d\u0446\u0456\u044f \u043f\u0456\u0434 \u0446\u0456\u0454\u044e \u043d\u0430\u0437\u0432\u043e\u044e \u0431\u0443\u043b\u0430 \u0432\u0456\u0434\u043a\u0440\u0438\u0442\u0430 \u0432 \u0417\u0433\u043e\u0436\u0435\u043b\u044c\u0446\u0456 \u0432 2013 \u0440\u043e\u0446\u0456. \u0412\u0456\u0434\u0442\u043e\u0434\u0456 \u043c\u0438 \u0434\u0438\u043d\u0430\u043c\u0456\u0447\u043d\u043e \u0440\u043e\u0437\u0432\u0438\u0432\u0430\u0454\u043c\u043e\u0441\u044f, \u0432\u0456\u0434\u043a\u0440\u0438\u0432\u0430\u044e\u0447\u0438 \u043d\u043e\u0432\u0456 \u043e\u0431'\u0454\u043a\u0442\u0438 \u0432 \u0442\u0430\u043a\u0438\u0445 \u043a\u043b\u044e\u0447\u043e\u0432\u0438\u0445 \u043c\u0456\u0441\u0442\u0430\u0445, \u044f\u043a \u041b\u0438\u043f\u044f\u043d\u0438, \u0421\u0454\u0445\u043d\u0456\u0446\u0435, \u0421\u0442\u043e\u043a, \u0406\u043b\u043e\u0432\u0430 \u0442\u0430 \u0412\u0440\u043e\u0446\u043b\u0430\u0432\u0441\u044c\u043a\u0456 \u041a\u043e\u043d\u044c\u043a\u0438. \u0423 2019 \u0440\u043e\u0446\u0456 \u043c\u0438 \u0437\u0430\u043f\u0443\u0441\u0442\u0438\u043b\u0438 \u043d\u0430\u0439\u0431\u0456\u043b\u044c\u0448\u0438\u0439 \u0443 \u041f\u043e\u043b\u044c\u0449\u0456 \u043f\u0430\u043b\u0438\u0432\u043d\u0438\u0439 \u0434\u0438\u0441\u043a\u043e\u043d\u0442, \u0442\u0430\u043a\u043e\u0436 \u0443 \u0417\u0433\u043e\u0436\u0435\u043b\u044c\u0446\u0456. \u0417\u0430\u0440\u0430\u0437 \u043c\u0435\u0440\u0435\u0436\u0430 \u043d\u0430\u043b\u0456\u0447\u0443\u0454 <strong>13 \u0441\u0442\u0430\u043d\u0446\u0456\u0439<\/strong>, \u0440\u043e\u0437\u0442\u0430\u0448\u043e\u0432\u0430\u043d\u0438\u0445 \u0443 \u0441\u0442\u0440\u0430\u0442\u0435\u0433\u0456\u0447\u043d\u0438\u0445 \u0442\u043e\u0447\u043a\u0430\u0445 \u043f\u043e \u0432\u0441\u0456\u0439 \u041f\u043e\u043b\u044c\u0449\u0456, \u0432 \u0442\u043e\u043c\u0443 \u0447\u0438\u0441\u043b\u0456 \u043d\u0430 \u043f\u0456\u0432\u0434\u0435\u043d\u043d\u043e\u043c\u0443 \u043a\u043e\u0440\u0434\u043e\u043d\u0456 \u0432 <strong>\u0413\u043e\u0436\u0438\u0447\u043a\u0430\u0445<\/strong> \u0442\u0430 \u043d\u0430 \u043f\u0456\u0432\u043d\u043e\u0447\u0456 \u0432 <strong>\u041a\u043e\u043f\u0438\u0442\u043a\u043e\u0432\u0456<\/strong>, \u0437\u0430\u0431\u0435\u0437\u043f\u0435\u0447\u0443\u044e\u0447\u0438 \u0432\u043e\u0434\u0456\u044f\u043c \u0437\u0440\u0443\u0447\u043d\u0438\u0439 \u0434\u043e\u0441\u0442\u0443\u043f \u0434\u043e \u043f\u0430\u043b\u044c\u043d\u043e\u0433\u043e \u0442\u0430 \u043f\u043e\u0441\u043b\u0443\u0433 \u043d\u0430 \u043a\u043b\u044e\u0447\u043e\u0432\u0438\u0445 \u0442\u0440\u0430\u043d\u0441\u043f\u043e\u0440\u0442\u043d\u0438\u0445 \u043c\u0430\u0440\u0448\u0440\u0443\u0442\u0430\u0445.    <\/p>\t\t<\/div>\r\n\t\t\t<\/div>\n\t\t\t\t<\/div>\n\t\t\t\t\t<\/div>\n\t\t<\/div>\n\t\t\t\t<div class=\"elementor-column elementor-col-50 elementor-top-column elementor-element elementor-element-24acafa tm-bg-color-over-image elementor-invisible\" data-id=\"24acafa\" data-element_type=\"column\" data-settings=\"{&quot;animation&quot;:&quot;fadeInRight&quot;,&quot;animation_delay&quot;:500}\">\n\t\t\t<div class=\"elementor-widget-wrap elementor-element-populated\">\n\t\t\t\t\t\t<div class=\"elementor-element elementor-element-9adfb71 elementor-widget__width-initial elementor-widget-tablet__width-auto elementor-widget-mobile__width-auto elementor-widget elementor-widget-tm-ele-animated-layers\" data-id=\"9adfb71\" data-element_type=\"widget\" data-widget_type=\"tm-ele-animated-layers.default\">\n\t\t\t\t<div class=\"elementor-widget-container\">\n\t\t\t\t\t<div class=\"tm-sc-animated-layer-advanced \">\r\n\t\t\t<div class=\"animated-layer-advanced-inner clearfix\">\r\n\t\r\n<div class=\"layer-image-wrapper layer-image  elementor-repeater-item-8c748c4\" style=\"\">\r\n\t<div class=\"layer-inner layer-image  \">\r\n\t\t<div class=\"layer-image-inner-wrapper image-hover-effect-shine\">\r\n\t\t\t<img fetchpriority=\"high\" decoding=\"async\" class=\"\" src=\"https:\/\/dyskontpaliwowy.pl\/wp-content\/uploads\/2024\/10\/zdj-o-marce-01.jpg\" width=\"439\" height=\"619\" alt=\"Image\">\r\n\t\t<\/div>\r\n\t<\/div>\r\n<\/div>\r\n\t\t\t<\/div>\r\n\t\t\t<div class=\"clearfix\"><\/div>\r\n\t\t<\/div>\r\n\t\t\t<\/div>\n\t\t\t\t<\/div>\n\t\t\t\t\t<\/div>\n\t\t<\/div>\n\t\t\t\t\t<\/div>\n\t\t<\/section>\n\t\t\t\t<section class=\"elementor-section elementor-top-section elementor-element elementor-element-6c7e60c elementor-section-stretched elementor-reverse-tablet elementor-reverse-mobile elementor-section-boxed elementor-section-height-default elementor-section-height-default tm-col-stretched-none tm-bg-color-over-image elementor-invisible\" data-id=\"6c7e60c\" data-element_type=\"section\" data-settings=\"{&quot;stretch_section&quot;:&quot;section-stretched&quot;,&quot;animation&quot;:&quot;fadeIn&quot;,&quot;animation_delay&quot;:500}\">\n\t\t\t\t\t\t<div class=\"elementor-container elementor-column-gap-extended\">\n\t\t\t\t\t<div class=\"elementor-column elementor-col-50 elementor-top-column elementor-element elementor-element-6148950 tm-bg-color-over-image elementor-invisible\" data-id=\"6148950\" data-element_type=\"column\" data-settings=\"{&quot;animation&quot;:&quot;fadeInLeft&quot;,&quot;animation_delay&quot;:500}\">\n\t\t\t<div class=\"elementor-widget-wrap elementor-element-populated\">\n\t\t\t\t\t\t<div class=\"elementor-element elementor-element-3c1736d elementor-widget__width-initial elementor-widget-tablet__width-auto elementor-widget-mobile__width-auto elementor-widget elementor-widget-tm-ele-animated-layers\" data-id=\"3c1736d\" data-element_type=\"widget\" data-widget_type=\"tm-ele-animated-layers.default\">\n\t\t\t\t<div class=\"elementor-widget-container\">\n\t\t\t\t\t<div class=\"tm-sc-animated-layer-advanced \">\r\n\t\t\t<div class=\"animated-layer-advanced-inner clearfix\">\r\n\t\r\n<div class=\"layer-image-wrapper layer-image  elementor-repeater-item-8c748c4\" style=\"\">\r\n\t<div class=\"layer-inner layer-image  \">\r\n\t\t<div class=\"layer-image-inner-wrapper image-hover-effect-shine\">\r\n\t\t\t<img decoding=\"async\" class=\"\" src=\"https:\/\/dyskontpaliwowy.pl\/wp-content\/uploads\/2024\/10\/zdj-o-marce-02-1.jpg\" width=\"439\" height=\"619\" alt=\"Image\">\r\n\t\t<\/div>\r\n\t<\/div>\r\n<\/div>\r\n\t\t\t<\/div>\r\n\t\t\t<div class=\"clearfix\"><\/div>\r\n\t\t<\/div>\r\n\t\t\t<\/div>\n\t\t\t\t<\/div>\n\t\t\t\t\t<\/div>\n\t\t<\/div>\n\t\t\t\t<div class=\"elementor-column elementor-col-50 elementor-top-column elementor-element elementor-element-e2cb233 tm-bg-color-over-image elementor-invisible\" data-id=\"e2cb233\" data-element_type=\"column\" data-settings=\"{&quot;animation&quot;:&quot;fadeInRight&quot;,&quot;animation_delay&quot;:500}\">\n\t\t\t<div class=\"elementor-widget-wrap elementor-element-populated\">\n\t\t\t\t\t\t<div class=\"elementor-element elementor-element-127a7c0 horizontal-line-align-left vertical-line-align-bottom elementor-widget elementor-widget-tm-ele-section-title\" data-id=\"127a7c0\" data-element_type=\"widget\" data-widget_type=\"tm-ele-section-title.default\">\n\t\t\t\t<div class=\"elementor-widget-container\">\n\t\t\t<div class=\"tm-sc-section-title section-title \">\r\n\t<div class=\"title-wrapper\">\r\n\t\t\t\t\t\t\t\t<h2 class=\"title \">\r\n\r\n\t\t\r\n\t\t\t\t<span class=\"title-part1 \">\u041d\u0430\u0433\u043e\u0440\u043e\u0434\u0438 \u0442\u0430  <\/span>\r\n\t\t\t\t\r\n\t\t\t\t\t<span class=\"elementor-repeater-item-3048219\">\u043d\u0430\u0433\u043e\u0440\u043e\u0434\u0438<\/span>\r\n\t\t\r\n\t<\/h2>\r\n\t<div class=\"title-seperator-line\"><\/div>\t\t\t\t\t\t<\/div>\r\n<\/div>\t\t<\/div>\n\t\t\t\t<\/div>\n\t\t\t\t<div class=\"elementor-element elementor-element-90e87f2 elementor-widget elementor-widget-tm-ele-text-editor\" data-id=\"90e87f2\" data-element_type=\"widget\" data-widget_type=\"tm-ele-text-editor.default\">\n\t\t\t\t<div class=\"elementor-widget-container\">\n\t\t\t\t\t<div class=\"tm-text-editor\">\r\n\t\t<h4>\u0411\u0410\u0413\u0410\u0422\u041e\u0420\u0410\u0417\u041e\u0412\u0406 \u0427\u0415\u041c\u041f\u0406\u041e\u041d\u0421\u042c\u041a\u0406 \u0417\u0410\u041f\u0420\u0410\u0412\u041a\u0418<\/h4>\t\t<\/div>\r\n\t\t\t<\/div>\n\t\t\t\t<\/div>\n\t\t\t\t<div class=\"elementor-element elementor-element-7be145d elementor-widget elementor-widget-tm-ele-text-editor\" data-id=\"7be145d\" data-element_type=\"widget\" data-widget_type=\"tm-ele-text-editor.default\">\n\t\t\t\t<div class=\"elementor-widget-container\">\n\t\t\t\t\t<div class=\"tm-text-editor\">\r\n\t\t<p>Citronex Fuel Discount \u043e\u0442\u0440\u0438\u043c\u0430\u043b\u0430 \u0432\u0438\u0437\u043d\u0430\u043d\u043d\u044f \u043d\u0430 \u0433\u0430\u043b\u0443\u0437\u0435\u0432\u043e\u043c\u0443 \u0444\u043e\u0440\u0443\u043c\u0456 PetroTrend, \u0437\u0434\u043e\u0431\u0443\u0432\u0448\u0438 \u043d\u0430\u0433\u043e\u0440\u043e\u0434\u0438 \u0442\u0430 \u0432\u0456\u0434\u0437\u043d\u0430\u043a\u0438 \u0443 \u043f\u0440\u0435\u0441\u0442\u0438\u0436\u043d\u043e\u043c\u0443 \u043a\u043e\u043d\u043a\u0443\u0440\u0441\u0456 \"\u0410\u0417\u0421 \u0440\u043e\u043a\u0443\"\". \u0423 2020 \u0440\u043e\u0446\u0456 \u0410\u0417\u0421 \u0443 \u0417\u0433\u043e\u0436\u0435\u043b\u044c\u0446\u0456 \u043e\u0442\u0440\u0438\u043c\u0430\u043b\u0430 \u043d\u0430\u0433\u043e\u0440\u043e\u0434\u0443 \u0432 \u043d\u043e\u043c\u0456\u043d\u0430\u0446\u0456\u0457 <strong>\"\u041d\u0435\u0437\u0430\u043b\u0435\u0436\u043d\u0430 \u0410\u0417\u0421<\/strong> \" \u0442\u0430 \u043f\u0435\u0440\u0435\u043c\u043e\u0433\u0443 \u0432 \u043a\u0430\u0442\u0435\u0433\u043e\u0440\u0456\u0457 <strong>\"\u041d\u043e\u0432\u0438\u0439 \u043e\u0431'\u0454\u043a\u0442\"<\/strong>, \u0449\u043e \u0434\u043e\u0437\u0432\u043e\u043b\u0438\u043b\u043e Citronex \u0437\u0430\u044f\u0432\u0438\u0442\u0438 \u043f\u0440\u043e \u0441\u0435\u0431\u0435 \u044f\u043a \u043f\u0440\u043e \u043e\u0434\u043d\u043e\u0433\u043e \u0437 \u043b\u0456\u0434\u0435\u0440\u0456\u0432 \u043f\u043e\u043b\u044c\u0441\u044c\u043a\u043e\u0433\u043e \u043f\u0430\u043b\u0438\u0432\u043d\u043e\u0433\u043e \u0440\u0438\u043d\u043a\u0443.   <\/p><p>\u0423 2022 \u0440\u043e\u0446\u0456 \u0410\u0417\u0421 \u0443 \u041a\u043e\u043d\u044c\u044f\u0445 \u0412\u0440\u043e\u0446\u043b\u0430\u0432\u0441\u044c\u043a\u0438\u0445 \u0437\u0434\u043e\u0431\u0443\u043b\u0430 \u0447\u0435\u0440\u0433\u043e\u0432\u0456 \u043d\u0430\u0433\u043e\u0440\u043e\u0434\u0438 PetroTrend, \u043f\u0435\u0440\u0435\u043c\u0456\u0433\u0448\u0438 \u0432 \u043a\u0430\u0442\u0435\u0433\u043e\u0440\u0456\u0457 <strong>\"\u041c\u0430\u0433\u0430\u0437\u0438\u043d \u043d\u0430 \u0410\u0417\u0421<\/strong> \" \u0442\u0430 \u0432\u0438\u0439\u0448\u043e\u0432\u0448\u0438 \u0443 \u0444\u0456\u043d\u0430\u043b \u0432 \u0456\u043d\u0448\u0438\u0445 \u043a\u0430\u0442\u0435\u0433\u043e\u0440\u0456\u044f\u0445.<\/p>\t\t<\/div>\r\n\t\t\t<\/div>\n\t\t\t\t<\/div>\n\t\t\t\t\t<\/div>\n\t\t<\/div>\n\t\t\t\t\t<\/div>\n\t\t<\/section>\n\t\t\t\t<\/div>\n\t\t","protected":false},"excerpt":{"rendered":"<p>\u043f\u0440\u043e \u043d\u0430\u0441. \u041c\u0438 \u0437 \u0432\u0430\u043c\u0438 \u0432\u0456\u0434\u0442\u043e\u0434\u0456, \u044f\u043a 11 \u0440\u043e\u043a\u0456\u0432 \u0441\u0443\u0447\u0430\u0441\u043d\u0456 \u0430\u0432\u0442\u043e\u0437\u0430\u043f\u0440\u0430\u0432\u043d\u0456 \u043a\u043e\u043c\u043f\u043b\u0435\u043a\u0441\u0438 Dyskont Paliwowy &#8211; \u0446\u0435 \u0431\u0440\u0435\u043d\u0434 \u0430\u0432\u0442\u043e\u0437\u0430\u043f\u0440\u0430\u0432\u043d\u0438\u0445 \u0441\u0442\u0430\u043d\u0446\u0456\u0439, \u0441\u0442\u0432\u043e\u0440\u0435\u043d\u0438\u0439&#8230;<\/p>\n","protected":false},"author":1,"featured_media":0,"parent":0,"menu_order":0,"comment_status":"closed","ping_status":"closed","template":"","meta":{"footnotes":""},"class_list":["post-4904","page","type-page","status-publish","hentry"],"yoast_head":"<!-- This site is optimized with the Yoast SEO plugin v24.0 - https:\/\/yoast.com\/wordpress\/plugins\/seo\/ -->\n<title>\u041f\u0440\u043e \u0431\u0440\u0435\u043d\u0434 - Dyskont Paliwowy<\/title>\n<meta name=\"robots\" content=\"index, follow, max-snippet:-1, max-image-preview:large, max-video-preview:-1\" \/>\n<link rel=\"canonical\" href=\"https:\/\/dyskontpaliwowy.pl\/uk\/%d0%bf%d1%80%d0%be-%d0%b1%d1%80%d0%b5%d0%bd%d0%b4\/\" \/>\n<meta property=\"og:locale\" content=\"uk_UA\" \/>\n<meta property=\"og:type\" content=\"article\" \/>\n<meta property=\"og:title\" content=\"\u041f\u0440\u043e \u0431\u0440\u0435\u043d\u0434 - Dyskont Paliwowy\" \/>\n<meta property=\"og:description\" content=\"\u043f\u0440\u043e \u043d\u0430\u0441. \u041c\u0438 \u0437 \u0432\u0430\u043c\u0438 \u0432\u0456\u0434\u0442\u043e\u0434\u0456, \u044f\u043a 11 \u0440\u043e\u043a\u0456\u0432 \u0441\u0443\u0447\u0430\u0441\u043d\u0456 \u0430\u0432\u0442\u043e\u0437\u0430\u043f\u0440\u0430\u0432\u043d\u0456 \u043a\u043e\u043c\u043f\u043b\u0435\u043a\u0441\u0438 Dyskont Paliwowy &#8211; \u0446\u0435 \u0431\u0440\u0435\u043d\u0434 \u0430\u0432\u0442\u043e\u0437\u0430\u043f\u0440\u0430\u0432\u043d\u0438\u0445 \u0441\u0442\u0430\u043d\u0446\u0456\u0439, \u0441\u0442\u0432\u043e\u0440\u0435\u043d\u0438\u0439...\" \/>\n<meta property=\"og:url\" content=\"https:\/\/dyskontpaliwowy.pl\/uk\/%d0%bf%d1%80%d0%be-%d0%b1%d1%80%d0%b5%d0%bd%d0%b4\/\" \/>\n<meta property=\"og:site_name\" content=\"Dyskont Paliwowy\" \/>\n<meta property=\"article:publisher\" content=\"https:\/\/www.facebook.com\/DyskontPaliwowy\/?locale=pl_PL\" \/>\n<meta property=\"article:modified_time\" content=\"2024-12-16T10:04:13+00:00\" \/>\n<meta property=\"og:image\" content=\"https:\/\/dyskontpaliwowy.pl\/wp-content\/uploads\/2024\/10\/zdj-o-marce-01.jpg\" \/>\n<meta name=\"twitter:card\" content=\"summary_large_image\" \/>\n<meta name=\"twitter:label1\" content=\"\u041f\u0440\u0438\u0431\u043b. \u0447\u0430\u0441 \u0447\u0438\u0442\u0430\u043d\u043d\u044f\" \/>\n\t<meta name=\"twitter:data1\" content=\"2 \u0445\u0432\u0438\u043b\u0438\u043d\u0438\" \/>\n<script type=\"application\/ld+json\" class=\"yoast-schema-graph\">{\"@context\":\"https:\/\/schema.org\",\"@graph\":[{\"@type\":\"WebPage\",\"@id\":\"https:\/\/dyskontpaliwowy.pl\/uk\/%d0%bf%d1%80%d0%be-%d0%b1%d1%80%d0%b5%d0%bd%d0%b4\/\",\"url\":\"https:\/\/dyskontpaliwowy.pl\/uk\/%d0%bf%d1%80%d0%be-%d0%b1%d1%80%d0%b5%d0%bd%d0%b4\/\",\"name\":\"\u041f\u0440\u043e \u0431\u0440\u0435\u043d\u0434 - Dyskont Paliwowy\",\"isPartOf\":{\"@id\":\"https:\/\/dyskontpaliwowy.pl\/uk\/#website\"},\"primaryImageOfPage\":{\"@id\":\"https:\/\/dyskontpaliwowy.pl\/uk\/%d0%bf%d1%80%d0%be-%d0%b1%d1%80%d0%b5%d0%bd%d0%b4\/#primaryimage\"},\"image\":{\"@id\":\"https:\/\/dyskontpaliwowy.pl\/uk\/%d0%bf%d1%80%d0%be-%d0%b1%d1%80%d0%b5%d0%bd%d0%b4\/#primaryimage\"},\"thumbnailUrl\":\"https:\/\/dyskontpaliwowy.pl\/wp-content\/uploads\/2024\/10\/zdj-o-marce-01.jpg\",\"datePublished\":\"2024-08-20T07:28:22+00:00\",\"dateModified\":\"2024-12-16T10:04:13+00:00\",\"breadcrumb\":{\"@id\":\"https:\/\/dyskontpaliwowy.pl\/uk\/%d0%bf%d1%80%d0%be-%d0%b1%d1%80%d0%b5%d0%bd%d0%b4\/#breadcrumb\"},\"inLanguage\":\"uk\",\"potentialAction\":[{\"@type\":\"ReadAction\",\"target\":[\"https:\/\/dyskontpaliwowy.pl\/uk\/%d0%bf%d1%80%d0%be-%d0%b1%d1%80%d0%b5%d0%bd%d0%b4\/\"]}]},{\"@type\":\"ImageObject\",\"inLanguage\":\"uk\",\"@id\":\"https:\/\/dyskontpaliwowy.pl\/uk\/%d0%bf%d1%80%d0%be-%d0%b1%d1%80%d0%b5%d0%bd%d0%b4\/#primaryimage\",\"url\":\"https:\/\/dyskontpaliwowy.pl\/wp-content\/uploads\/2024\/10\/zdj-o-marce-01.jpg\",\"contentUrl\":\"https:\/\/dyskontpaliwowy.pl\/wp-content\/uploads\/2024\/10\/zdj-o-marce-01.jpg\"},{\"@type\":\"BreadcrumbList\",\"@id\":\"https:\/\/dyskontpaliwowy.pl\/uk\/%d0%bf%d1%80%d0%be-%d0%b1%d1%80%d0%b5%d0%bd%d0%b4\/#breadcrumb\",\"itemListElement\":[{\"@type\":\"ListItem\",\"position\":1,\"name\":\"\u0413\u043e\u043b\u043e\u0432\u043d\u0430 \u0441\u0442\u043e\u0440\u0456\u043d\u043a\u0430\",\"item\":\"https:\/\/dyskontpaliwowy.pl\/uk\/\"},{\"@type\":\"ListItem\",\"position\":2,\"name\":\"\u041f\u0440\u043e \u0431\u0440\u0435\u043d\u0434\"}]},{\"@type\":\"WebSite\",\"@id\":\"https:\/\/dyskontpaliwowy.pl\/uk\/#website\",\"url\":\"https:\/\/dyskontpaliwowy.pl\/uk\/\",\"name\":\"Dyskont Paliwowy DP\",\"description\":\"Komfort, jako\u015b\u0107 i oszcz\u0119dno\u015b\u0107 w trasie. Tankowanie, Bistro DP, myjnie i parkingi TIR \u2013 wszystko, czego potrzebujesz w podr\u00f3\u017cy!\",\"publisher\":{\"@id\":\"https:\/\/dyskontpaliwowy.pl\/uk\/#organization\"},\"potentialAction\":[{\"@type\":\"SearchAction\",\"target\":{\"@type\":\"EntryPoint\",\"urlTemplate\":\"https:\/\/dyskontpaliwowy.pl\/uk\/?s={search_term_string}\"},\"query-input\":{\"@type\":\"PropertyValueSpecification\",\"valueRequired\":true,\"valueName\":\"search_term_string\"}}],\"inLanguage\":\"uk\"},{\"@type\":\"Organization\",\"@id\":\"https:\/\/dyskontpaliwowy.pl\/uk\/#organization\",\"name\":\"Dyskont Paliwowy\",\"url\":\"https:\/\/dyskontpaliwowy.pl\/uk\/\",\"logo\":{\"@type\":\"ImageObject\",\"inLanguage\":\"uk\",\"@id\":\"https:\/\/dyskontpaliwowy.pl\/uk\/#\/schema\/logo\/image\/\",\"url\":\"https:\/\/dyskontpaliwowy.pl\/wp-content\/uploads\/2024\/08\/logo-nawigacja.svg\",\"contentUrl\":\"https:\/\/dyskontpaliwowy.pl\/wp-content\/uploads\/2024\/08\/logo-nawigacja.svg\",\"width\":1,\"height\":1,\"caption\":\"Dyskont Paliwowy\"},\"image\":{\"@id\":\"https:\/\/dyskontpaliwowy.pl\/uk\/#\/schema\/logo\/image\/\"},\"sameAs\":[\"https:\/\/www.facebook.com\/DyskontPaliwowy\/?locale=pl_PL\",\"https:\/\/www.instagram.com\/dyskontpaliwowy\/\"]}]}<\/script>\n<!-- \/ Yoast SEO plugin. -->","yoast_head_json":{"title":"\u041f\u0440\u043e \u0431\u0440\u0435\u043d\u0434 - Dyskont Paliwowy","robots":{"index":"index","follow":"follow","max-snippet":"max-snippet:-1","max-image-preview":"max-image-preview:large","max-video-preview":"max-video-preview:-1"},"canonical":"https:\/\/dyskontpaliwowy.pl\/uk\/%d0%bf%d1%80%d0%be-%d0%b1%d1%80%d0%b5%d0%bd%d0%b4\/","og_locale":"uk_UA","og_type":"article","og_title":"\u041f\u0440\u043e \u0431\u0440\u0435\u043d\u0434 - Dyskont Paliwowy","og_description":"\u043f\u0440\u043e \u043d\u0430\u0441. \u041c\u0438 \u0437 \u0432\u0430\u043c\u0438 \u0432\u0456\u0434\u0442\u043e\u0434\u0456, \u044f\u043a 11 \u0440\u043e\u043a\u0456\u0432 \u0441\u0443\u0447\u0430\u0441\u043d\u0456 \u0430\u0432\u0442\u043e\u0437\u0430\u043f\u0440\u0430\u0432\u043d\u0456 \u043a\u043e\u043c\u043f\u043b\u0435\u043a\u0441\u0438 Dyskont Paliwowy &#8211; \u0446\u0435 \u0431\u0440\u0435\u043d\u0434 \u0430\u0432\u0442\u043e\u0437\u0430\u043f\u0440\u0430\u0432\u043d\u0438\u0445 \u0441\u0442\u0430\u043d\u0446\u0456\u0439, \u0441\u0442\u0432\u043e\u0440\u0435\u043d\u0438\u0439...","og_url":"https:\/\/dyskontpaliwowy.pl\/uk\/%d0%bf%d1%80%d0%be-%d0%b1%d1%80%d0%b5%d0%bd%d0%b4\/","og_site_name":"Dyskont Paliwowy","article_publisher":"https:\/\/www.facebook.com\/DyskontPaliwowy\/?locale=pl_PL","article_modified_time":"2024-12-16T10:04:13+00:00","og_image":[{"url":"https:\/\/dyskontpaliwowy.pl\/wp-content\/uploads\/2024\/10\/zdj-o-marce-01.jpg","type":"","width":"","height":""}],"twitter_card":"summary_large_image","twitter_misc":{"\u041f\u0440\u0438\u0431\u043b. \u0447\u0430\u0441 \u0447\u0438\u0442\u0430\u043d\u043d\u044f":"2 \u0445\u0432\u0438\u043b\u0438\u043d\u0438"},"schema":{"@context":"https:\/\/schema.org","@graph":[{"@type":"WebPage","@id":"https:\/\/dyskontpaliwowy.pl\/uk\/%d0%bf%d1%80%d0%be-%d0%b1%d1%80%d0%b5%d0%bd%d0%b4\/","url":"https:\/\/dyskontpaliwowy.pl\/uk\/%d0%bf%d1%80%d0%be-%d0%b1%d1%80%d0%b5%d0%bd%d0%b4\/","name":"\u041f\u0440\u043e \u0431\u0440\u0435\u043d\u0434 - Dyskont Paliwowy","isPartOf":{"@id":"https:\/\/dyskontpaliwowy.pl\/uk\/#website"},"primaryImageOfPage":{"@id":"https:\/\/dyskontpaliwowy.pl\/uk\/%d0%bf%d1%80%d0%be-%d0%b1%d1%80%d0%b5%d0%bd%d0%b4\/#primaryimage"},"image":{"@id":"https:\/\/dyskontpaliwowy.pl\/uk\/%d0%bf%d1%80%d0%be-%d0%b1%d1%80%d0%b5%d0%bd%d0%b4\/#primaryimage"},"thumbnailUrl":"https:\/\/dyskontpaliwowy.pl\/wp-content\/uploads\/2024\/10\/zdj-o-marce-01.jpg","datePublished":"2024-08-20T07:28:22+00:00","dateModified":"2024-12-16T10:04:13+00:00","breadcrumb":{"@id":"https:\/\/dyskontpaliwowy.pl\/uk\/%d0%bf%d1%80%d0%be-%d0%b1%d1%80%d0%b5%d0%bd%d0%b4\/#breadcrumb"},"inLanguage":"uk","potentialAction":[{"@type":"ReadAction","target":["https:\/\/dyskontpaliwowy.pl\/uk\/%d0%bf%d1%80%d0%be-%d0%b1%d1%80%d0%b5%d0%bd%d0%b4\/"]}]},{"@type":"ImageObject","inLanguage":"uk","@id":"https:\/\/dyskontpaliwowy.pl\/uk\/%d0%bf%d1%80%d0%be-%d0%b1%d1%80%d0%b5%d0%bd%d0%b4\/#primaryimage","url":"https:\/\/dyskontpaliwowy.pl\/wp-content\/uploads\/2024\/10\/zdj-o-marce-01.jpg","contentUrl":"https:\/\/dyskontpaliwowy.pl\/wp-content\/uploads\/2024\/10\/zdj-o-marce-01.jpg"},{"@type":"BreadcrumbList","@id":"https:\/\/dyskontpaliwowy.pl\/uk\/%d0%bf%d1%80%d0%be-%d0%b1%d1%80%d0%b5%d0%bd%d0%b4\/#breadcrumb","itemListElement":[{"@type":"ListItem","position":1,"name":"\u0413\u043e\u043b\u043e\u0432\u043d\u0430 \u0441\u0442\u043e\u0440\u0456\u043d\u043a\u0430","item":"https:\/\/dyskontpaliwowy.pl\/uk\/"},{"@type":"ListItem","position":2,"name":"\u041f\u0440\u043e \u0431\u0440\u0435\u043d\u0434"}]},{"@type":"WebSite","@id":"https:\/\/dyskontpaliwowy.pl\/uk\/#website","url":"https:\/\/dyskontpaliwowy.pl\/uk\/","name":"Dyskont Paliwowy DP","description":"Komfort, jako\u015b\u0107 i oszcz\u0119dno\u015b\u0107 w trasie. Tankowanie, Bistro DP, myjnie i parkingi TIR \u2013 wszystko, czego potrzebujesz w podr\u00f3\u017cy!","publisher":{"@id":"https:\/\/dyskontpaliwowy.pl\/uk\/#organization"},"potentialAction":[{"@type":"SearchAction","target":{"@type":"EntryPoint","urlTemplate":"https:\/\/dyskontpaliwowy.pl\/uk\/?s={search_term_string}"},"query-input":{"@type":"PropertyValueSpecification","valueRequired":true,"valueName":"search_term_string"}}],"inLanguage":"uk"},{"@type":"Organization","@id":"https:\/\/dyskontpaliwowy.pl\/uk\/#organization","name":"Dyskont Paliwowy","url":"https:\/\/dyskontpaliwowy.pl\/uk\/","logo":{"@type":"ImageObject","inLanguage":"uk","@id":"https:\/\/dyskontpaliwowy.pl\/uk\/#\/schema\/logo\/image\/","url":"https:\/\/dyskontpaliwowy.pl\/wp-content\/uploads\/2024\/08\/logo-nawigacja.svg","contentUrl":"https:\/\/dyskontpaliwowy.pl\/wp-content\/uploads\/2024\/08\/logo-nawigacja.svg","width":1,"height":1,"caption":"Dyskont Paliwowy"},"image":{"@id":"https:\/\/dyskontpaliwowy.pl\/uk\/#\/schema\/logo\/image\/"},"sameAs":["https:\/\/www.facebook.com\/DyskontPaliwowy\/?locale=pl_PL","https:\/\/www.instagram.com\/dyskontpaliwowy\/"]}]}},"_links":{"self":[{"href":"https:\/\/dyskontpaliwowy.pl\/uk\/wp-json\/wp\/v2\/pages\/4904","targetHints":{"allow":["GET"]}}],"collection":[{"href":"https:\/\/dyskontpaliwowy.pl\/uk\/wp-json\/wp\/v2\/pages"}],"about":[{"href":"https:\/\/dyskontpaliwowy.pl\/uk\/wp-json\/wp\/v2\/types\/page"}],"author":[{"embeddable":true,"href":"https:\/\/dyskontpaliwowy.pl\/uk\/wp-json\/wp\/v2\/users\/1"}],"replies":[{"embeddable":true,"href":"https:\/\/dyskontpaliwowy.pl\/uk\/wp-json\/wp\/v2\/comments?post=4904"}],"version-history":[{"count":4,"href":"https:\/\/dyskontpaliwowy.pl\/uk\/wp-json\/wp\/v2\/pages\/4904\/revisions"}],"predecessor-version":[{"id":6080,"href":"https:\/\/dyskontpaliwowy.pl\/uk\/wp-json\/wp\/v2\/pages\/4904\/revisions\/6080"}],"wp:attachment":[{"href":"https:\/\/dyskontpaliwowy.pl\/uk\/wp-json\/wp\/v2\/media?parent=4904"}],"curies":[{"name":"wp","href":"https:\/\/api.w.org\/{rel}","templated":true}]}}