{"id":6305,"date":"2025-01-14T09:21:28","date_gmt":"2025-01-14T08:21:28","guid":{"rendered":"https:\/\/dyskontpaliwowy.pl\/signalman\/"},"modified":"2025-01-15T09:12:05","modified_gmt":"2025-01-15T08:12:05","slug":"signalman","status":"publish","type":"page","link":"https:\/\/dyskontpaliwowy.pl\/en\/signalman\/","title":{"rendered":"Signalman"},"content":{"rendered":"\t\t<div data-elementor-type=\"wp-page\" data-elementor-id=\"6305\" class=\"elementor elementor-6305 elementor-6241\">\n\t\t\t\t<div class=\"elementor-element elementor-element-e5cb556 e-flex e-con-boxed e-con e-parent\" data-id=\"e5cb556\" data-element_type=\"container\">\n\t\t\t\t\t<div class=\"e-con-inner\">\n\t\t\t\t<div class=\"elementor-element elementor-element-ea94fc7 elementor-widget elementor-widget-heading\" data-id=\"ea94fc7\" data-element_type=\"widget\" data-widget_type=\"heading.default\">\n\t\t\t\t<div class=\"elementor-widget-container\">\n\t\t\t<h4 class=\"elementor-heading-title elementor-size-default\">SYGNALIST<\/h4>\t\t<\/div>\n\t\t\t\t<\/div>\n\t\t\t\t<div class=\"elementor-element elementor-element-b79fcf3 elementor-widget elementor-widget-tm-ele-text-editor\" data-id=\"b79fcf3\" data-element_type=\"widget\" data-widget_type=\"tm-ele-text-editor.default\">\n\t\t\t\t<div class=\"elementor-widget-container\">\n\t\t\t\t\t<div class=\"tm-text-editor\">\r\n\t\t<p><b>e-mail to report violations: <\/b><a href=\"mailto:sygnalista@goldfinch24.pl\">sygnalista@goldfinch24.pl<\/a><\/p>\t\t<\/div>\r\n\t\t\t<\/div>\n\t\t\t\t<\/div>\n\t\t\t\t<div class=\"elementor-element elementor-element-50d70a2 elementor-widget elementor-widget-tm-ele-text-editor\" data-id=\"50d70a2\" data-element_type=\"widget\" data-widget_type=\"tm-ele-text-editor.default\">\n\t\t\t\t<div class=\"elementor-widget-container\">\n\t\t\t\t\t<div class=\"tm-text-editor\">\r\n\t\t<p><b>Impartial person:<\/b><br>Legal Counsel <a href=\"mailto:sygnalista@goldfinch24.pl\">sygnalista@goldfinch24.pl<\/a><\/p>\t\t<\/div>\r\n\t\t\t<\/div>\n\t\t\t\t<\/div>\n\t\t\t\t<div class=\"elementor-element elementor-element-f8c2f7b elementor-widget elementor-widget-tm-ele-text-editor\" data-id=\"f8c2f7b\" data-element_type=\"widget\" data-widget_type=\"tm-ele-text-editor.default\">\n\t\t\t\t<div class=\"elementor-widget-container\">\n\t\t\t\t\t<div class=\"tm-text-editor\">\r\n\t\t<p><b data-stringify-type=\"bold\">CITRONEX TRANS ENERGY SP. Z O.O. <\/b><\/p>\t\t<\/div>\r\n\t\t\t<\/div>\n\t\t\t\t<\/div>\n\t\t\t\t<div class=\"elementor-element elementor-element-74e0b77 elementor-widget elementor-widget-tm-ele-text-editor\" data-id=\"74e0b77\" data-element_type=\"widget\" data-widget_type=\"tm-ele-text-editor.default\">\n\t\t\t\t<div class=\"elementor-widget-container\">\n\t\t\t\t\t<div class=\"tm-text-editor\">\r\n\t\t<ol><li>Procedure for making and receiving reports of violations of the law and taking follow-up action - <strong><a href=\"https:\/\/dyskontpaliwowy.pl\/wp-content\/uploads\/2024\/08\/CTE1.pdf\" target=\"_blank\" rel=\"noopener\">link<\/a><\/strong><\/li><li>Internal application form - <a href=\"https:\/\/dyskontpaliwowy.pl\/wp-content\/uploads\/2024\/08\/CTE7.pdf\" target=\"_blank\" rel=\"noopener\"><strong>link<\/strong><\/a><\/li><li>Content of the arrangements under the agreement for the joint management of personal data in a group of companies - -. <a href=\"https:\/\/dyskontpaliwowy.pl\/wp-content\/uploads\/2024\/08\/CTE4.pdf\" target=\"_blank\" rel=\"noopener\"><strong>link<\/strong><\/a><\/li><li>Information obligation to whistleblower, whistleblower - <a href=\"https:\/\/dyskontpaliwowy.pl\/wp-content\/uploads\/2024\/08\/CTE6.pdf\" target=\"_blank\" rel=\"noopener\"><strong>link<\/strong><\/a><\/li><li>Information obligation to persons covered by a whistleblower - <a href=\"https:\/\/dyskontpaliwowy.pl\/wp-content\/uploads\/2024\/08\/CTE5.pdf\" target=\"_blank\" rel=\"noopener\"><strong>link<\/strong><\/a><\/li><\/ol>\t\t<\/div>\r\n\t\t\t<\/div>\n\t\t\t\t<\/div>\n\t\t\t\t\t<\/div>\n\t\t\t\t<\/div>\n\t\t\t\t<\/div>\n\t\t","protected":false},"excerpt":{"rendered":"<p>SYGNALIST e-mail to report violations: sygnalista@goldfinch24.pl Impartial person:Legal Counsel sygnalista@goldfinch24.pl CITRONEX TRANS ENERGY SP. Z O.O. Procedure for making and&#8230;<\/p>\n","protected":false},"author":1,"featured_media":0,"parent":0,"menu_order":0,"comment_status":"closed","ping_status":"closed","template":"","meta":{"footnotes":""},"class_list":["post-6305","page","type-page","status-publish","hentry"],"yoast_head":"<!-- This site is optimized with the Yoast SEO plugin v24.0 - https:\/\/yoast.com\/wordpress\/plugins\/seo\/ -->\n<title>Signalman - Dyskont Paliwowy<\/title>\n<meta name=\"robots\" content=\"index, follow, max-snippet:-1, max-image-preview:large, max-video-preview:-1\" \/>\n<link rel=\"canonical\" href=\"https:\/\/dyskontpaliwowy.pl\/en\/signalman\/\" \/>\n<meta property=\"og:locale\" content=\"en_US\" \/>\n<meta property=\"og:type\" content=\"article\" \/>\n<meta property=\"og:title\" content=\"Signalman - Dyskont Paliwowy\" \/>\n<meta property=\"og:description\" content=\"SYGNALIST e-mail to report violations: sygnalista@goldfinch24.pl Impartial person:Legal Counsel sygnalista@goldfinch24.pl CITRONEX TRANS ENERGY SP. Z O.O. Procedure for making and...\" \/>\n<meta property=\"og:url\" content=\"https:\/\/dyskontpaliwowy.pl\/en\/signalman\/\" \/>\n<meta property=\"og:site_name\" content=\"Dyskont Paliwowy\" \/>\n<meta property=\"article:publisher\" content=\"https:\/\/www.facebook.com\/DyskontPaliwowy\/?locale=pl_PL\" \/>\n<meta property=\"article:modified_time\" content=\"2025-01-15T08:12:05+00:00\" \/>\n<meta name=\"twitter:card\" content=\"summary_large_image\" \/>\n<script type=\"application\/ld+json\" class=\"yoast-schema-graph\">{\"@context\":\"https:\/\/schema.org\",\"@graph\":[{\"@type\":\"WebPage\",\"@id\":\"https:\/\/dyskontpaliwowy.pl\/en\/signalman\/\",\"url\":\"https:\/\/dyskontpaliwowy.pl\/en\/signalman\/\",\"name\":\"Signalman - Dyskont Paliwowy\",\"isPartOf\":{\"@id\":\"https:\/\/dyskontpaliwowy.pl\/en\/#website\"},\"datePublished\":\"2025-01-14T08:21:28+00:00\",\"dateModified\":\"2025-01-15T08:12:05+00:00\",\"breadcrumb\":{\"@id\":\"https:\/\/dyskontpaliwowy.pl\/en\/signalman\/#breadcrumb\"},\"inLanguage\":\"en-US\",\"potentialAction\":[{\"@type\":\"ReadAction\",\"target\":[\"https:\/\/dyskontpaliwowy.pl\/en\/signalman\/\"]}]},{\"@type\":\"BreadcrumbList\",\"@id\":\"https:\/\/dyskontpaliwowy.pl\/en\/signalman\/#breadcrumb\",\"itemListElement\":[{\"@type\":\"ListItem\",\"position\":1,\"name\":\"Homepage\",\"item\":\"https:\/\/dyskontpaliwowy.pl\/en\/\"},{\"@type\":\"ListItem\",\"position\":2,\"name\":\"Signalman\"}]},{\"@type\":\"WebSite\",\"@id\":\"https:\/\/dyskontpaliwowy.pl\/en\/#website\",\"url\":\"https:\/\/dyskontpaliwowy.pl\/en\/\",\"name\":\"Dyskont Paliwowy DP\",\"description\":\"Komfort, jako\u015b\u0107 i oszcz\u0119dno\u015b\u0107 w trasie. Tankowanie, Bistro DP, myjnie i parkingi TIR \u2013 wszystko, czego potrzebujesz w podr\u00f3\u017cy!\",\"publisher\":{\"@id\":\"https:\/\/dyskontpaliwowy.pl\/en\/#organization\"},\"potentialAction\":[{\"@type\":\"SearchAction\",\"target\":{\"@type\":\"EntryPoint\",\"urlTemplate\":\"https:\/\/dyskontpaliwowy.pl\/en\/?s={search_term_string}\"},\"query-input\":{\"@type\":\"PropertyValueSpecification\",\"valueRequired\":true,\"valueName\":\"search_term_string\"}}],\"inLanguage\":\"en-US\"},{\"@type\":\"Organization\",\"@id\":\"https:\/\/dyskontpaliwowy.pl\/en\/#organization\",\"name\":\"Dyskont Paliwowy\",\"url\":\"https:\/\/dyskontpaliwowy.pl\/en\/\",\"logo\":{\"@type\":\"ImageObject\",\"inLanguage\":\"en-US\",\"@id\":\"https:\/\/dyskontpaliwowy.pl\/en\/#\/schema\/logo\/image\/\",\"url\":\"https:\/\/dyskontpaliwowy.pl\/wp-content\/uploads\/2024\/08\/logo-nawigacja.svg\",\"contentUrl\":\"https:\/\/dyskontpaliwowy.pl\/wp-content\/uploads\/2024\/08\/logo-nawigacja.svg\",\"width\":1,\"height\":1,\"caption\":\"Dyskont Paliwowy\"},\"image\":{\"@id\":\"https:\/\/dyskontpaliwowy.pl\/en\/#\/schema\/logo\/image\/\"},\"sameAs\":[\"https:\/\/www.facebook.com\/DyskontPaliwowy\/?locale=pl_PL\",\"https:\/\/www.instagram.com\/dyskontpaliwowy\/\"]}]}<\/script>\n<!-- \/ Yoast SEO plugin. -->","yoast_head_json":{"title":"Signalman - Dyskont Paliwowy","robots":{"index":"index","follow":"follow","max-snippet":"max-snippet:-1","max-image-preview":"max-image-preview:large","max-video-preview":"max-video-preview:-1"},"canonical":"https:\/\/dyskontpaliwowy.pl\/en\/signalman\/","og_locale":"en_US","og_type":"article","og_title":"Signalman - Dyskont Paliwowy","og_description":"SYGNALIST e-mail to report violations: sygnalista@goldfinch24.pl Impartial person:Legal Counsel sygnalista@goldfinch24.pl CITRONEX TRANS ENERGY SP. Z O.O. Procedure for making and...","og_url":"https:\/\/dyskontpaliwowy.pl\/en\/signalman\/","og_site_name":"Dyskont Paliwowy","article_publisher":"https:\/\/www.facebook.com\/DyskontPaliwowy\/?locale=pl_PL","article_modified_time":"2025-01-15T08:12:05+00:00","twitter_card":"summary_large_image","schema":{"@context":"https:\/\/schema.org","@graph":[{"@type":"WebPage","@id":"https:\/\/dyskontpaliwowy.pl\/en\/signalman\/","url":"https:\/\/dyskontpaliwowy.pl\/en\/signalman\/","name":"Signalman - Dyskont Paliwowy","isPartOf":{"@id":"https:\/\/dyskontpaliwowy.pl\/en\/#website"},"datePublished":"2025-01-14T08:21:28+00:00","dateModified":"2025-01-15T08:12:05+00:00","breadcrumb":{"@id":"https:\/\/dyskontpaliwowy.pl\/en\/signalman\/#breadcrumb"},"inLanguage":"en-US","potentialAction":[{"@type":"ReadAction","target":["https:\/\/dyskontpaliwowy.pl\/en\/signalman\/"]}]},{"@type":"BreadcrumbList","@id":"https:\/\/dyskontpaliwowy.pl\/en\/signalman\/#breadcrumb","itemListElement":[{"@type":"ListItem","position":1,"name":"Homepage","item":"https:\/\/dyskontpaliwowy.pl\/en\/"},{"@type":"ListItem","position":2,"name":"Signalman"}]},{"@type":"WebSite","@id":"https:\/\/dyskontpaliwowy.pl\/en\/#website","url":"https:\/\/dyskontpaliwowy.pl\/en\/","name":"Dyskont Paliwowy DP","description":"Komfort, jako\u015b\u0107 i oszcz\u0119dno\u015b\u0107 w trasie. Tankowanie, Bistro DP, myjnie i parkingi TIR \u2013 wszystko, czego potrzebujesz w podr\u00f3\u017cy!","publisher":{"@id":"https:\/\/dyskontpaliwowy.pl\/en\/#organization"},"potentialAction":[{"@type":"SearchAction","target":{"@type":"EntryPoint","urlTemplate":"https:\/\/dyskontpaliwowy.pl\/en\/?s={search_term_string}"},"query-input":{"@type":"PropertyValueSpecification","valueRequired":true,"valueName":"search_term_string"}}],"inLanguage":"en-US"},{"@type":"Organization","@id":"https:\/\/dyskontpaliwowy.pl\/en\/#organization","name":"Dyskont Paliwowy","url":"https:\/\/dyskontpaliwowy.pl\/en\/","logo":{"@type":"ImageObject","inLanguage":"en-US","@id":"https:\/\/dyskontpaliwowy.pl\/en\/#\/schema\/logo\/image\/","url":"https:\/\/dyskontpaliwowy.pl\/wp-content\/uploads\/2024\/08\/logo-nawigacja.svg","contentUrl":"https:\/\/dyskontpaliwowy.pl\/wp-content\/uploads\/2024\/08\/logo-nawigacja.svg","width":1,"height":1,"caption":"Dyskont Paliwowy"},"image":{"@id":"https:\/\/dyskontpaliwowy.pl\/en\/#\/schema\/logo\/image\/"},"sameAs":["https:\/\/www.facebook.com\/DyskontPaliwowy\/?locale=pl_PL","https:\/\/www.instagram.com\/dyskontpaliwowy\/"]}]}},"_links":{"self":[{"href":"https:\/\/dyskontpaliwowy.pl\/en\/wp-json\/wp\/v2\/pages\/6305","targetHints":{"allow":["GET"]}}],"collection":[{"href":"https:\/\/dyskontpaliwowy.pl\/en\/wp-json\/wp\/v2\/pages"}],"about":[{"href":"https:\/\/dyskontpaliwowy.pl\/en\/wp-json\/wp\/v2\/types\/page"}],"author":[{"embeddable":true,"href":"https:\/\/dyskontpaliwowy.pl\/en\/wp-json\/wp\/v2\/users\/1"}],"replies":[{"embeddable":true,"href":"https:\/\/dyskontpaliwowy.pl\/en\/wp-json\/wp\/v2\/comments?post=6305"}],"version-history":[{"count":1,"href":"https:\/\/dyskontpaliwowy.pl\/en\/wp-json\/wp\/v2\/pages\/6305\/revisions"}],"predecessor-version":[{"id":6312,"href":"https:\/\/dyskontpaliwowy.pl\/en\/wp-json\/wp\/v2\/pages\/6305\/revisions\/6312"}],"wp:attachment":[{"href":"https:\/\/dyskontpaliwowy.pl\/en\/wp-json\/wp\/v2\/media?parent=6305"}],"curies":[{"name":"wp","href":"https:\/\/api.w.org\/{rel}","templated":true}]}}