{"id":4969,"date":"2024-08-20T09:20:17","date_gmt":"2024-08-20T07:20:17","guid":{"rendered":"https:\/\/dyskontpaliwowy.pl\/promotions\/"},"modified":"2024-12-09T08:57:15","modified_gmt":"2024-12-09T07:57:15","slug":"promotions","status":"publish","type":"page","link":"https:\/\/dyskontpaliwowy.pl\/en\/promotions\/","title":{"rendered":"Promotions"},"content":{"rendered":"\t\t<div data-elementor-type=\"wp-page\" data-elementor-id=\"4969\" class=\"elementor elementor-4969 elementor-24\">\n\t\t\t\t<div class=\"elementor-element elementor-element-9052371 e-flex e-con-boxed e-con e-parent\" data-id=\"9052371\" data-element_type=\"container\">\n\t\t\t\t\t<div class=\"e-con-inner\">\n\t\t\t\t<div class=\"elementor-element elementor-element-a9bbdc4 elementor-widget elementor-widget-tm-ele-blog\" data-id=\"a9bbdc4\" data-element_type=\"widget\" data-widget_type=\"tm-ele-blog.skin-style-current-theme3\">\n\t\t\t\t<div class=\"elementor-widget-container\">\n\t\t\t\t<div class=\"tm-sc-blog tm-sc-blog-grid \">\r\n\t\t\r\n\t\r\n\t\t<!-- Isotope Gallery Grid -->\r\n\t\t<div id=\"blog-holder-589390\" class=\"isotope-layout grid-3 gutter-5 clearfix\">\r\n\t\t\t<div class=\"isotope-layout-inner\">\r\n\r\n\t\t\t\t<!-- the loop -->\r\n\t\t\t\t\t\t\t\t\t\t\t\t<div class=\"isotope-item promotions\">\r\n\t\t\t\t\t<div class=\"isotope-item-inner\">\r\n\t\t\t\t\t\t<article class=\"post-4426 post type-post status-publish format-standard has-post-thumbnail hentry category-promotions\">\r\n\t<!-- News Block -->\r\n<div class=\"blog-item-current-style3\">\r\n  <div class=\"inner-box\">\r\n          <div class=\"entry-header\">\r\n        <div class=\"thumb\">\r\n          <div class=\"post-thumb lightgallery-lightbox\">\r\n\t\r\n\t<div class=\"post-thumb-inner\">\r\n\t\t<div class=\"thumb\">\r\n\t\t\t<img decoding=\"async\" src=\"https:\/\/dyskontpaliwowy.pl\/wp-content\/uploads\/2024\/08\/aktualnosci-05-672x448.jpg\" alt=\"Etiam ullamcorper tortor gravida venenatis\"\/>\r\n\t\t<\/div>\r\n\t<\/div>\r\n\t<\/div>        <\/div>\r\n          \t\t\t  \t\t      <\/div>\r\n        <div class=\"entry-content\">\r\n              \t<ul class=\"entry-meta list-inline\">\r\n\t\t\t\t<li class=\"list-inline-item posted-date\"><i class=\"fa fa-calendar-o\"><\/i> <a href=\"https:\/\/dyskontpaliwowy.pl\/en\/etiam-ullamcorper-tortor-gravida-venenatis-2\/\" rel=\"bookmark\"><time class=\"entry-date published updated\" datetime=\"2024-08-22T11:41:34+02:00\">2024-08-22<\/time><\/a><\/li>\r\n\t\t\t\t<li class=\"list-inline-item author\"><i class=\"fa fa-user-circle-o\"><\/i> <span class=\"byline\">By <span class=\"author vcard\"><a class=\"url fn n\" href=\"https:\/\/dyskontpaliwowy.pl\/en\/author\/dp_admin\/\" rel=\"author\">Dyskont Paliwowy<\/a><\/span><\/span><\/li>\r\n\t\t<\/ul>\r\n\t      \r\n              <h4 class=\"entry-title\"><a href=\"https:\/\/dyskontpaliwowy.pl\/en\/etiam-ullamcorper-tortor-gravida-venenatis-2\/\" rel=\"bookmark\">Etiam ullamcorper tortor gravida venenatis<\/a><\/h4>      \r\n              <div class=\"post-excerpt\">\r\n                                        <\/div>\r\n      \r\n              <div class=\"btn-view-details post-btn-readmore \">\r\n    <a href=\"https:\/\/dyskontpaliwowy.pl\/en\/etiam-ullamcorper-tortor-gravida-venenatis-2\/\"\r\n      class=\"btn btn-plain-text\">\r\n      Read more    <\/a>\r\n<\/div>          <\/div>\r\n  <\/div>\r\n<\/div>\r\n<\/article>\t\t\t\t\t<\/div>\r\n\t\t\t\t<\/div>\r\n\t\t\t\t\t\t\t\t\t\t\t\t<div class=\"isotope-item promotions\">\r\n\t\t\t\t\t<div class=\"isotope-item-inner\">\r\n\t\t\t\t\t\t<article class=\"post-4420 post type-post status-publish format-standard has-post-thumbnail hentry category-promotions\">\r\n\t<!-- News Block -->\r\n<div class=\"blog-item-current-style3\">\r\n  <div class=\"inner-box\">\r\n          <div class=\"entry-header\">\r\n        <div class=\"thumb\">\r\n          <div class=\"post-thumb lightgallery-lightbox\">\r\n\t\r\n\t<div class=\"post-thumb-inner\">\r\n\t\t<div class=\"thumb\">\r\n\t\t\t<img decoding=\"async\" src=\"https:\/\/dyskontpaliwowy.pl\/wp-content\/uploads\/2024\/08\/aktualnosci-04-672x448.jpg\" alt=\"Etiam ullamcorper tortor gravida venenatis\"\/>\r\n\t\t<\/div>\r\n\t<\/div>\r\n\t<\/div>        <\/div>\r\n          \t\t\t  \t\t      <\/div>\r\n        <div class=\"entry-content\">\r\n              \t<ul class=\"entry-meta list-inline\">\r\n\t\t\t\t<li class=\"list-inline-item posted-date\"><i class=\"fa fa-calendar-o\"><\/i> <a href=\"https:\/\/dyskontpaliwowy.pl\/en\/etiam-ullamcorper-tortor-gravida-venenatis\/\" rel=\"bookmark\"><time class=\"entry-date published updated\" datetime=\"2024-08-22T11:41:11+02:00\">2024-08-22<\/time><\/a><\/li>\r\n\t\t\t\t<li class=\"list-inline-item author\"><i class=\"fa fa-user-circle-o\"><\/i> <span class=\"byline\">By <span class=\"author vcard\"><a class=\"url fn n\" href=\"https:\/\/dyskontpaliwowy.pl\/en\/author\/dp_admin\/\" rel=\"author\">Dyskont Paliwowy<\/a><\/span><\/span><\/li>\r\n\t\t<\/ul>\r\n\t      \r\n              <h4 class=\"entry-title\"><a href=\"https:\/\/dyskontpaliwowy.pl\/en\/etiam-ullamcorper-tortor-gravida-venenatis\/\" rel=\"bookmark\">Etiam ullamcorper tortor gravida venenatis<\/a><\/h4>      \r\n              <div class=\"post-excerpt\">\r\n                                        <\/div>\r\n      \r\n              <div class=\"btn-view-details post-btn-readmore \">\r\n    <a href=\"https:\/\/dyskontpaliwowy.pl\/en\/etiam-ullamcorper-tortor-gravida-venenatis\/\"\r\n      class=\"btn btn-plain-text\">\r\n      Read more    <\/a>\r\n<\/div>          <\/div>\r\n  <\/div>\r\n<\/div>\r\n<\/article>\t\t\t\t\t<\/div>\r\n\t\t\t\t<\/div>\r\n\t\t\t\t\t\t\t\t\t\t\t\t<div class=\"isotope-item promotions\">\r\n\t\t\t\t\t<div class=\"isotope-item-inner\">\r\n\t\t\t\t\t\t<article class=\"post-4427 post type-post status-publish format-standard has-post-thumbnail hentry category-promotions\">\r\n\t<!-- News Block -->\r\n<div class=\"blog-item-current-style3\">\r\n  <div class=\"inner-box\">\r\n          <div class=\"entry-header\">\r\n        <div class=\"thumb\">\r\n          <div class=\"post-thumb lightgallery-lightbox\">\r\n\t\r\n\t<div class=\"post-thumb-inner\">\r\n\t\t<div class=\"thumb\">\r\n\t\t\t<img decoding=\"async\" src=\"https:\/\/dyskontpaliwowy.pl\/wp-content\/uploads\/2024\/08\/aktualnosci-03-672x448.jpg\" alt=\"Etiam ullamcorper tortor gravida venenatis\"\/>\r\n\t\t<\/div>\r\n\t<\/div>\r\n\t<\/div>        <\/div>\r\n          \t\t\t  \t\t      <\/div>\r\n        <div class=\"entry-content\">\r\n              \t<ul class=\"entry-meta list-inline\">\r\n\t\t\t\t<li class=\"list-inline-item posted-date\"><i class=\"fa fa-calendar-o\"><\/i> <a href=\"https:\/\/dyskontpaliwowy.pl\/en\/etiam-ullamcorper-tortor-gravida-venenatis-3\/\" rel=\"bookmark\"><time class=\"entry-date published updated\" datetime=\"2024-08-22T11:40:35+02:00\">2024-08-22<\/time><\/a><\/li>\r\n\t\t\t\t<li class=\"list-inline-item author\"><i class=\"fa fa-user-circle-o\"><\/i> <span class=\"byline\">By <span class=\"author vcard\"><a class=\"url fn n\" href=\"https:\/\/dyskontpaliwowy.pl\/en\/author\/dp_admin\/\" rel=\"author\">Dyskont Paliwowy<\/a><\/span><\/span><\/li>\r\n\t\t<\/ul>\r\n\t      \r\n              <h4 class=\"entry-title\"><a href=\"https:\/\/dyskontpaliwowy.pl\/en\/etiam-ullamcorper-tortor-gravida-venenatis-3\/\" rel=\"bookmark\">Etiam ullamcorper tortor gravida venenatis<\/a><\/h4>      \r\n              <div class=\"post-excerpt\">\r\n                                        <\/div>\r\n      \r\n              <div class=\"btn-view-details post-btn-readmore \">\r\n    <a href=\"https:\/\/dyskontpaliwowy.pl\/en\/etiam-ullamcorper-tortor-gravida-venenatis-3\/\"\r\n      class=\"btn btn-plain-text\">\r\n      Read more    <\/a>\r\n<\/div>          <\/div>\r\n  <\/div>\r\n<\/div>\r\n<\/article>\t\t\t\t\t<\/div>\r\n\t\t\t\t<\/div>\r\n\t\t\t\t\t\t\t\t<!-- end of the loop -->\r\n\t\t\t<\/div>\r\n\t\t<\/div>\r\n\t\t\t<\/div>\r\n\t\t\r\n\r\n\t\t<\/div>\n\t\t\t\t<\/div>\n\t\t\t\t\t<\/div>\n\t\t\t\t<\/div>\n\t\t\t\t<\/div>\n\t\t","protected":false},"excerpt":{"rendered":"<p>2024-08-22 By Dyskont Paliwowy Etiam ullamcorper tortor gravida venenatis Read more 2024-08-22 By Dyskont Paliwowy Etiam ullamcorper tortor gravida venenatis&#8230;<\/p>\n","protected":false},"author":1,"featured_media":0,"parent":0,"menu_order":0,"comment_status":"closed","ping_status":"closed","template":"","meta":{"footnotes":""},"class_list":["post-4969","page","type-page","status-publish","hentry"],"yoast_head":"<!-- This site is optimized with the Yoast SEO plugin v24.0 - https:\/\/yoast.com\/wordpress\/plugins\/seo\/ -->\n<title>Promotions - Dyskont Paliwowy<\/title>\n<meta name=\"robots\" content=\"index, follow, max-snippet:-1, max-image-preview:large, max-video-preview:-1\" \/>\n<link rel=\"canonical\" href=\"https:\/\/dyskontpaliwowy.pl\/en\/promotions\/\" \/>\n<meta property=\"og:locale\" content=\"en_US\" \/>\n<meta property=\"og:type\" content=\"article\" \/>\n<meta property=\"og:title\" content=\"Promotions - Dyskont Paliwowy\" \/>\n<meta property=\"og:description\" content=\"2024-08-22 By Dyskont Paliwowy Etiam ullamcorper tortor gravida venenatis Read more 2024-08-22 By Dyskont Paliwowy Etiam ullamcorper tortor gravida venenatis...\" \/>\n<meta property=\"og:url\" content=\"https:\/\/dyskontpaliwowy.pl\/en\/promotions\/\" \/>\n<meta property=\"og:site_name\" content=\"Dyskont Paliwowy\" \/>\n<meta property=\"article:publisher\" content=\"https:\/\/www.facebook.com\/DyskontPaliwowy\/?locale=pl_PL\" \/>\n<meta property=\"article:modified_time\" content=\"2024-12-09T07:57:15+00:00\" \/>\n<meta property=\"og:image\" content=\"https:\/\/dyskontpaliwowy.pl\/wp-content\/uploads\/2024\/08\/aktualnosci-05-672x448.jpg\" \/>\n<meta name=\"twitter:card\" content=\"summary_large_image\" \/>\n<script type=\"application\/ld+json\" class=\"yoast-schema-graph\">{\"@context\":\"https:\/\/schema.org\",\"@graph\":[{\"@type\":\"WebPage\",\"@id\":\"https:\/\/dyskontpaliwowy.pl\/en\/promotions\/\",\"url\":\"https:\/\/dyskontpaliwowy.pl\/en\/promotions\/\",\"name\":\"Promotions - Dyskont Paliwowy\",\"isPartOf\":{\"@id\":\"https:\/\/dyskontpaliwowy.pl\/en\/#website\"},\"primaryImageOfPage\":{\"@id\":\"https:\/\/dyskontpaliwowy.pl\/en\/promotions\/#primaryimage\"},\"image\":{\"@id\":\"https:\/\/dyskontpaliwowy.pl\/en\/promotions\/#primaryimage\"},\"thumbnailUrl\":\"https:\/\/dyskontpaliwowy.pl\/wp-content\/uploads\/2024\/08\/aktualnosci-05-672x448.jpg\",\"datePublished\":\"2024-08-20T07:20:17+00:00\",\"dateModified\":\"2024-12-09T07:57:15+00:00\",\"breadcrumb\":{\"@id\":\"https:\/\/dyskontpaliwowy.pl\/en\/promotions\/#breadcrumb\"},\"inLanguage\":\"en-US\",\"potentialAction\":[{\"@type\":\"ReadAction\",\"target\":[\"https:\/\/dyskontpaliwowy.pl\/en\/promotions\/\"]}]},{\"@type\":\"ImageObject\",\"inLanguage\":\"en-US\",\"@id\":\"https:\/\/dyskontpaliwowy.pl\/en\/promotions\/#primaryimage\",\"url\":\"https:\/\/dyskontpaliwowy.pl\/wp-content\/uploads\/2024\/08\/aktualnosci-05-672x448.jpg\",\"contentUrl\":\"https:\/\/dyskontpaliwowy.pl\/wp-content\/uploads\/2024\/08\/aktualnosci-05-672x448.jpg\"},{\"@type\":\"BreadcrumbList\",\"@id\":\"https:\/\/dyskontpaliwowy.pl\/en\/promotions\/#breadcrumb\",\"itemListElement\":[{\"@type\":\"ListItem\",\"position\":1,\"name\":\"Homepage\",\"item\":\"https:\/\/dyskontpaliwowy.pl\/en\/\"},{\"@type\":\"ListItem\",\"position\":2,\"name\":\"Promotions\"}]},{\"@type\":\"WebSite\",\"@id\":\"https:\/\/dyskontpaliwowy.pl\/en\/#website\",\"url\":\"https:\/\/dyskontpaliwowy.pl\/en\/\",\"name\":\"Dyskont Paliwowy DP\",\"description\":\"Komfort, jako\u015b\u0107 i oszcz\u0119dno\u015b\u0107 w trasie. Tankowanie, Bistro DP, myjnie i parkingi TIR \u2013 wszystko, czego potrzebujesz w podr\u00f3\u017cy!\",\"publisher\":{\"@id\":\"https:\/\/dyskontpaliwowy.pl\/en\/#organization\"},\"potentialAction\":[{\"@type\":\"SearchAction\",\"target\":{\"@type\":\"EntryPoint\",\"urlTemplate\":\"https:\/\/dyskontpaliwowy.pl\/en\/?s={search_term_string}\"},\"query-input\":{\"@type\":\"PropertyValueSpecification\",\"valueRequired\":true,\"valueName\":\"search_term_string\"}}],\"inLanguage\":\"en-US\"},{\"@type\":\"Organization\",\"@id\":\"https:\/\/dyskontpaliwowy.pl\/en\/#organization\",\"name\":\"Dyskont Paliwowy\",\"url\":\"https:\/\/dyskontpaliwowy.pl\/en\/\",\"logo\":{\"@type\":\"ImageObject\",\"inLanguage\":\"en-US\",\"@id\":\"https:\/\/dyskontpaliwowy.pl\/en\/#\/schema\/logo\/image\/\",\"url\":\"https:\/\/dyskontpaliwowy.pl\/wp-content\/uploads\/2024\/08\/logo-nawigacja.svg\",\"contentUrl\":\"https:\/\/dyskontpaliwowy.pl\/wp-content\/uploads\/2024\/08\/logo-nawigacja.svg\",\"width\":1,\"height\":1,\"caption\":\"Dyskont Paliwowy\"},\"image\":{\"@id\":\"https:\/\/dyskontpaliwowy.pl\/en\/#\/schema\/logo\/image\/\"},\"sameAs\":[\"https:\/\/www.facebook.com\/DyskontPaliwowy\/?locale=pl_PL\",\"https:\/\/www.instagram.com\/dyskontpaliwowy\/\"]}]}<\/script>\n<!-- \/ Yoast SEO plugin. -->","yoast_head_json":{"title":"Promotions - Dyskont Paliwowy","robots":{"index":"index","follow":"follow","max-snippet":"max-snippet:-1","max-image-preview":"max-image-preview:large","max-video-preview":"max-video-preview:-1"},"canonical":"https:\/\/dyskontpaliwowy.pl\/en\/promotions\/","og_locale":"en_US","og_type":"article","og_title":"Promotions - Dyskont Paliwowy","og_description":"2024-08-22 By Dyskont Paliwowy Etiam ullamcorper tortor gravida venenatis Read more 2024-08-22 By Dyskont Paliwowy Etiam ullamcorper tortor gravida venenatis...","og_url":"https:\/\/dyskontpaliwowy.pl\/en\/promotions\/","og_site_name":"Dyskont Paliwowy","article_publisher":"https:\/\/www.facebook.com\/DyskontPaliwowy\/?locale=pl_PL","article_modified_time":"2024-12-09T07:57:15+00:00","og_image":[{"url":"https:\/\/dyskontpaliwowy.pl\/wp-content\/uploads\/2024\/08\/aktualnosci-05-672x448.jpg","type":"","width":"","height":""}],"twitter_card":"summary_large_image","schema":{"@context":"https:\/\/schema.org","@graph":[{"@type":"WebPage","@id":"https:\/\/dyskontpaliwowy.pl\/en\/promotions\/","url":"https:\/\/dyskontpaliwowy.pl\/en\/promotions\/","name":"Promotions - Dyskont Paliwowy","isPartOf":{"@id":"https:\/\/dyskontpaliwowy.pl\/en\/#website"},"primaryImageOfPage":{"@id":"https:\/\/dyskontpaliwowy.pl\/en\/promotions\/#primaryimage"},"image":{"@id":"https:\/\/dyskontpaliwowy.pl\/en\/promotions\/#primaryimage"},"thumbnailUrl":"https:\/\/dyskontpaliwowy.pl\/wp-content\/uploads\/2024\/08\/aktualnosci-05-672x448.jpg","datePublished":"2024-08-20T07:20:17+00:00","dateModified":"2024-12-09T07:57:15+00:00","breadcrumb":{"@id":"https:\/\/dyskontpaliwowy.pl\/en\/promotions\/#breadcrumb"},"inLanguage":"en-US","potentialAction":[{"@type":"ReadAction","target":["https:\/\/dyskontpaliwowy.pl\/en\/promotions\/"]}]},{"@type":"ImageObject","inLanguage":"en-US","@id":"https:\/\/dyskontpaliwowy.pl\/en\/promotions\/#primaryimage","url":"https:\/\/dyskontpaliwowy.pl\/wp-content\/uploads\/2024\/08\/aktualnosci-05-672x448.jpg","contentUrl":"https:\/\/dyskontpaliwowy.pl\/wp-content\/uploads\/2024\/08\/aktualnosci-05-672x448.jpg"},{"@type":"BreadcrumbList","@id":"https:\/\/dyskontpaliwowy.pl\/en\/promotions\/#breadcrumb","itemListElement":[{"@type":"ListItem","position":1,"name":"Homepage","item":"https:\/\/dyskontpaliwowy.pl\/en\/"},{"@type":"ListItem","position":2,"name":"Promotions"}]},{"@type":"WebSite","@id":"https:\/\/dyskontpaliwowy.pl\/en\/#website","url":"https:\/\/dyskontpaliwowy.pl\/en\/","name":"Dyskont Paliwowy DP","description":"Komfort, jako\u015b\u0107 i oszcz\u0119dno\u015b\u0107 w trasie. Tankowanie, Bistro DP, myjnie i parkingi TIR \u2013 wszystko, czego potrzebujesz w podr\u00f3\u017cy!","publisher":{"@id":"https:\/\/dyskontpaliwowy.pl\/en\/#organization"},"potentialAction":[{"@type":"SearchAction","target":{"@type":"EntryPoint","urlTemplate":"https:\/\/dyskontpaliwowy.pl\/en\/?s={search_term_string}"},"query-input":{"@type":"PropertyValueSpecification","valueRequired":true,"valueName":"search_term_string"}}],"inLanguage":"en-US"},{"@type":"Organization","@id":"https:\/\/dyskontpaliwowy.pl\/en\/#organization","name":"Dyskont Paliwowy","url":"https:\/\/dyskontpaliwowy.pl\/en\/","logo":{"@type":"ImageObject","inLanguage":"en-US","@id":"https:\/\/dyskontpaliwowy.pl\/en\/#\/schema\/logo\/image\/","url":"https:\/\/dyskontpaliwowy.pl\/wp-content\/uploads\/2024\/08\/logo-nawigacja.svg","contentUrl":"https:\/\/dyskontpaliwowy.pl\/wp-content\/uploads\/2024\/08\/logo-nawigacja.svg","width":1,"height":1,"caption":"Dyskont Paliwowy"},"image":{"@id":"https:\/\/dyskontpaliwowy.pl\/en\/#\/schema\/logo\/image\/"},"sameAs":["https:\/\/www.facebook.com\/DyskontPaliwowy\/?locale=pl_PL","https:\/\/www.instagram.com\/dyskontpaliwowy\/"]}]}},"_links":{"self":[{"href":"https:\/\/dyskontpaliwowy.pl\/en\/wp-json\/wp\/v2\/pages\/4969","targetHints":{"allow":["GET"]}}],"collection":[{"href":"https:\/\/dyskontpaliwowy.pl\/en\/wp-json\/wp\/v2\/pages"}],"about":[{"href":"https:\/\/dyskontpaliwowy.pl\/en\/wp-json\/wp\/v2\/types\/page"}],"author":[{"embeddable":true,"href":"https:\/\/dyskontpaliwowy.pl\/en\/wp-json\/wp\/v2\/users\/1"}],"replies":[{"embeddable":true,"href":"https:\/\/dyskontpaliwowy.pl\/en\/wp-json\/wp\/v2\/comments?post=4969"}],"version-history":[{"count":1,"href":"https:\/\/dyskontpaliwowy.pl\/en\/wp-json\/wp\/v2\/pages\/4969\/revisions"}],"predecessor-version":[{"id":4970,"href":"https:\/\/dyskontpaliwowy.pl\/en\/wp-json\/wp\/v2\/pages\/4969\/revisions\/4970"}],"wp:attachment":[{"href":"https:\/\/dyskontpaliwowy.pl\/en\/wp-json\/wp\/v2\/media?parent=4969"}],"curies":[{"name":"wp","href":"https:\/\/api.w.org\/{rel}","templated":true}]}}