{"id":4944,"date":"2024-08-20T09:06:15","date_gmt":"2024-08-20T07:06:15","guid":{"rendered":"https:\/\/dyskontpaliwowy.pl\/charging-stations\/"},"modified":"2024-12-13T13:39:39","modified_gmt":"2024-12-13T12:39:39","slug":"charging-stations","status":"publish","type":"page","link":"https:\/\/dyskontpaliwowy.pl\/en\/charging-stations\/","title":{"rendered":"Charging stations"},"content":{"rendered":"\t\t<div data-elementor-type=\"wp-page\" data-elementor-id=\"4944\" class=\"elementor elementor-4944 elementor-19\">\n\t\t\t\t\t\t<section class=\"elementor-section elementor-top-section elementor-element elementor-element-f1c2924 elementor-section-stretched elementor-section-boxed elementor-section-height-default elementor-section-height-default tm-col-stretched-none tm-bg-color-over-image elementor-invisible\" data-id=\"f1c2924\" data-element_type=\"section\" data-settings=\"{&quot;stretch_section&quot;:&quot;section-stretched&quot;,&quot;animation&quot;:&quot;fadeIn&quot;}\">\n\t\t\t\t\t\t<div class=\"elementor-container elementor-column-gap-extended\">\n\t\t\t\t\t<div class=\"elementor-column elementor-col-33 elementor-top-column elementor-element elementor-element-9064d19 tm-bg-color-over-image elementor-invisible\" data-id=\"9064d19\" data-element_type=\"column\" data-settings=\"{&quot;animation&quot;:&quot;fadeInLeft&quot;,&quot;animation_delay&quot;:500}\">\n\t\t\t<div class=\"elementor-widget-wrap elementor-element-populated\">\n\t\t\t\t\t\t<div class=\"elementor-element elementor-element-77b3fc2 horizontal-line-align-left vertical-line-align-bottom elementor-widget elementor-widget-tm-ele-section-title\" data-id=\"77b3fc2\" data-element_type=\"widget\" data-widget_type=\"tm-ele-section-title.default\">\n\t\t\t\t<div class=\"elementor-widget-container\">\n\t\t\t<div class=\"tm-sc-section-title section-title \">\r\n\t<div class=\"title-wrapper\">\r\n\t\t\t\t\t\t<h6 class=\"subtitle \">\r\n\r\n\t\t\r\n\t\tPLN 1.99 per kWh\t<\/h6>\r\n\t\t\t\t<h2 class=\"title \">\r\n\r\n\t\t\r\n\t\t\t\t<span class=\"title-part1 \">Chargers<\/span>\r\n\t\t\t\t\r\n\t\t\t\t\t<span class=\"elementor-repeater-item-3048219\">electric<\/span>\r\n\t\t\r\n\t<\/h2>\r\n\t<div class=\"title-seperator-line\"><\/div>\t\t\t\t\t\t<\/div>\r\n<\/div>\t\t<\/div>\n\t\t\t\t<\/div>\n\t\t\t\t<div class=\"elementor-element elementor-element-1742e82 elementor-widget elementor-widget-tm-ele-text-editor\" data-id=\"1742e82\" data-element_type=\"widget\" data-widget_type=\"tm-ele-text-editor.default\">\n\t\t\t\t<div class=\"elementor-widget-container\">\n\t\t\t\t\t<div class=\"tm-text-editor\">\r\n\t\t<h3><strong>Why charge at our stations?<\/strong><\/h3>\t\t<\/div>\r\n\t\t\t<\/div>\n\t\t\t\t<\/div>\n\t\t\t\t<div class=\"elementor-element elementor-element-c97c8f7 elementor-widget elementor-widget-tm-ele-text-editor\" data-id=\"c97c8f7\" data-element_type=\"widget\" data-widget_type=\"tm-ele-text-editor.default\">\n\t\t\t\t<div class=\"elementor-widget-container\">\n\t\t\t\t\t<div class=\"tm-text-editor\">\r\n\t\t<p>Our stations offer state-of-the-art electric chargers that provide fast charging for your electric vehicle. With drivers' convenience in mind, we provide the best solutions to make electric travel simple and efficient. <\/p>\t\t<\/div>\r\n\t\t\t<\/div>\n\t\t\t\t<\/div>\n\t\t\t\t\t<\/div>\n\t\t<\/div>\n\t\t\t\t<div class=\"elementor-column elementor-col-33 elementor-top-column elementor-element elementor-element-f1aaa3c elementor-hidden-tablet elementor-hidden-mobile tm-bg-color-over-image\" data-id=\"f1aaa3c\" data-element_type=\"column\">\n\t\t\t<div class=\"elementor-widget-wrap\">\n\t\t\t\t\t\t\t<\/div>\n\t\t<\/div>\n\t\t\t\t<div class=\"elementor-column elementor-col-33 elementor-top-column elementor-element elementor-element-34f921c tm-bg-color-over-image elementor-invisible\" data-id=\"34f921c\" data-element_type=\"column\" data-settings=\"{&quot;animation&quot;:&quot;fadeInRight&quot;,&quot;animation_delay&quot;:500}\">\n\t\t\t<div class=\"elementor-widget-wrap elementor-element-populated\">\n\t\t\t\t\t\t<div class=\"elementor-element elementor-element-907a558 elementor-widget elementor-widget-image\" data-id=\"907a558\" data-element_type=\"widget\" data-widget_type=\"image.default\">\n\t\t\t\t<div class=\"elementor-widget-container\">\n\t\t\t\t\t\t\t\t\t\t\t\t\t<img fetchpriority=\"high\" decoding=\"async\" width=\"602\" height=\"602\" src=\"https:\/\/dyskontpaliwowy.pl\/wp-content\/uploads\/2024\/11\/stacja-ladujaca.png\" class=\"attachment-large size-large wp-image-3973\" alt=\"\" srcset=\"https:\/\/dyskontpaliwowy.pl\/wp-content\/uploads\/2024\/11\/stacja-ladujaca.png 602w, https:\/\/dyskontpaliwowy.pl\/wp-content\/uploads\/2024\/11\/stacja-ladujaca-300x300.png 300w, https:\/\/dyskontpaliwowy.pl\/wp-content\/uploads\/2024\/11\/stacja-ladujaca-150x150.png 150w, https:\/\/dyskontpaliwowy.pl\/wp-content\/uploads\/2024\/11\/stacja-ladujaca-100x100.png 100w, https:\/\/dyskontpaliwowy.pl\/wp-content\/uploads\/2024\/11\/stacja-ladujaca-550x550.png 550w\" sizes=\"(max-width: 602px) 100vw, 602px\" \/>\t\t\t\t\t\t\t\t\t\t\t\t\t<\/div>\n\t\t\t\t<\/div>\n\t\t\t\t\t<\/div>\n\t\t<\/div>\n\t\t\t\t\t<\/div>\n\t\t<\/section>\n\t\t<div class=\"elementor-element elementor-element-faa8909 electricity-bg-rx e-flex e-con-boxed elementor-invisible e-con e-parent\" data-id=\"faa8909\" data-element_type=\"container\" data-settings=\"{&quot;background_background&quot;:&quot;classic&quot;,&quot;animation&quot;:&quot;zoomIn&quot;}\">\n\t\t\t\t\t<div class=\"e-con-inner\">\n\t\t<div class=\"elementor-element elementor-element-b1670b0 e-con-full e-flex elementor-invisible e-con e-child\" data-id=\"b1670b0\" data-element_type=\"container\" data-settings=\"{&quot;background_background&quot;:&quot;classic&quot;,&quot;animation&quot;:&quot;fadeInLeft&quot;}\">\n\t\t\t\t<\/div>\n\t\t<div class=\"elementor-element elementor-element-6df5893 elementor-hidden-tablet elementor-hidden-mobile e-con-full e-flex e-con e-child\" data-id=\"6df5893\" data-element_type=\"container\">\n\t\t\t\t<\/div>\n\t\t<div class=\"elementor-element elementor-element-4324976 e-con-full e-flex elementor-invisible e-con e-child\" data-id=\"4324976\" data-element_type=\"container\" data-settings=\"{&quot;animation&quot;:&quot;fadeIn&quot;,&quot;animation_delay&quot;:500}\">\n\t\t\t\t<div class=\"elementor-element elementor-element-c2a54f6 horizontal-line-align-left vertical-line-align-bottom elementor-widget elementor-widget-tm-ele-section-title\" data-id=\"c2a54f6\" data-element_type=\"widget\" data-widget_type=\"tm-ele-section-title.default\">\n\t\t\t\t<div class=\"elementor-widget-container\">\n\t\t\t<div class=\"tm-sc-section-title section-title \">\r\n\t<div class=\"title-wrapper\">\r\n\t\t\t\t\t\t\t\t<h2 class=\"title \">\r\n\r\n\t\t\r\n\t\t\t\t<span class=\"title-part1 \">Benefits of  <\/span>\r\n\t\t\t\t\r\n\t\t\t\t\t<span class=\"elementor-repeater-item-3048219\">loading<\/span>\r\n\t\t\r\n\t<\/h2>\r\n\t<div class=\"title-seperator-line\"><\/div>\t\t\t\t\t\t<\/div>\r\n<\/div>\t\t<\/div>\n\t\t\t\t<\/div>\n\t\t\t\t<div class=\"elementor-element elementor-element-553df8c elementor-widget elementor-widget-tm-ele-text-editor\" data-id=\"553df8c\" data-element_type=\"widget\" data-widget_type=\"tm-ele-text-editor.default\">\n\t\t\t\t<div class=\"elementor-widget-container\">\n\t\t\t\t\t<div class=\"tm-text-editor\">\r\n\t\t<h4>at our stations<\/h4>\t\t<\/div>\r\n\t\t\t<\/div>\n\t\t\t\t<\/div>\n\t\t\t\t<div class=\"elementor-element elementor-element-59fd356 elementor-widget elementor-widget-tm-ele-text-editor\" data-id=\"59fd356\" data-element_type=\"widget\" data-widget_type=\"tm-ele-text-editor.default\">\n\t\t\t\t<div class=\"elementor-widget-container\">\n\t\t\t\t\t<div class=\"tm-text-editor\">\r\n\t\t<p><strong>Fast Charging<\/strong><br>Modern chargers allow you to quickly and efficiently charge your electric vehicle on the road so you can get back on the road as soon as possible.<\/p><p><strong>Convenient payment<\/strong><br>Pay by card - without additional apps or registration. Simple, fast and hassle-free payments at chargers. <\/p>\t\t<\/div>\r\n\t\t\t<\/div>\n\t\t\t\t<\/div>\n\t\t<div class=\"elementor-element elementor-element-55e094c e-grid e-con-full e-con e-child\" data-id=\"55e094c\" data-element_type=\"container\">\n\t\t\t\t<div class=\"elementor-element elementor-element-08ebd74 elementor-position-top elementor-widget elementor-widget-image-box\" data-id=\"08ebd74\" data-element_type=\"widget\" data-widget_type=\"image-box.default\">\n\t\t\t\t<div class=\"elementor-widget-container\">\n\t\t\t<div class=\"elementor-image-box-wrapper\"><figure class=\"elementor-image-box-img\"><img decoding=\"async\" width=\"124\" height=\"124\" src=\"https:\/\/dyskontpaliwowy.pl\/wp-content\/uploads\/2024\/08\/icon-stacje-dokujace-01.png\" class=\"attachment-full size-full wp-image-3145\" alt=\"\" \/><\/figure><div class=\"elementor-image-box-content\"><h3 class=\"elementor-image-box-title\">FAST CHARGING<\/h3><\/div><\/div>\t\t<\/div>\n\t\t\t\t<\/div>\n\t\t\t\t<div class=\"elementor-element elementor-element-180ec4a elementor-position-top elementor-widget elementor-widget-image-box\" data-id=\"180ec4a\" data-element_type=\"widget\" data-widget_type=\"image-box.default\">\n\t\t\t\t<div class=\"elementor-widget-container\">\n\t\t\t<div class=\"elementor-image-box-wrapper\"><figure class=\"elementor-image-box-img\"><img decoding=\"async\" width=\"124\" height=\"124\" src=\"https:\/\/dyskontpaliwowy.pl\/wp-content\/uploads\/2024\/08\/icon-stacje-dokujace-02.png\" class=\"attachment-full size-full wp-image-3139\" alt=\"\" \/><\/figure><div class=\"elementor-image-box-content\"><h3 class=\"elementor-image-box-title\">FROM 1.99Z\u0141\/KWH<\/h3><\/div><\/div>\t\t<\/div>\n\t\t\t\t<\/div>\n\t\t\t\t<div class=\"elementor-element elementor-element-fe61c2e elementor-position-top elementor-widget elementor-widget-image-box\" data-id=\"fe61c2e\" data-element_type=\"widget\" data-widget_type=\"image-box.default\">\n\t\t\t\t<div class=\"elementor-widget-container\">\n\t\t\t<div class=\"elementor-image-box-wrapper\"><figure class=\"elementor-image-box-img\"><img loading=\"lazy\" decoding=\"async\" width=\"124\" height=\"124\" src=\"https:\/\/dyskontpaliwowy.pl\/wp-content\/uploads\/2024\/08\/icon-stacje-dokujace-03.png\" class=\"attachment-full size-full wp-image-3142\" alt=\"\" \/><\/figure><div class=\"elementor-image-box-content\"><h3 class=\"elementor-image-box-title\">CARD PAYMENT<\/h3><\/div><\/div>\t\t<\/div>\n\t\t\t\t<\/div>\n\t\t\t\t<\/div>\n\t\t\t\t<\/div>\n\t\t\t\t\t<\/div>\n\t\t\t\t<\/div>\n\t\t\t\t<section class=\"elementor-section elementor-top-section elementor-element elementor-element-1945c2f elementor-section-stretched elementor-section-boxed elementor-section-height-default elementor-section-height-default tm-col-stretched-none tm-bg-color-over-image elementor-invisible\" data-id=\"1945c2f\" data-element_type=\"section\" data-settings=\"{&quot;stretch_section&quot;:&quot;section-stretched&quot;,&quot;animation&quot;:&quot;fadeIn&quot;}\">\n\t\t\t\t\t\t<div class=\"elementor-container elementor-column-gap-extended\">\n\t\t\t\t\t<div class=\"elementor-column elementor-col-33 elementor-top-column elementor-element elementor-element-a56784b tm-bg-color-over-image elementor-invisible\" data-id=\"a56784b\" data-element_type=\"column\" data-settings=\"{&quot;animation&quot;:&quot;fadeInLeft&quot;,&quot;animation_delay&quot;:500}\">\n\t\t\t<div class=\"elementor-widget-wrap elementor-element-populated\">\n\t\t\t\t\t\t<div class=\"elementor-element elementor-element-0bb448e horizontal-line-align-left vertical-line-align-bottom elementor-widget elementor-widget-tm-ele-section-title\" data-id=\"0bb448e\" data-element_type=\"widget\" data-widget_type=\"tm-ele-section-title.default\">\n\t\t\t\t<div class=\"elementor-widget-container\">\n\t\t\t<div class=\"tm-sc-section-title section-title \">\r\n\t<div class=\"title-wrapper\">\r\n\t\t\t\t\t\t\t\t<h2 class=\"title \">\r\n\r\n\t\t\r\n\t\t\t\t<span class=\"title-part1 \">Accessibility at the main  <\/span>\r\n\t\t\t\t\r\n\t\t\t\t\t<span class=\"elementor-repeater-item-3048219\">routes<\/span>\r\n\t\t\r\n\t<\/h2>\r\n\t<div class=\"title-seperator-line\"><\/div>\t\t\t\t\t\t<\/div>\r\n<\/div>\t\t<\/div>\n\t\t\t\t<\/div>\n\t\t\t\t<div class=\"elementor-element elementor-element-7e4e99a elementor-widget elementor-widget-tm-ele-text-editor\" data-id=\"7e4e99a\" data-element_type=\"widget\" data-widget_type=\"tm-ele-text-editor.default\">\n\t\t\t\t<div class=\"elementor-widget-container\">\n\t\t\t\t\t<div class=\"tm-text-editor\">\r\n\t\t<p>Our chargers are located along key transportation routes, making it easy to plan a route with charging points.<\/p>\t\t<\/div>\r\n\t\t\t<\/div>\n\t\t\t\t<\/div>\n\t\t\t\t<div class=\"elementor-element elementor-element-086a14b elementor-widget elementor-widget-tm-ele-button\" data-id=\"086a14b\" data-element_type=\"widget\" data-widget_type=\"tm-ele-button.default\">\n\t\t\t\t<div class=\"elementor-widget-container\">\n\t\t\t<div class=\"tm-sc-button btn-view-details \">\r\n\t<a  href=\"\/en\/station-map\/\" \r\n\t\t\t\t\t\tclass=\"btn btn-theme-colored4\">\r\n\r\n\t\t\r\n\t\t\r\n\t\t<span>\r\n\t\tcheck out the charging stations on the map\t\t<\/span>\r\n\r\n\t\t\t<\/a>\r\n<\/div>\t\t<\/div>\n\t\t\t\t<\/div>\n\t\t\t\t\t<\/div>\n\t\t<\/div>\n\t\t\t\t<div class=\"elementor-column elementor-col-33 elementor-top-column elementor-element elementor-element-9fcb6e2 elementor-hidden-tablet elementor-hidden-mobile tm-bg-color-over-image\" data-id=\"9fcb6e2\" data-element_type=\"column\">\n\t\t\t<div class=\"elementor-widget-wrap\">\n\t\t\t\t\t\t\t<\/div>\n\t\t<\/div>\n\t\t\t\t<div class=\"elementor-column elementor-col-33 elementor-top-column elementor-element elementor-element-fd70d6b tm-bg-color-over-image elementor-invisible\" data-id=\"fd70d6b\" data-element_type=\"column\" data-settings=\"{&quot;animation&quot;:&quot;fadeInRight&quot;,&quot;animation_delay&quot;:500}\">\n\t\t\t<div class=\"elementor-widget-wrap elementor-element-populated\">\n\t\t\t\t\t\t<div class=\"elementor-element elementor-element-42d4bb5 elementor-absolute elementor-widget-tablet__width-initial elementor-widget-mobile__width-initial elementor-widget elementor-widget-tm-ele-spin-text-around-logo\" data-id=\"42d4bb5\" data-element_type=\"widget\" data-settings=\"{&quot;_position&quot;:&quot;absolute&quot;}\" data-widget_type=\"tm-ele-spin-text-around-logo.default\">\n\t\t\t\t<div class=\"elementor-widget-container\">\n\t\t\t<div class=\"spin-text-around-logo\">\r\n\t\t<img decoding=\"async\" class=\"spin-img\" src=\"https:\/\/dyskontpaliwowy.pl\/wp-content\/uploads\/2024\/08\/dyskont-paliwowy-okrag.svg\" alt=\"Image\">\r\n\t\t<span class=\"letter\">dp<\/span>\r\n<\/div>\t\t<\/div>\n\t\t\t\t<\/div>\n\t\t\t\t<div class=\"elementor-element elementor-element-748e352 elementor-widget elementor-widget-image\" data-id=\"748e352\" data-element_type=\"widget\" data-widget_type=\"image.default\">\n\t\t\t\t<div class=\"elementor-widget-container\">\n\t\t\t\t\t\t\t\t\t\t\t\t\t<img loading=\"lazy\" decoding=\"async\" width=\"521\" height=\"739\" src=\"https:\/\/dyskontpaliwowy.pl\/wp-content\/uploads\/2024\/08\/zdj-stacje-elektryczne-03.png\" class=\"attachment-large size-large wp-image-3148\" alt=\"\" srcset=\"https:\/\/dyskontpaliwowy.pl\/wp-content\/uploads\/2024\/08\/zdj-stacje-elektryczne-03.png 521w, https:\/\/dyskontpaliwowy.pl\/wp-content\/uploads\/2024\/08\/zdj-stacje-elektryczne-03-212x300.png 212w\" sizes=\"(max-width: 521px) 100vw, 521px\" \/>\t\t\t\t\t\t\t\t\t\t\t\t\t<\/div>\n\t\t\t\t<\/div>\n\t\t\t\t\t<\/div>\n\t\t<\/div>\n\t\t\t\t\t<\/div>\n\t\t<\/section>\n\t\t\t\t<\/div>\n\t\t","protected":false},"excerpt":{"rendered":"<p>PLN 1.99 per kWh Chargers electric Why charge at our stations? Our stations offer state-of-the-art electric chargers that provide fast&#8230;<\/p>\n","protected":false},"author":1,"featured_media":0,"parent":0,"menu_order":0,"comment_status":"closed","ping_status":"closed","template":"","meta":{"footnotes":""},"class_list":["post-4944","page","type-page","status-publish","hentry"],"yoast_head":"<!-- This site is optimized with the Yoast SEO plugin v24.0 - https:\/\/yoast.com\/wordpress\/plugins\/seo\/ -->\n<title>Charging stations - Dyskont Paliwowy<\/title>\n<meta name=\"robots\" content=\"index, follow, max-snippet:-1, max-image-preview:large, max-video-preview:-1\" \/>\n<link rel=\"canonical\" href=\"https:\/\/dyskontpaliwowy.pl\/en\/charging-stations\/\" \/>\n<meta property=\"og:locale\" content=\"en_US\" \/>\n<meta property=\"og:type\" content=\"article\" \/>\n<meta property=\"og:title\" content=\"Charging stations - Dyskont Paliwowy\" \/>\n<meta property=\"og:description\" content=\"PLN 1.99 per kWh Chargers electric Why charge at our stations? Our stations offer state-of-the-art electric chargers that provide fast...\" \/>\n<meta property=\"og:url\" content=\"https:\/\/dyskontpaliwowy.pl\/en\/charging-stations\/\" \/>\n<meta property=\"og:site_name\" content=\"Dyskont Paliwowy\" \/>\n<meta property=\"article:publisher\" content=\"https:\/\/www.facebook.com\/DyskontPaliwowy\/?locale=pl_PL\" \/>\n<meta property=\"article:modified_time\" content=\"2024-12-13T12:39:39+00:00\" \/>\n<meta property=\"og:image\" content=\"https:\/\/dyskontpaliwowy.pl\/wp-content\/uploads\/2024\/11\/stacja-ladujaca.png\" \/>\n\t<meta property=\"og:image:width\" content=\"602\" \/>\n\t<meta property=\"og:image:height\" content=\"602\" \/>\n\t<meta property=\"og:image:type\" content=\"image\/png\" \/>\n<meta name=\"twitter:card\" content=\"summary_large_image\" \/>\n<meta name=\"twitter:label1\" content=\"Est. reading time\" \/>\n\t<meta name=\"twitter:data1\" content=\"2 minutes\" \/>\n<script type=\"application\/ld+json\" class=\"yoast-schema-graph\">{\"@context\":\"https:\/\/schema.org\",\"@graph\":[{\"@type\":\"WebPage\",\"@id\":\"https:\/\/dyskontpaliwowy.pl\/en\/charging-stations\/\",\"url\":\"https:\/\/dyskontpaliwowy.pl\/en\/charging-stations\/\",\"name\":\"Charging stations - Dyskont Paliwowy\",\"isPartOf\":{\"@id\":\"https:\/\/dyskontpaliwowy.pl\/en\/#website\"},\"primaryImageOfPage\":{\"@id\":\"https:\/\/dyskontpaliwowy.pl\/en\/charging-stations\/#primaryimage\"},\"image\":{\"@id\":\"https:\/\/dyskontpaliwowy.pl\/en\/charging-stations\/#primaryimage\"},\"thumbnailUrl\":\"https:\/\/dyskontpaliwowy.pl\/wp-content\/uploads\/2024\/11\/stacja-ladujaca.png\",\"datePublished\":\"2024-08-20T07:06:15+00:00\",\"dateModified\":\"2024-12-13T12:39:39+00:00\",\"breadcrumb\":{\"@id\":\"https:\/\/dyskontpaliwowy.pl\/en\/charging-stations\/#breadcrumb\"},\"inLanguage\":\"en-US\",\"potentialAction\":[{\"@type\":\"ReadAction\",\"target\":[\"https:\/\/dyskontpaliwowy.pl\/en\/charging-stations\/\"]}]},{\"@type\":\"ImageObject\",\"inLanguage\":\"en-US\",\"@id\":\"https:\/\/dyskontpaliwowy.pl\/en\/charging-stations\/#primaryimage\",\"url\":\"https:\/\/dyskontpaliwowy.pl\/wp-content\/uploads\/2024\/11\/stacja-ladujaca.png\",\"contentUrl\":\"https:\/\/dyskontpaliwowy.pl\/wp-content\/uploads\/2024\/11\/stacja-ladujaca.png\"},{\"@type\":\"BreadcrumbList\",\"@id\":\"https:\/\/dyskontpaliwowy.pl\/en\/charging-stations\/#breadcrumb\",\"itemListElement\":[{\"@type\":\"ListItem\",\"position\":1,\"name\":\"Homepage\",\"item\":\"https:\/\/dyskontpaliwowy.pl\/en\/\"},{\"@type\":\"ListItem\",\"position\":2,\"name\":\"Charging stations\"}]},{\"@type\":\"WebSite\",\"@id\":\"https:\/\/dyskontpaliwowy.pl\/en\/#website\",\"url\":\"https:\/\/dyskontpaliwowy.pl\/en\/\",\"name\":\"Dyskont Paliwowy DP\",\"description\":\"Komfort, jako\u015b\u0107 i oszcz\u0119dno\u015b\u0107 w trasie. Tankowanie, Bistro DP, myjnie i parkingi TIR \u2013 wszystko, czego potrzebujesz w podr\u00f3\u017cy!\",\"publisher\":{\"@id\":\"https:\/\/dyskontpaliwowy.pl\/en\/#organization\"},\"potentialAction\":[{\"@type\":\"SearchAction\",\"target\":{\"@type\":\"EntryPoint\",\"urlTemplate\":\"https:\/\/dyskontpaliwowy.pl\/en\/?s={search_term_string}\"},\"query-input\":{\"@type\":\"PropertyValueSpecification\",\"valueRequired\":true,\"valueName\":\"search_term_string\"}}],\"inLanguage\":\"en-US\"},{\"@type\":\"Organization\",\"@id\":\"https:\/\/dyskontpaliwowy.pl\/en\/#organization\",\"name\":\"Dyskont Paliwowy\",\"url\":\"https:\/\/dyskontpaliwowy.pl\/en\/\",\"logo\":{\"@type\":\"ImageObject\",\"inLanguage\":\"en-US\",\"@id\":\"https:\/\/dyskontpaliwowy.pl\/en\/#\/schema\/logo\/image\/\",\"url\":\"https:\/\/dyskontpaliwowy.pl\/wp-content\/uploads\/2024\/08\/logo-nawigacja.svg\",\"contentUrl\":\"https:\/\/dyskontpaliwowy.pl\/wp-content\/uploads\/2024\/08\/logo-nawigacja.svg\",\"width\":1,\"height\":1,\"caption\":\"Dyskont Paliwowy\"},\"image\":{\"@id\":\"https:\/\/dyskontpaliwowy.pl\/en\/#\/schema\/logo\/image\/\"},\"sameAs\":[\"https:\/\/www.facebook.com\/DyskontPaliwowy\/?locale=pl_PL\",\"https:\/\/www.instagram.com\/dyskontpaliwowy\/\"]}]}<\/script>\n<!-- \/ Yoast SEO plugin. -->","yoast_head_json":{"title":"Charging stations - Dyskont Paliwowy","robots":{"index":"index","follow":"follow","max-snippet":"max-snippet:-1","max-image-preview":"max-image-preview:large","max-video-preview":"max-video-preview:-1"},"canonical":"https:\/\/dyskontpaliwowy.pl\/en\/charging-stations\/","og_locale":"en_US","og_type":"article","og_title":"Charging stations - Dyskont Paliwowy","og_description":"PLN 1.99 per kWh Chargers electric Why charge at our stations? Our stations offer state-of-the-art electric chargers that provide fast...","og_url":"https:\/\/dyskontpaliwowy.pl\/en\/charging-stations\/","og_site_name":"Dyskont Paliwowy","article_publisher":"https:\/\/www.facebook.com\/DyskontPaliwowy\/?locale=pl_PL","article_modified_time":"2024-12-13T12:39:39+00:00","og_image":[{"width":602,"height":602,"url":"https:\/\/dyskontpaliwowy.pl\/wp-content\/uploads\/2024\/11\/stacja-ladujaca.png","type":"image\/png"}],"twitter_card":"summary_large_image","twitter_misc":{"Est. reading time":"2 minutes"},"schema":{"@context":"https:\/\/schema.org","@graph":[{"@type":"WebPage","@id":"https:\/\/dyskontpaliwowy.pl\/en\/charging-stations\/","url":"https:\/\/dyskontpaliwowy.pl\/en\/charging-stations\/","name":"Charging stations - Dyskont Paliwowy","isPartOf":{"@id":"https:\/\/dyskontpaliwowy.pl\/en\/#website"},"primaryImageOfPage":{"@id":"https:\/\/dyskontpaliwowy.pl\/en\/charging-stations\/#primaryimage"},"image":{"@id":"https:\/\/dyskontpaliwowy.pl\/en\/charging-stations\/#primaryimage"},"thumbnailUrl":"https:\/\/dyskontpaliwowy.pl\/wp-content\/uploads\/2024\/11\/stacja-ladujaca.png","datePublished":"2024-08-20T07:06:15+00:00","dateModified":"2024-12-13T12:39:39+00:00","breadcrumb":{"@id":"https:\/\/dyskontpaliwowy.pl\/en\/charging-stations\/#breadcrumb"},"inLanguage":"en-US","potentialAction":[{"@type":"ReadAction","target":["https:\/\/dyskontpaliwowy.pl\/en\/charging-stations\/"]}]},{"@type":"ImageObject","inLanguage":"en-US","@id":"https:\/\/dyskontpaliwowy.pl\/en\/charging-stations\/#primaryimage","url":"https:\/\/dyskontpaliwowy.pl\/wp-content\/uploads\/2024\/11\/stacja-ladujaca.png","contentUrl":"https:\/\/dyskontpaliwowy.pl\/wp-content\/uploads\/2024\/11\/stacja-ladujaca.png"},{"@type":"BreadcrumbList","@id":"https:\/\/dyskontpaliwowy.pl\/en\/charging-stations\/#breadcrumb","itemListElement":[{"@type":"ListItem","position":1,"name":"Homepage","item":"https:\/\/dyskontpaliwowy.pl\/en\/"},{"@type":"ListItem","position":2,"name":"Charging stations"}]},{"@type":"WebSite","@id":"https:\/\/dyskontpaliwowy.pl\/en\/#website","url":"https:\/\/dyskontpaliwowy.pl\/en\/","name":"Dyskont Paliwowy DP","description":"Komfort, jako\u015b\u0107 i oszcz\u0119dno\u015b\u0107 w trasie. Tankowanie, Bistro DP, myjnie i parkingi TIR \u2013 wszystko, czego potrzebujesz w podr\u00f3\u017cy!","publisher":{"@id":"https:\/\/dyskontpaliwowy.pl\/en\/#organization"},"potentialAction":[{"@type":"SearchAction","target":{"@type":"EntryPoint","urlTemplate":"https:\/\/dyskontpaliwowy.pl\/en\/?s={search_term_string}"},"query-input":{"@type":"PropertyValueSpecification","valueRequired":true,"valueName":"search_term_string"}}],"inLanguage":"en-US"},{"@type":"Organization","@id":"https:\/\/dyskontpaliwowy.pl\/en\/#organization","name":"Dyskont Paliwowy","url":"https:\/\/dyskontpaliwowy.pl\/en\/","logo":{"@type":"ImageObject","inLanguage":"en-US","@id":"https:\/\/dyskontpaliwowy.pl\/en\/#\/schema\/logo\/image\/","url":"https:\/\/dyskontpaliwowy.pl\/wp-content\/uploads\/2024\/08\/logo-nawigacja.svg","contentUrl":"https:\/\/dyskontpaliwowy.pl\/wp-content\/uploads\/2024\/08\/logo-nawigacja.svg","width":1,"height":1,"caption":"Dyskont Paliwowy"},"image":{"@id":"https:\/\/dyskontpaliwowy.pl\/en\/#\/schema\/logo\/image\/"},"sameAs":["https:\/\/www.facebook.com\/DyskontPaliwowy\/?locale=pl_PL","https:\/\/www.instagram.com\/dyskontpaliwowy\/"]}]}},"_links":{"self":[{"href":"https:\/\/dyskontpaliwowy.pl\/en\/wp-json\/wp\/v2\/pages\/4944","targetHints":{"allow":["GET"]}}],"collection":[{"href":"https:\/\/dyskontpaliwowy.pl\/en\/wp-json\/wp\/v2\/pages"}],"about":[{"href":"https:\/\/dyskontpaliwowy.pl\/en\/wp-json\/wp\/v2\/types\/page"}],"author":[{"embeddable":true,"href":"https:\/\/dyskontpaliwowy.pl\/en\/wp-json\/wp\/v2\/users\/1"}],"replies":[{"embeddable":true,"href":"https:\/\/dyskontpaliwowy.pl\/en\/wp-json\/wp\/v2\/comments?post=4944"}],"version-history":[{"count":7,"href":"https:\/\/dyskontpaliwowy.pl\/en\/wp-json\/wp\/v2\/pages\/4944\/revisions"}],"predecessor-version":[{"id":5914,"href":"https:\/\/dyskontpaliwowy.pl\/en\/wp-json\/wp\/v2\/pages\/4944\/revisions\/5914"}],"wp:attachment":[{"href":"https:\/\/dyskontpaliwowy.pl\/en\/wp-json\/wp\/v2\/media?parent=4944"}],"curies":[{"name":"wp","href":"https:\/\/api.w.org\/{rel}","templated":true}]}}