{"id":4916,"date":"2024-08-20T09:28:22","date_gmt":"2024-08-20T07:28:22","guid":{"rendered":"https:\/\/dyskontpaliwowy.pl\/about-the-brand\/"},"modified":"2024-12-16T11:04:17","modified_gmt":"2024-12-16T10:04:17","slug":"about-the-brand","status":"publish","type":"page","link":"https:\/\/dyskontpaliwowy.pl\/en\/about-the-brand\/","title":{"rendered":"About the brand"},"content":{"rendered":"\t\t<div data-elementor-type=\"wp-page\" data-elementor-id=\"4916\" class=\"elementor elementor-4916 elementor-43\">\n\t\t\t\t\t\t<section class=\"elementor-section elementor-top-section elementor-element elementor-element-5b02835 elementor-section-stretched elementor-section-boxed elementor-section-height-default elementor-section-height-default tm-col-stretched-none tm-bg-color-over-image elementor-invisible\" data-id=\"5b02835\" data-element_type=\"section\" data-settings=\"{&quot;stretch_section&quot;:&quot;section-stretched&quot;,&quot;animation&quot;:&quot;fadeIn&quot;,&quot;animation_delay&quot;:500}\">\n\t\t\t\t\t\t<div class=\"elementor-container elementor-column-gap-extended\">\n\t\t\t\t\t<div class=\"elementor-column elementor-col-50 elementor-top-column elementor-element elementor-element-f168798 tm-bg-color-over-image elementor-invisible\" data-id=\"f168798\" data-element_type=\"column\" data-settings=\"{&quot;animation&quot;:&quot;fadeInLeft&quot;,&quot;animation_delay&quot;:500}\">\n\t\t\t<div class=\"elementor-widget-wrap elementor-element-populated\">\n\t\t\t\t\t\t<div class=\"elementor-element elementor-element-e49ff08 horizontal-line-align-left vertical-line-align-bottom elementor-widget elementor-widget-tm-ele-section-title\" data-id=\"e49ff08\" data-element_type=\"widget\" data-widget_type=\"tm-ele-section-title.default\">\n\t\t\t\t<div class=\"elementor-widget-container\">\n\t\t\t<div class=\"tm-sc-section-title section-title \">\r\n\t<div class=\"title-wrapper\">\r\n\t\t\t\t\t\t<h6 class=\"subtitle \">\r\n\r\n\t\t\r\n\t\tabout us\t<\/h6>\r\n\t\t\t\t<h2 class=\"title \">\r\n\r\n\t\t\r\n\t\t\t\t<span class=\"title-part1 \">We have been with you since<\/span>\r\n\t\t\t\t\r\n\t\t\t\t\t<span class=\"elementor-repeater-item-3048219\">11 years<\/span>\r\n\t\t\r\n\t<\/h2>\r\n\t<div class=\"title-seperator-line\"><\/div>\t\t\t\t\t\t<\/div>\r\n<\/div>\t\t<\/div>\n\t\t\t\t<\/div>\n\t\t\t\t<div class=\"elementor-element elementor-element-314ea72 elementor-widget elementor-widget-tm-ele-text-editor\" data-id=\"314ea72\" data-element_type=\"widget\" data-widget_type=\"tm-ele-text-editor.default\">\n\t\t\t\t<div class=\"elementor-widget-container\">\n\t\t\t\t\t<div class=\"tm-text-editor\">\r\n\t\t<h4>modern gas stations<\/h4>\t\t<\/div>\r\n\t\t\t<\/div>\n\t\t\t\t<\/div>\n\t\t\t\t<div class=\"elementor-element elementor-element-7f83034 elementor-widget elementor-widget-tm-ele-text-editor\" data-id=\"7f83034\" data-element_type=\"widget\" data-widget_type=\"tm-ele-text-editor.default\">\n\t\t\t\t<div class=\"elementor-widget-container\">\n\t\t\t\t\t<div class=\"tm-text-editor\">\r\n\t\t<p>Dyskont Paliwowy is a brand of gas stations created by Citronex. The first station under this name was opened in Zgorzelec in 2013. Since then, we have been growing rapidly, opening more facilities in key locations such as Lipiany, Siechnice, Stok, Ilowa and K\u0105ty Wroc\u0142awskie. In 2019, we launched the largest Fuel Discount in Poland, also in Zgorzelec. The network now includes <strong>13 stations<\/strong> located at strategic points throughout Poland, including on the southern border in <strong>Gorzyczki<\/strong> and in the north in <strong>Kopytkowo<\/strong>, providing drivers with convenient access to fuel and services on key transport routes.    <\/p>\t\t<\/div>\r\n\t\t\t<\/div>\n\t\t\t\t<\/div>\n\t\t\t\t\t<\/div>\n\t\t<\/div>\n\t\t\t\t<div class=\"elementor-column elementor-col-50 elementor-top-column elementor-element elementor-element-24acafa tm-bg-color-over-image elementor-invisible\" data-id=\"24acafa\" data-element_type=\"column\" data-settings=\"{&quot;animation&quot;:&quot;fadeInRight&quot;,&quot;animation_delay&quot;:500}\">\n\t\t\t<div class=\"elementor-widget-wrap elementor-element-populated\">\n\t\t\t\t\t\t<div class=\"elementor-element elementor-element-9adfb71 elementor-widget__width-initial elementor-widget-tablet__width-auto elementor-widget-mobile__width-auto elementor-widget elementor-widget-tm-ele-animated-layers\" data-id=\"9adfb71\" data-element_type=\"widget\" data-widget_type=\"tm-ele-animated-layers.default\">\n\t\t\t\t<div class=\"elementor-widget-container\">\n\t\t\t\t\t<div class=\"tm-sc-animated-layer-advanced \">\r\n\t\t\t<div class=\"animated-layer-advanced-inner clearfix\">\r\n\t\r\n<div class=\"layer-image-wrapper layer-image  elementor-repeater-item-8c748c4\" style=\"\">\r\n\t<div class=\"layer-inner layer-image  \">\r\n\t\t<div class=\"layer-image-inner-wrapper image-hover-effect-shine\">\r\n\t\t\t<img fetchpriority=\"high\" decoding=\"async\" class=\"\" src=\"https:\/\/dyskontpaliwowy.pl\/wp-content\/uploads\/2024\/10\/zdj-o-marce-01.jpg\" width=\"439\" height=\"619\" alt=\"Image\">\r\n\t\t<\/div>\r\n\t<\/div>\r\n<\/div>\r\n\t\t\t<\/div>\r\n\t\t\t<div class=\"clearfix\"><\/div>\r\n\t\t<\/div>\r\n\t\t\t<\/div>\n\t\t\t\t<\/div>\n\t\t\t\t\t<\/div>\n\t\t<\/div>\n\t\t\t\t\t<\/div>\n\t\t<\/section>\n\t\t\t\t<section class=\"elementor-section elementor-top-section elementor-element elementor-element-6c7e60c elementor-section-stretched elementor-reverse-tablet elementor-reverse-mobile elementor-section-boxed elementor-section-height-default elementor-section-height-default tm-col-stretched-none tm-bg-color-over-image elementor-invisible\" data-id=\"6c7e60c\" data-element_type=\"section\" data-settings=\"{&quot;stretch_section&quot;:&quot;section-stretched&quot;,&quot;animation&quot;:&quot;fadeIn&quot;,&quot;animation_delay&quot;:500}\">\n\t\t\t\t\t\t<div class=\"elementor-container elementor-column-gap-extended\">\n\t\t\t\t\t<div class=\"elementor-column elementor-col-50 elementor-top-column elementor-element elementor-element-6148950 tm-bg-color-over-image elementor-invisible\" data-id=\"6148950\" data-element_type=\"column\" data-settings=\"{&quot;animation&quot;:&quot;fadeInLeft&quot;,&quot;animation_delay&quot;:500}\">\n\t\t\t<div class=\"elementor-widget-wrap elementor-element-populated\">\n\t\t\t\t\t\t<div class=\"elementor-element elementor-element-3c1736d elementor-widget__width-initial elementor-widget-tablet__width-auto elementor-widget-mobile__width-auto elementor-widget elementor-widget-tm-ele-animated-layers\" data-id=\"3c1736d\" data-element_type=\"widget\" data-widget_type=\"tm-ele-animated-layers.default\">\n\t\t\t\t<div class=\"elementor-widget-container\">\n\t\t\t\t\t<div class=\"tm-sc-animated-layer-advanced \">\r\n\t\t\t<div class=\"animated-layer-advanced-inner clearfix\">\r\n\t\r\n<div class=\"layer-image-wrapper layer-image  elementor-repeater-item-8c748c4\" style=\"\">\r\n\t<div class=\"layer-inner layer-image  \">\r\n\t\t<div class=\"layer-image-inner-wrapper image-hover-effect-shine\">\r\n\t\t\t<img decoding=\"async\" class=\"\" src=\"https:\/\/dyskontpaliwowy.pl\/wp-content\/uploads\/2024\/10\/zdj-o-marce-02-1.jpg\" width=\"439\" height=\"619\" alt=\"Image\">\r\n\t\t<\/div>\r\n\t<\/div>\r\n<\/div>\r\n\t\t\t<\/div>\r\n\t\t\t<div class=\"clearfix\"><\/div>\r\n\t\t<\/div>\r\n\t\t\t<\/div>\n\t\t\t\t<\/div>\n\t\t\t\t\t<\/div>\n\t\t<\/div>\n\t\t\t\t<div class=\"elementor-column elementor-col-50 elementor-top-column elementor-element elementor-element-e2cb233 tm-bg-color-over-image elementor-invisible\" data-id=\"e2cb233\" data-element_type=\"column\" data-settings=\"{&quot;animation&quot;:&quot;fadeInRight&quot;,&quot;animation_delay&quot;:500}\">\n\t\t\t<div class=\"elementor-widget-wrap elementor-element-populated\">\n\t\t\t\t\t\t<div class=\"elementor-element elementor-element-127a7c0 horizontal-line-align-left vertical-line-align-bottom elementor-widget elementor-widget-tm-ele-section-title\" data-id=\"127a7c0\" data-element_type=\"widget\" data-widget_type=\"tm-ele-section-title.default\">\n\t\t\t\t<div class=\"elementor-widget-container\">\n\t\t\t<div class=\"tm-sc-section-title section-title \">\r\n\t<div class=\"title-wrapper\">\r\n\t\t\t\t\t\t\t\t<h2 class=\"title \">\r\n\r\n\t\t\r\n\t\t\t\t<span class=\"title-part1 \">Awards and  <\/span>\r\n\t\t\t\t\r\n\t\t\t\t\t<span class=\"elementor-repeater-item-3048219\">awards<\/span>\r\n\t\t\r\n\t<\/h2>\r\n\t<div class=\"title-seperator-line\"><\/div>\t\t\t\t\t\t<\/div>\r\n<\/div>\t\t<\/div>\n\t\t\t\t<\/div>\n\t\t\t\t<div class=\"elementor-element elementor-element-90e87f2 elementor-widget elementor-widget-tm-ele-text-editor\" data-id=\"90e87f2\" data-element_type=\"widget\" data-widget_type=\"tm-ele-text-editor.default\">\n\t\t\t\t<div class=\"elementor-widget-container\">\n\t\t\t\t\t<div class=\"tm-text-editor\">\r\n\t\t<h4>MULTIPLE honored gas stations.<\/h4>\t\t<\/div>\r\n\t\t\t<\/div>\n\t\t\t\t<\/div>\n\t\t\t\t<div class=\"elementor-element elementor-element-7be145d elementor-widget elementor-widget-tm-ele-text-editor\" data-id=\"7be145d\" data-element_type=\"widget\" data-widget_type=\"tm-ele-text-editor.default\">\n\t\t\t\t<div class=\"elementor-widget-container\">\n\t\t\t\t\t<div class=\"tm-text-editor\">\r\n\t\t<p>Citronex Fuel Discount has gained recognition at the PetroTrend industry forum, winning awards and honors in the prestigious \"Gas Station of the Year competition.\" In 2020, the Zgorzelec station was awarded <strong>\"Independent Gas Station\"<\/strong> and won in the <strong>\"New Facility\"<\/strong> category, allowing Citronex to make its mark as one of the leaders in the Polish fuel market.   <\/p><p>In 2022, the K\u0105ty Wroc\u0142awskie station won further accolades at PetroTrend, winning the <strong>\"Gas Station Convenience Store\"<\/strong> category and making the finals in other categories.<\/p>\t\t<\/div>\r\n\t\t\t<\/div>\n\t\t\t\t<\/div>\n\t\t\t\t\t<\/div>\n\t\t<\/div>\n\t\t\t\t\t<\/div>\n\t\t<\/section>\n\t\t\t\t<\/div>\n\t\t","protected":false},"excerpt":{"rendered":"<p>about us We have been with you since 11 years modern gas stations Dyskont Paliwowy is a brand of gas&#8230;<\/p>\n","protected":false},"author":1,"featured_media":0,"parent":0,"menu_order":0,"comment_status":"closed","ping_status":"closed","template":"","meta":{"footnotes":""},"class_list":["post-4916","page","type-page","status-publish","hentry"],"yoast_head":"<!-- This site is optimized with the Yoast SEO plugin v24.0 - https:\/\/yoast.com\/wordpress\/plugins\/seo\/ -->\n<title>About the brand - Dyskont Paliwowy<\/title>\n<meta name=\"robots\" content=\"index, follow, max-snippet:-1, max-image-preview:large, max-video-preview:-1\" \/>\n<link rel=\"canonical\" href=\"https:\/\/dyskontpaliwowy.pl\/en\/about-the-brand\/\" \/>\n<meta property=\"og:locale\" content=\"en_US\" \/>\n<meta property=\"og:type\" content=\"article\" \/>\n<meta property=\"og:title\" content=\"About the brand - Dyskont Paliwowy\" \/>\n<meta property=\"og:description\" content=\"about us We have been with you since 11 years modern gas stations Dyskont Paliwowy is a brand of gas...\" \/>\n<meta property=\"og:url\" content=\"https:\/\/dyskontpaliwowy.pl\/en\/about-the-brand\/\" \/>\n<meta property=\"og:site_name\" content=\"Dyskont Paliwowy\" \/>\n<meta property=\"article:publisher\" content=\"https:\/\/www.facebook.com\/DyskontPaliwowy\/?locale=pl_PL\" \/>\n<meta property=\"article:modified_time\" content=\"2024-12-16T10:04:17+00:00\" \/>\n<meta property=\"og:image\" content=\"https:\/\/dyskontpaliwowy.pl\/wp-content\/uploads\/2024\/10\/zdj-o-marce-01.jpg\" \/>\n<meta name=\"twitter:card\" content=\"summary_large_image\" \/>\n<meta name=\"twitter:label1\" content=\"Est. reading time\" \/>\n\t<meta name=\"twitter:data1\" content=\"2 minutes\" \/>\n<script type=\"application\/ld+json\" class=\"yoast-schema-graph\">{\"@context\":\"https:\/\/schema.org\",\"@graph\":[{\"@type\":\"WebPage\",\"@id\":\"https:\/\/dyskontpaliwowy.pl\/en\/about-the-brand\/\",\"url\":\"https:\/\/dyskontpaliwowy.pl\/en\/about-the-brand\/\",\"name\":\"About the brand - Dyskont Paliwowy\",\"isPartOf\":{\"@id\":\"https:\/\/dyskontpaliwowy.pl\/en\/#website\"},\"primaryImageOfPage\":{\"@id\":\"https:\/\/dyskontpaliwowy.pl\/en\/about-the-brand\/#primaryimage\"},\"image\":{\"@id\":\"https:\/\/dyskontpaliwowy.pl\/en\/about-the-brand\/#primaryimage\"},\"thumbnailUrl\":\"https:\/\/dyskontpaliwowy.pl\/wp-content\/uploads\/2024\/10\/zdj-o-marce-01.jpg\",\"datePublished\":\"2024-08-20T07:28:22+00:00\",\"dateModified\":\"2024-12-16T10:04:17+00:00\",\"breadcrumb\":{\"@id\":\"https:\/\/dyskontpaliwowy.pl\/en\/about-the-brand\/#breadcrumb\"},\"inLanguage\":\"en-US\",\"potentialAction\":[{\"@type\":\"ReadAction\",\"target\":[\"https:\/\/dyskontpaliwowy.pl\/en\/about-the-brand\/\"]}]},{\"@type\":\"ImageObject\",\"inLanguage\":\"en-US\",\"@id\":\"https:\/\/dyskontpaliwowy.pl\/en\/about-the-brand\/#primaryimage\",\"url\":\"https:\/\/dyskontpaliwowy.pl\/wp-content\/uploads\/2024\/10\/zdj-o-marce-01.jpg\",\"contentUrl\":\"https:\/\/dyskontpaliwowy.pl\/wp-content\/uploads\/2024\/10\/zdj-o-marce-01.jpg\"},{\"@type\":\"BreadcrumbList\",\"@id\":\"https:\/\/dyskontpaliwowy.pl\/en\/about-the-brand\/#breadcrumb\",\"itemListElement\":[{\"@type\":\"ListItem\",\"position\":1,\"name\":\"Homepage\",\"item\":\"https:\/\/dyskontpaliwowy.pl\/en\/\"},{\"@type\":\"ListItem\",\"position\":2,\"name\":\"About the brand\"}]},{\"@type\":\"WebSite\",\"@id\":\"https:\/\/dyskontpaliwowy.pl\/en\/#website\",\"url\":\"https:\/\/dyskontpaliwowy.pl\/en\/\",\"name\":\"Dyskont Paliwowy DP\",\"description\":\"Komfort, jako\u015b\u0107 i oszcz\u0119dno\u015b\u0107 w trasie. Tankowanie, Bistro DP, myjnie i parkingi TIR \u2013 wszystko, czego potrzebujesz w podr\u00f3\u017cy!\",\"publisher\":{\"@id\":\"https:\/\/dyskontpaliwowy.pl\/en\/#organization\"},\"potentialAction\":[{\"@type\":\"SearchAction\",\"target\":{\"@type\":\"EntryPoint\",\"urlTemplate\":\"https:\/\/dyskontpaliwowy.pl\/en\/?s={search_term_string}\"},\"query-input\":{\"@type\":\"PropertyValueSpecification\",\"valueRequired\":true,\"valueName\":\"search_term_string\"}}],\"inLanguage\":\"en-US\"},{\"@type\":\"Organization\",\"@id\":\"https:\/\/dyskontpaliwowy.pl\/en\/#organization\",\"name\":\"Dyskont Paliwowy\",\"url\":\"https:\/\/dyskontpaliwowy.pl\/en\/\",\"logo\":{\"@type\":\"ImageObject\",\"inLanguage\":\"en-US\",\"@id\":\"https:\/\/dyskontpaliwowy.pl\/en\/#\/schema\/logo\/image\/\",\"url\":\"https:\/\/dyskontpaliwowy.pl\/wp-content\/uploads\/2024\/08\/logo-nawigacja.svg\",\"contentUrl\":\"https:\/\/dyskontpaliwowy.pl\/wp-content\/uploads\/2024\/08\/logo-nawigacja.svg\",\"width\":1,\"height\":1,\"caption\":\"Dyskont Paliwowy\"},\"image\":{\"@id\":\"https:\/\/dyskontpaliwowy.pl\/en\/#\/schema\/logo\/image\/\"},\"sameAs\":[\"https:\/\/www.facebook.com\/DyskontPaliwowy\/?locale=pl_PL\",\"https:\/\/www.instagram.com\/dyskontpaliwowy\/\"]}]}<\/script>\n<!-- \/ Yoast SEO plugin. -->","yoast_head_json":{"title":"About the brand - Dyskont Paliwowy","robots":{"index":"index","follow":"follow","max-snippet":"max-snippet:-1","max-image-preview":"max-image-preview:large","max-video-preview":"max-video-preview:-1"},"canonical":"https:\/\/dyskontpaliwowy.pl\/en\/about-the-brand\/","og_locale":"en_US","og_type":"article","og_title":"About the brand - Dyskont Paliwowy","og_description":"about us We have been with you since 11 years modern gas stations Dyskont Paliwowy is a brand of gas...","og_url":"https:\/\/dyskontpaliwowy.pl\/en\/about-the-brand\/","og_site_name":"Dyskont Paliwowy","article_publisher":"https:\/\/www.facebook.com\/DyskontPaliwowy\/?locale=pl_PL","article_modified_time":"2024-12-16T10:04:17+00:00","og_image":[{"url":"https:\/\/dyskontpaliwowy.pl\/wp-content\/uploads\/2024\/10\/zdj-o-marce-01.jpg","type":"","width":"","height":""}],"twitter_card":"summary_large_image","twitter_misc":{"Est. reading time":"2 minutes"},"schema":{"@context":"https:\/\/schema.org","@graph":[{"@type":"WebPage","@id":"https:\/\/dyskontpaliwowy.pl\/en\/about-the-brand\/","url":"https:\/\/dyskontpaliwowy.pl\/en\/about-the-brand\/","name":"About the brand - Dyskont Paliwowy","isPartOf":{"@id":"https:\/\/dyskontpaliwowy.pl\/en\/#website"},"primaryImageOfPage":{"@id":"https:\/\/dyskontpaliwowy.pl\/en\/about-the-brand\/#primaryimage"},"image":{"@id":"https:\/\/dyskontpaliwowy.pl\/en\/about-the-brand\/#primaryimage"},"thumbnailUrl":"https:\/\/dyskontpaliwowy.pl\/wp-content\/uploads\/2024\/10\/zdj-o-marce-01.jpg","datePublished":"2024-08-20T07:28:22+00:00","dateModified":"2024-12-16T10:04:17+00:00","breadcrumb":{"@id":"https:\/\/dyskontpaliwowy.pl\/en\/about-the-brand\/#breadcrumb"},"inLanguage":"en-US","potentialAction":[{"@type":"ReadAction","target":["https:\/\/dyskontpaliwowy.pl\/en\/about-the-brand\/"]}]},{"@type":"ImageObject","inLanguage":"en-US","@id":"https:\/\/dyskontpaliwowy.pl\/en\/about-the-brand\/#primaryimage","url":"https:\/\/dyskontpaliwowy.pl\/wp-content\/uploads\/2024\/10\/zdj-o-marce-01.jpg","contentUrl":"https:\/\/dyskontpaliwowy.pl\/wp-content\/uploads\/2024\/10\/zdj-o-marce-01.jpg"},{"@type":"BreadcrumbList","@id":"https:\/\/dyskontpaliwowy.pl\/en\/about-the-brand\/#breadcrumb","itemListElement":[{"@type":"ListItem","position":1,"name":"Homepage","item":"https:\/\/dyskontpaliwowy.pl\/en\/"},{"@type":"ListItem","position":2,"name":"About the brand"}]},{"@type":"WebSite","@id":"https:\/\/dyskontpaliwowy.pl\/en\/#website","url":"https:\/\/dyskontpaliwowy.pl\/en\/","name":"Dyskont Paliwowy DP","description":"Komfort, jako\u015b\u0107 i oszcz\u0119dno\u015b\u0107 w trasie. Tankowanie, Bistro DP, myjnie i parkingi TIR \u2013 wszystko, czego potrzebujesz w podr\u00f3\u017cy!","publisher":{"@id":"https:\/\/dyskontpaliwowy.pl\/en\/#organization"},"potentialAction":[{"@type":"SearchAction","target":{"@type":"EntryPoint","urlTemplate":"https:\/\/dyskontpaliwowy.pl\/en\/?s={search_term_string}"},"query-input":{"@type":"PropertyValueSpecification","valueRequired":true,"valueName":"search_term_string"}}],"inLanguage":"en-US"},{"@type":"Organization","@id":"https:\/\/dyskontpaliwowy.pl\/en\/#organization","name":"Dyskont Paliwowy","url":"https:\/\/dyskontpaliwowy.pl\/en\/","logo":{"@type":"ImageObject","inLanguage":"en-US","@id":"https:\/\/dyskontpaliwowy.pl\/en\/#\/schema\/logo\/image\/","url":"https:\/\/dyskontpaliwowy.pl\/wp-content\/uploads\/2024\/08\/logo-nawigacja.svg","contentUrl":"https:\/\/dyskontpaliwowy.pl\/wp-content\/uploads\/2024\/08\/logo-nawigacja.svg","width":1,"height":1,"caption":"Dyskont Paliwowy"},"image":{"@id":"https:\/\/dyskontpaliwowy.pl\/en\/#\/schema\/logo\/image\/"},"sameAs":["https:\/\/www.facebook.com\/DyskontPaliwowy\/?locale=pl_PL","https:\/\/www.instagram.com\/dyskontpaliwowy\/"]}]}},"_links":{"self":[{"href":"https:\/\/dyskontpaliwowy.pl\/en\/wp-json\/wp\/v2\/pages\/4916","targetHints":{"allow":["GET"]}}],"collection":[{"href":"https:\/\/dyskontpaliwowy.pl\/en\/wp-json\/wp\/v2\/pages"}],"about":[{"href":"https:\/\/dyskontpaliwowy.pl\/en\/wp-json\/wp\/v2\/types\/page"}],"author":[{"embeddable":true,"href":"https:\/\/dyskontpaliwowy.pl\/en\/wp-json\/wp\/v2\/users\/1"}],"replies":[{"embeddable":true,"href":"https:\/\/dyskontpaliwowy.pl\/en\/wp-json\/wp\/v2\/comments?post=4916"}],"version-history":[{"count":4,"href":"https:\/\/dyskontpaliwowy.pl\/en\/wp-json\/wp\/v2\/pages\/4916\/revisions"}],"predecessor-version":[{"id":6087,"href":"https:\/\/dyskontpaliwowy.pl\/en\/wp-json\/wp\/v2\/pages\/4916\/revisions\/6087"}],"wp:attachment":[{"href":"https:\/\/dyskontpaliwowy.pl\/en\/wp-json\/wp\/v2\/media?parent=4916"}],"curies":[{"name":"wp","href":"https:\/\/api.w.org\/{rel}","templated":true}]}}