{"id":4833,"date":"2024-08-20T09:29:19","date_gmt":"2024-08-20T07:29:19","guid":{"rendered":"https:\/\/dyskontpaliwowy.pl\/kontakt\/"},"modified":"2024-12-16T11:35:00","modified_gmt":"2024-12-16T10:35:00","slug":"kontakt","status":"publish","type":"page","link":"https:\/\/dyskontpaliwowy.pl\/de\/kontakt\/","title":{"rendered":"Kontakt"},"content":{"rendered":"\t\t<div data-elementor-type=\"wp-page\" data-elementor-id=\"4833\" class=\"elementor elementor-4833 elementor-53\">\n\t\t\t\t\t\t<section class=\"elementor-section elementor-top-section elementor-element elementor-element-8109491 elementor-section-boxed elementor-section-height-default elementor-section-height-default tm-col-stretched-none tm-bg-color-over-image elementor-invisible\" data-id=\"8109491\" data-element_type=\"section\" data-settings=\"{&quot;animation&quot;:&quot;fadeIn&quot;,&quot;animation_delay&quot;:500}\">\n\t\t\t\t\t\t<div class=\"elementor-container elementor-column-gap-default\">\n\t\t\t\t\t<div class=\"elementor-column elementor-col-100 elementor-top-column elementor-element elementor-element-fbdb284 tm-bg-color-over-image\" data-id=\"fbdb284\" data-element_type=\"column\">\n\t\t\t<div class=\"elementor-widget-wrap elementor-element-populated\">\n\t\t\t\t\t\t<section class=\"elementor-section elementor-inner-section elementor-element elementor-element-061afac elementor-section-boxed elementor-section-height-default elementor-section-height-default tm-col-stretched-none tm-bg-color-over-image\" data-id=\"061afac\" data-element_type=\"section\">\n\t\t\t\t\t\t<div class=\"elementor-container elementor-column-gap-default\">\n\t\t\t\t\t<div class=\"elementor-column elementor-col-50 elementor-inner-column elementor-element elementor-element-df6b29c tm-bg-color-over-image\" data-id=\"df6b29c\" data-element_type=\"column\">\n\t\t\t<div class=\"elementor-widget-wrap elementor-element-populated\">\n\t\t\t\t\t\t<div class=\"elementor-element elementor-element-b7c51b4 contact-items-info-rx elementor-invisible elementor-widget elementor-widget-tm-ele-iconbox\" data-id=\"b7c51b4\" data-element_type=\"widget\" data-settings=\"{&quot;_animation&quot;:&quot;fadeIn&quot;,&quot;_animation_delay&quot;:500}\" data-widget_type=\"tm-ele-iconbox.default\">\n\t\t\t\t<div class=\"elementor-widget-container\">\n\t\t\t<div class=\"tm-sc-icon-box icon-box icon-left tm-iconbox-icontype-image icon-default iconbox-centered-in-responsive-tablet iconbox-centered-in-responsive-mobile icon-position-icon-left animate-icon-on-hover animate-icon-rotate-y\" >\r\n\t\r\n  \t<div class=\"icon-box-wrapper\">\r\n\t\t\r\n\t\t<div class=\"icon-wrapper\">\r\n\t\t<div class=\"icon icon-type-image icon-md icon-default-bg icon-circled\">\r\n\t\t\t<img decoding=\"async\" src=\"https:\/\/dyskontpaliwowy.pl\/wp-content\/uploads\/2024\/08\/icon-sprzedaz-paliw.png\" width=\"75\" height=\"75\" alt=\"image\">\t\t<\/div>\r\n\r\n\t\t\t<\/div>\r\n\t\t\t<div class=\"icon-text\">\r\n\t\t\t\t\t\t\r\n\t\t\t\t<h4 class=\"icon-box-title \">\r\n\t\t\t\t\t\t\tFlottenangebot\t\t\t\t\t<\/h4>\r\n\t\t\t\t\t<div class=\"content\"><p><br>Tel: <a href=\"tel:+48608625198\">+48 608 625 198<\/a> E-Mail:<a href=\"mailto:paliwa@ctenergy.pl\">paliwa@ctenergy.pl<\/a><\/p><\/div>\r\n\t\t\t\t\t\t\r\n\t\t\t\r\n\t\r\n\t\t\t\t\t<\/div>\r\n\t\t<div class=\"clearfix\"><\/div>\r\n\t<\/div>\r\n<\/div>\t\t<\/div>\n\t\t\t\t<\/div>\n\t\t\t\t\t<\/div>\n\t\t<\/div>\n\t\t\t\t<div class=\"elementor-column elementor-col-50 elementor-inner-column elementor-element elementor-element-8538881 tm-bg-color-over-image\" data-id=\"8538881\" data-element_type=\"column\">\n\t\t\t<div class=\"elementor-widget-wrap elementor-element-populated\">\n\t\t\t\t\t\t<div class=\"elementor-element elementor-element-21fcc6b contact-items-info-rx elementor-invisible elementor-widget elementor-widget-tm-ele-iconbox\" data-id=\"21fcc6b\" data-element_type=\"widget\" data-settings=\"{&quot;_animation&quot;:&quot;fadeIn&quot;,&quot;_animation_delay&quot;:700}\" data-widget_type=\"tm-ele-iconbox.default\">\n\t\t\t\t<div class=\"elementor-widget-container\">\n\t\t\t<div class=\"tm-sc-icon-box icon-box icon-left tm-iconbox-icontype-image icon-default iconbox-centered-in-responsive-tablet iconbox-centered-in-responsive-mobile icon-position-icon-left animate-icon-on-hover animate-icon-rotate-y\" >\r\n\t\r\n  \t<div class=\"icon-box-wrapper\">\r\n\t\t\r\n\t\t<div class=\"icon-wrapper\">\r\n\t\t<div class=\"icon icon-type-image icon-md icon-default-bg icon-circled\">\r\n\t\t\t<img decoding=\"async\" src=\"https:\/\/dyskontpaliwowy.pl\/wp-content\/uploads\/2024\/08\/icon-marketing.png\" width=\"75\" height=\"75\" alt=\"image\">\t\t<\/div>\r\n\r\n\t\t\t<\/div>\r\n\t\t\t<div class=\"icon-text\">\r\n\t\t\t\t\t\t\r\n\t\t\t\t<h4 class=\"icon-box-title \">\r\n\t\t\t\t\t\t\tMarketing\t\t\t\t\t<\/h4>\r\n\t\t\t\t\t<div class=\"content\"><p>Tel: <a href=\"tel:+48506452259\">+48 506 452 259<\/a><\/p><p>E-Mail: <a href=\"mailto:marketing@ctenergy.pl\">marketing@ctenergy.pl<\/a><\/p><\/div>\r\n\t\t\t\t\t\t\r\n\t\t\t\r\n\t\r\n\t\t\t\t\t<\/div>\r\n\t\t<div class=\"clearfix\"><\/div>\r\n\t<\/div>\r\n<\/div>\t\t<\/div>\n\t\t\t\t<\/div>\n\t\t\t\t\t<\/div>\n\t\t<\/div>\n\t\t\t\t\t<\/div>\n\t\t<\/section>\n\t\t\t\t<section class=\"elementor-section elementor-inner-section elementor-element elementor-element-25fb425 elementor-section-boxed elementor-section-height-default elementor-section-height-default tm-col-stretched-none tm-bg-color-over-image\" data-id=\"25fb425\" data-element_type=\"section\">\n\t\t\t\t\t\t<div class=\"elementor-container elementor-column-gap-default\">\n\t\t\t\t\t<div class=\"elementor-column elementor-col-50 elementor-inner-column elementor-element elementor-element-a6451a3 tm-bg-color-over-image\" data-id=\"a6451a3\" data-element_type=\"column\">\n\t\t\t<div class=\"elementor-widget-wrap elementor-element-populated\">\n\t\t\t\t\t\t<div class=\"elementor-element elementor-element-50cd18b contact-items-info-rx elementor-invisible elementor-widget elementor-widget-tm-ele-iconbox\" data-id=\"50cd18b\" data-element_type=\"widget\" data-settings=\"{&quot;_animation&quot;:&quot;fadeIn&quot;,&quot;_animation_delay&quot;:900}\" data-widget_type=\"tm-ele-iconbox.default\">\n\t\t\t\t<div class=\"elementor-widget-container\">\n\t\t\t<div class=\"tm-sc-icon-box icon-box icon-left tm-iconbox-icontype-image icon-default iconbox-centered-in-responsive-tablet iconbox-centered-in-responsive-mobile icon-position-icon-left animate-icon-on-hover animate-icon-rotate-y\" >\r\n\t\r\n  \t<div class=\"icon-box-wrapper\">\r\n\t\t\r\n\t\t<div class=\"icon-wrapper\">\r\n\t\t<div class=\"icon icon-type-image icon-md icon-default-bg icon-circled\">\r\n\t\t\t<img decoding=\"async\" src=\"https:\/\/dyskontpaliwowy.pl\/wp-content\/uploads\/2024\/08\/icon-wspolpraca.png\" width=\"75\" height=\"75\" alt=\"image\">\t\t<\/div>\r\n\r\n\t\t\t<\/div>\r\n\t\t\t<div class=\"icon-text\">\r\n\t\t\t\t\t\t\r\n\t\t\t\t<h4 class=\"icon-box-title \">\r\n\t\t\t\t\t\t\tZusammenarbeit\t\t\t\t\t<\/h4>\r\n\t\t\t\t\t<div class=\"content\">E-Mail: <a href=\"mailto:info@ctenergy.pl\">info@ctenergy.pl<\/a>\n<span><br><br><\/span><\/div>\r\n\t\t\t\t\t\t\r\n\t\t\t\r\n\t\r\n\t\t\t\t\t<\/div>\r\n\t\t<div class=\"clearfix\"><\/div>\r\n\t<\/div>\r\n<\/div>\t\t<\/div>\n\t\t\t\t<\/div>\n\t\t\t\t\t<\/div>\n\t\t<\/div>\n\t\t\t\t<div class=\"elementor-column elementor-col-50 elementor-inner-column elementor-element elementor-element-15e8f15 tm-bg-color-over-image\" data-id=\"15e8f15\" data-element_type=\"column\">\n\t\t\t<div class=\"elementor-widget-wrap elementor-element-populated\">\n\t\t\t\t\t\t<div class=\"elementor-element elementor-element-af06ecd contact-items-info-rx elementor-invisible elementor-widget elementor-widget-tm-ele-iconbox\" data-id=\"af06ecd\" data-element_type=\"widget\" data-settings=\"{&quot;_animation&quot;:&quot;fadeIn&quot;,&quot;_animation_delay&quot;:1100}\" data-widget_type=\"tm-ele-iconbox.default\">\n\t\t\t\t<div class=\"elementor-widget-container\">\n\t\t\t<div class=\"tm-sc-icon-box icon-box icon-left tm-iconbox-icontype-image icon-default iconbox-centered-in-responsive-tablet iconbox-centered-in-responsive-mobile icon-position-icon-left animate-icon-on-hover animate-icon-rotate-y\" >\r\n\t\r\n  \t<div class=\"icon-box-wrapper\">\r\n\t\t\r\n\t\t<div class=\"icon-wrapper\">\r\n\t\t<div class=\"icon icon-type-image icon-md icon-default-bg icon-circled\">\r\n\t\t\t<img decoding=\"async\" src=\"https:\/\/dyskontpaliwowy.pl\/wp-content\/uploads\/2024\/08\/icon-marketing.png\" width=\"75\" height=\"75\" alt=\"image\">\t\t<\/div>\r\n\r\n\t\t\t<\/div>\r\n\t\t\t<div class=\"icon-text\">\r\n\t\t\t\t\t\t\r\n\t\t\t\t<h4 class=\"icon-box-title \">\r\n\t\t\t\t\t\t\tGro\u00dfhandel mit Kraftstoff\t\t\t\t\t<\/h4>\r\n\t\t\t\t\t<div class=\"content\"><p>Tel: <a href=\"tel:+48664122625%20\">+48 664 12 26 25 <\/a> <\/p><p>E-Mail: <a href=\"mailto:maciej.jurkowski@ctenergy.pl\">maciej.jurkowski@ctenergy.pl<\/a><\/p><\/div>\r\n\t\t\t\t\t\t\r\n\t\t\t\r\n\t\r\n\t\t\t\t\t<\/div>\r\n\t\t<div class=\"clearfix\"><\/div>\r\n\t<\/div>\r\n<\/div>\t\t<\/div>\n\t\t\t\t<\/div>\n\t\t\t\t\t<\/div>\n\t\t<\/div>\n\t\t\t\t\t<\/div>\n\t\t<\/section>\n\t\t\t\t<section class=\"elementor-section elementor-inner-section elementor-element elementor-element-78f35e5 elementor-section-boxed elementor-section-height-default elementor-section-height-default tm-col-stretched-none tm-bg-color-over-image\" data-id=\"78f35e5\" data-element_type=\"section\">\n\t\t\t\t\t\t<div class=\"elementor-container elementor-column-gap-default\">\n\t\t\t\t\t<div class=\"elementor-column elementor-col-50 elementor-inner-column elementor-element elementor-element-45ae177 tm-bg-color-over-image elementor-invisible\" data-id=\"45ae177\" data-element_type=\"column\" data-settings=\"{&quot;animation&quot;:&quot;fadeInLeft&quot;,&quot;animation_delay&quot;:800}\">\n\t\t\t<div class=\"elementor-widget-wrap elementor-element-populated\">\n\t\t\t\t\t\t<div class=\"elementor-element elementor-element-9db40ae horizontal-line-align-left vertical-line-align-bottom elementor-widget elementor-widget-tm-ele-section-title\" data-id=\"9db40ae\" data-element_type=\"widget\" data-widget_type=\"tm-ele-section-title.default\">\n\t\t\t\t<div class=\"elementor-widget-container\">\n\t\t\t<div class=\"tm-sc-section-title section-title \">\r\n\t<div class=\"title-wrapper\">\r\n\t\t\t\t\t\t\t\t<h2 class=\"title \">\r\n\r\n\t\t\r\n\t\t\t\t<span class=\"title-part1 \">Nehmen Sie Kontakt mit uns auf!<\/span>\r\n\t\t\t\t\r\n\t\t\r\n\t<\/h2>\r\n\t<div class=\"title-seperator-line\"><\/div>\t\t\t\t\t\t<div class=\"paragraph\">\r\n\t\t<p>Wir sind f\u00fcr Sie da und beantworten alle Ihre Fragen.<\/p>\t<\/div>\r\n\t\t<\/div>\r\n<\/div>\t\t<\/div>\n\t\t\t\t<\/div>\n\t\t\t\t<div class=\"elementor-element elementor-element-1ebd801 elementor-widget elementor-widget-tm-ele-social-links\" data-id=\"1ebd801\" data-element_type=\"widget\" data-widget_type=\"tm-ele-social-links.default\">\n\t\t\t\t<div class=\"elementor-widget-container\">\n\t\t\t<ul class=\"tm-sc-social-links links-outlined\">\r\n\r\n\t\t\t<li><a class=\"social-link\" aria-label=\"Social Link\" href=\"https:\/\/www.facebook.com\/DyskontPaliwowy\/\" target=\"_self\"><i class=\"fa fa-facebook\"><\/i><\/a><\/li>\r\n\t\t\r\n\r\n\t\t\t<li><a class=\"social-link\" aria-label=\"Social Link\" href=\"https:\/\/www.instagram.com\/dyskontpaliwowy\/\" target=\"_self\"><i class=\"fa fa-instagram\"><\/i><\/a><\/li>\r\n\t\t\r\n\t\t\t<\/ul>\t\t<\/div>\n\t\t\t\t<\/div>\n\t\t\t\t\t<\/div>\n\t\t<\/div>\n\t\t\t\t<div class=\"elementor-column elementor-col-50 elementor-inner-column elementor-element elementor-element-0fb58ea tm-bg-color-over-image elementor-invisible\" data-id=\"0fb58ea\" data-element_type=\"column\" data-settings=\"{&quot;animation&quot;:&quot;fadeInRight&quot;,&quot;animation_delay&quot;:800}\">\n\t\t\t<div class=\"elementor-widget-wrap elementor-element-populated\">\n\t\t\t\t\t\t<div class=\"elementor-element elementor-element-c4c1282 tm-contact-form-7-button-align-left tm-contact-form-7-button-custom elementor-widget elementor-widget-tm-ele-contact-form-7\" data-id=\"c4c1282\" data-element_type=\"widget\" data-widget_type=\"tm-ele-contact-form-7.default\">\n\t\t\t\t<div class=\"elementor-widget-container\">\n\t\t\t<div class=\"tm-contact-form-7-wrapper\">\r\n\t\t\t\t<div class=\"tm-contact-form tm-contact-form-7 tm-contact-form-c4c1282 placeholder-show tm-custom-radio-checkbox tm-contact-form-align-center\">\n<div class=\"wpcf7 no-js\" id=\"wpcf7-f4100-o1\" lang=\"de-DE\" dir=\"ltr\">\n<div class=\"screen-reader-response\"><p role=\"status\" aria-live=\"polite\" aria-atomic=\"true\"><\/p> <ul><\/ul><\/div>\n<form action=\"\/de\/wp-json\/wp\/v2\/pages\/4833#wpcf7-f4100-o1\" method=\"post\" class=\"wpcf7-form init\" aria-label=\"Kontaktformular\" novalidate=\"novalidate\" data-status=\"init\">\n<div style=\"display: none;\">\n<input type=\"hidden\" name=\"_wpcf7\" value=\"4100\" \/>\n<input type=\"hidden\" name=\"_wpcf7_version\" value=\"5.9.8\" \/>\n<input type=\"hidden\" name=\"_wpcf7_locale\" value=\"de_DE\" \/>\n<input type=\"hidden\" name=\"_wpcf7_unit_tag\" value=\"wpcf7-f4100-o1\" \/>\n<input type=\"hidden\" name=\"_wpcf7_container_post\" value=\"0\" \/>\n<input type=\"hidden\" name=\"_wpcf7_posted_data_hash\" value=\"\" \/>\n<input type=\"hidden\" name=\"_wpcf7_recaptcha_response\" value=\"\" \/>\n<\/div>\n<div class=\"representatives-contact-wrapper\">\n\n   <div class=\"cf-row-rx\">\n      <label>\n          <span class=\"wpcf7-form-control-wrap\" data-name=\"your-name\"><input size=\"40\" maxlength=\"400\" class=\"wpcf7-form-control wpcf7-text wpcf7-validates-as-required\" aria-required=\"true\" aria-invalid=\"false\" placeholder=\"Name\" value=\"\" type=\"text\" name=\"your-name\" \/><\/span> <\/label>\n\n      <label>\n          <span class=\"wpcf7-form-control-wrap\" data-name=\"your-email\"><input size=\"40\" maxlength=\"400\" class=\"wpcf7-form-control wpcf7-email wpcf7-validates-as-required wpcf7-text wpcf7-validates-as-email\" aria-required=\"true\" aria-invalid=\"false\" placeholder=\"E-Mail Adresse\" value=\"\" type=\"email\" name=\"your-email\" \/><\/span> <\/label>\n   <\/div>\n\n    <label> \n       <span class=\"wpcf7-form-control-wrap\" data-name=\"your-message\"><textarea cols=\"40\" rows=\"10\" maxlength=\"2000\" class=\"wpcf7-form-control wpcf7-textarea\" aria-invalid=\"false\" placeholder=\"Inhalt der Nachricht\" name=\"your-message\"><\/textarea><\/span> <\/label>\n\n    <span class=\"wpcf7-form-control-wrap\" data-name=\"acceptance-868\"><span class=\"wpcf7-form-control wpcf7-acceptance\"><span class=\"wpcf7-list-item\"><label><input type=\"checkbox\" name=\"acceptance-868\" value=\"1\" aria-invalid=\"false\" \/><span class=\"wpcf7-list-item-label\">Der Verwalter der \u00fcber das Formular \u00fcbermittelten personenbezogenen Daten ist Citronex Trans Energy Sp. z o.o. \nDie Angabe der Daten ist freiwillig, aber f\u00fcr die Nutzung des Formulars erforderlich. Weitere Informationen finden Sie in <a href=\"\/de\/datenschutz-und-cookie-richtlinie\/\">der Datenschutzrichtlinie<\/a>.<\/span><\/label><\/span><\/span><\/span>\n\n   <input class=\"wpcf7-form-control wpcf7-submit has-spinner\" type=\"submit\" value=\"Senden Sie\" \/>\n\n<\/div><div class=\"wpcf7-response-output\" aria-hidden=\"true\"><\/div>\n<\/form>\n<\/div>\n<\/div>\r\n\t\t\t<\/div>\t\t<\/div>\n\t\t\t\t<\/div>\n\t\t\t\t\t<\/div>\n\t\t<\/div>\n\t\t\t\t\t<\/div>\n\t\t<\/section>\n\t\t\t\t\t<\/div>\n\t\t<\/div>\n\t\t\t\t\t<\/div>\n\t\t<\/section>\n\t\t\t\t<\/div>\n\t\t","protected":false},"excerpt":{"rendered":"<p>Flottenangebot Tel: +48 608 625 198 E-Mail:paliwa@ctenergy.pl Marketing Tel: +48 506 452 259 E-Mail: marketing@ctenergy.pl Zusammenarbeit E-Mail: info@ctenergy.pl Gro\u00dfhandel mit&#8230;<\/p>\n","protected":false},"author":1,"featured_media":0,"parent":0,"menu_order":0,"comment_status":"closed","ping_status":"closed","template":"","meta":{"footnotes":""},"class_list":["post-4833","page","type-page","status-publish","hentry"],"yoast_head":"<!-- This site is optimized with the Yoast SEO plugin v24.0 - https:\/\/yoast.com\/wordpress\/plugins\/seo\/ -->\n<title>Kontakt - Dyskont Paliwowy<\/title>\n<meta name=\"robots\" content=\"index, follow, max-snippet:-1, max-image-preview:large, max-video-preview:-1\" \/>\n<link rel=\"canonical\" href=\"https:\/\/dyskontpaliwowy.pl\/de\/kontakt\/\" \/>\n<meta property=\"og:locale\" content=\"de_DE\" \/>\n<meta property=\"og:type\" content=\"article\" \/>\n<meta property=\"og:title\" content=\"Kontakt - Dyskont Paliwowy\" \/>\n<meta property=\"og:description\" content=\"Flottenangebot Tel: +48 608 625 198 E-Mail:paliwa@ctenergy.pl Marketing Tel: +48 506 452 259 E-Mail: marketing@ctenergy.pl Zusammenarbeit E-Mail: info@ctenergy.pl Gro\u00dfhandel mit...\" \/>\n<meta property=\"og:url\" content=\"https:\/\/dyskontpaliwowy.pl\/de\/kontakt\/\" \/>\n<meta property=\"og:site_name\" content=\"Dyskont Paliwowy\" \/>\n<meta property=\"article:publisher\" content=\"https:\/\/www.facebook.com\/DyskontPaliwowy\/?locale=pl_PL\" \/>\n<meta property=\"article:modified_time\" content=\"2024-12-16T10:35:00+00:00\" \/>\n<meta property=\"og:image\" content=\"https:\/\/dyskontpaliwowy.pl\/wp-content\/uploads\/2024\/08\/icon-sprzedaz-paliw.png\" \/>\n<meta name=\"twitter:card\" content=\"summary_large_image\" \/>\n<meta name=\"twitter:label1\" content=\"Gesch\u00e4tzte Lesezeit\" \/>\n\t<meta name=\"twitter:data1\" content=\"2\u00a0Minuten\" \/>\n<script type=\"application\/ld+json\" class=\"yoast-schema-graph\">{\"@context\":\"https:\/\/schema.org\",\"@graph\":[{\"@type\":\"WebPage\",\"@id\":\"https:\/\/dyskontpaliwowy.pl\/de\/kontakt\/\",\"url\":\"https:\/\/dyskontpaliwowy.pl\/de\/kontakt\/\",\"name\":\"Kontakt - Dyskont Paliwowy\",\"isPartOf\":{\"@id\":\"https:\/\/dyskontpaliwowy.pl\/de\/#website\"},\"primaryImageOfPage\":{\"@id\":\"https:\/\/dyskontpaliwowy.pl\/de\/kontakt\/#primaryimage\"},\"image\":{\"@id\":\"https:\/\/dyskontpaliwowy.pl\/de\/kontakt\/#primaryimage\"},\"thumbnailUrl\":\"https:\/\/dyskontpaliwowy.pl\/wp-content\/uploads\/2024\/08\/icon-sprzedaz-paliw.png\",\"datePublished\":\"2024-08-20T07:29:19+00:00\",\"dateModified\":\"2024-12-16T10:35:00+00:00\",\"breadcrumb\":{\"@id\":\"https:\/\/dyskontpaliwowy.pl\/de\/kontakt\/#breadcrumb\"},\"inLanguage\":\"de\",\"potentialAction\":[{\"@type\":\"ReadAction\",\"target\":[\"https:\/\/dyskontpaliwowy.pl\/de\/kontakt\/\"]}]},{\"@type\":\"ImageObject\",\"inLanguage\":\"de\",\"@id\":\"https:\/\/dyskontpaliwowy.pl\/de\/kontakt\/#primaryimage\",\"url\":\"https:\/\/dyskontpaliwowy.pl\/wp-content\/uploads\/2024\/08\/icon-sprzedaz-paliw.png\",\"contentUrl\":\"https:\/\/dyskontpaliwowy.pl\/wp-content\/uploads\/2024\/08\/icon-sprzedaz-paliw.png\"},{\"@type\":\"BreadcrumbList\",\"@id\":\"https:\/\/dyskontpaliwowy.pl\/de\/kontakt\/#breadcrumb\",\"itemListElement\":[{\"@type\":\"ListItem\",\"position\":1,\"name\":\"Startseite\",\"item\":\"https:\/\/dyskontpaliwowy.pl\/de\/\"},{\"@type\":\"ListItem\",\"position\":2,\"name\":\"Kontakt\"}]},{\"@type\":\"WebSite\",\"@id\":\"https:\/\/dyskontpaliwowy.pl\/de\/#website\",\"url\":\"https:\/\/dyskontpaliwowy.pl\/de\/\",\"name\":\"Dyskont Paliwowy DP\",\"description\":\"Komfort, jako\u015b\u0107 i oszcz\u0119dno\u015b\u0107 w trasie. Tankowanie, Bistro DP, myjnie i parkingi TIR \u2013 wszystko, czego potrzebujesz w podr\u00f3\u017cy!\",\"publisher\":{\"@id\":\"https:\/\/dyskontpaliwowy.pl\/de\/#organization\"},\"potentialAction\":[{\"@type\":\"SearchAction\",\"target\":{\"@type\":\"EntryPoint\",\"urlTemplate\":\"https:\/\/dyskontpaliwowy.pl\/de\/?s={search_term_string}\"},\"query-input\":{\"@type\":\"PropertyValueSpecification\",\"valueRequired\":true,\"valueName\":\"search_term_string\"}}],\"inLanguage\":\"de\"},{\"@type\":\"Organization\",\"@id\":\"https:\/\/dyskontpaliwowy.pl\/de\/#organization\",\"name\":\"Dyskont Paliwowy\",\"url\":\"https:\/\/dyskontpaliwowy.pl\/de\/\",\"logo\":{\"@type\":\"ImageObject\",\"inLanguage\":\"de\",\"@id\":\"https:\/\/dyskontpaliwowy.pl\/de\/#\/schema\/logo\/image\/\",\"url\":\"https:\/\/dyskontpaliwowy.pl\/wp-content\/uploads\/2024\/08\/logo-nawigacja.svg\",\"contentUrl\":\"https:\/\/dyskontpaliwowy.pl\/wp-content\/uploads\/2024\/08\/logo-nawigacja.svg\",\"width\":1,\"height\":1,\"caption\":\"Dyskont Paliwowy\"},\"image\":{\"@id\":\"https:\/\/dyskontpaliwowy.pl\/de\/#\/schema\/logo\/image\/\"},\"sameAs\":[\"https:\/\/www.facebook.com\/DyskontPaliwowy\/?locale=pl_PL\",\"https:\/\/www.instagram.com\/dyskontpaliwowy\/\"]}]}<\/script>\n<!-- \/ Yoast SEO plugin. -->","yoast_head_json":{"title":"Kontakt - Dyskont Paliwowy","robots":{"index":"index","follow":"follow","max-snippet":"max-snippet:-1","max-image-preview":"max-image-preview:large","max-video-preview":"max-video-preview:-1"},"canonical":"https:\/\/dyskontpaliwowy.pl\/de\/kontakt\/","og_locale":"de_DE","og_type":"article","og_title":"Kontakt - Dyskont Paliwowy","og_description":"Flottenangebot Tel: +48 608 625 198 E-Mail:paliwa@ctenergy.pl Marketing Tel: +48 506 452 259 E-Mail: marketing@ctenergy.pl Zusammenarbeit E-Mail: info@ctenergy.pl Gro\u00dfhandel mit...","og_url":"https:\/\/dyskontpaliwowy.pl\/de\/kontakt\/","og_site_name":"Dyskont Paliwowy","article_publisher":"https:\/\/www.facebook.com\/DyskontPaliwowy\/?locale=pl_PL","article_modified_time":"2024-12-16T10:35:00+00:00","og_image":[{"url":"https:\/\/dyskontpaliwowy.pl\/wp-content\/uploads\/2024\/08\/icon-sprzedaz-paliw.png","type":"","width":"","height":""}],"twitter_card":"summary_large_image","twitter_misc":{"Gesch\u00e4tzte Lesezeit":"2\u00a0Minuten"},"schema":{"@context":"https:\/\/schema.org","@graph":[{"@type":"WebPage","@id":"https:\/\/dyskontpaliwowy.pl\/de\/kontakt\/","url":"https:\/\/dyskontpaliwowy.pl\/de\/kontakt\/","name":"Kontakt - Dyskont Paliwowy","isPartOf":{"@id":"https:\/\/dyskontpaliwowy.pl\/de\/#website"},"primaryImageOfPage":{"@id":"https:\/\/dyskontpaliwowy.pl\/de\/kontakt\/#primaryimage"},"image":{"@id":"https:\/\/dyskontpaliwowy.pl\/de\/kontakt\/#primaryimage"},"thumbnailUrl":"https:\/\/dyskontpaliwowy.pl\/wp-content\/uploads\/2024\/08\/icon-sprzedaz-paliw.png","datePublished":"2024-08-20T07:29:19+00:00","dateModified":"2024-12-16T10:35:00+00:00","breadcrumb":{"@id":"https:\/\/dyskontpaliwowy.pl\/de\/kontakt\/#breadcrumb"},"inLanguage":"de","potentialAction":[{"@type":"ReadAction","target":["https:\/\/dyskontpaliwowy.pl\/de\/kontakt\/"]}]},{"@type":"ImageObject","inLanguage":"de","@id":"https:\/\/dyskontpaliwowy.pl\/de\/kontakt\/#primaryimage","url":"https:\/\/dyskontpaliwowy.pl\/wp-content\/uploads\/2024\/08\/icon-sprzedaz-paliw.png","contentUrl":"https:\/\/dyskontpaliwowy.pl\/wp-content\/uploads\/2024\/08\/icon-sprzedaz-paliw.png"},{"@type":"BreadcrumbList","@id":"https:\/\/dyskontpaliwowy.pl\/de\/kontakt\/#breadcrumb","itemListElement":[{"@type":"ListItem","position":1,"name":"Startseite","item":"https:\/\/dyskontpaliwowy.pl\/de\/"},{"@type":"ListItem","position":2,"name":"Kontakt"}]},{"@type":"WebSite","@id":"https:\/\/dyskontpaliwowy.pl\/de\/#website","url":"https:\/\/dyskontpaliwowy.pl\/de\/","name":"Dyskont Paliwowy DP","description":"Komfort, jako\u015b\u0107 i oszcz\u0119dno\u015b\u0107 w trasie. Tankowanie, Bistro DP, myjnie i parkingi TIR \u2013 wszystko, czego potrzebujesz w podr\u00f3\u017cy!","publisher":{"@id":"https:\/\/dyskontpaliwowy.pl\/de\/#organization"},"potentialAction":[{"@type":"SearchAction","target":{"@type":"EntryPoint","urlTemplate":"https:\/\/dyskontpaliwowy.pl\/de\/?s={search_term_string}"},"query-input":{"@type":"PropertyValueSpecification","valueRequired":true,"valueName":"search_term_string"}}],"inLanguage":"de"},{"@type":"Organization","@id":"https:\/\/dyskontpaliwowy.pl\/de\/#organization","name":"Dyskont Paliwowy","url":"https:\/\/dyskontpaliwowy.pl\/de\/","logo":{"@type":"ImageObject","inLanguage":"de","@id":"https:\/\/dyskontpaliwowy.pl\/de\/#\/schema\/logo\/image\/","url":"https:\/\/dyskontpaliwowy.pl\/wp-content\/uploads\/2024\/08\/logo-nawigacja.svg","contentUrl":"https:\/\/dyskontpaliwowy.pl\/wp-content\/uploads\/2024\/08\/logo-nawigacja.svg","width":1,"height":1,"caption":"Dyskont Paliwowy"},"image":{"@id":"https:\/\/dyskontpaliwowy.pl\/de\/#\/schema\/logo\/image\/"},"sameAs":["https:\/\/www.facebook.com\/DyskontPaliwowy\/?locale=pl_PL","https:\/\/www.instagram.com\/dyskontpaliwowy\/"]}]}},"_links":{"self":[{"href":"https:\/\/dyskontpaliwowy.pl\/de\/wp-json\/wp\/v2\/pages\/4833","targetHints":{"allow":["GET"]}}],"collection":[{"href":"https:\/\/dyskontpaliwowy.pl\/de\/wp-json\/wp\/v2\/pages"}],"about":[{"href":"https:\/\/dyskontpaliwowy.pl\/de\/wp-json\/wp\/v2\/types\/page"}],"author":[{"embeddable":true,"href":"https:\/\/dyskontpaliwowy.pl\/de\/wp-json\/wp\/v2\/users\/1"}],"replies":[{"embeddable":true,"href":"https:\/\/dyskontpaliwowy.pl\/de\/wp-json\/wp\/v2\/comments?post=4833"}],"version-history":[{"count":5,"href":"https:\/\/dyskontpaliwowy.pl\/de\/wp-json\/wp\/v2\/pages\/4833\/revisions"}],"predecessor-version":[{"id":6130,"href":"https:\/\/dyskontpaliwowy.pl\/de\/wp-json\/wp\/v2\/pages\/4833\/revisions\/6130"}],"wp:attachment":[{"href":"https:\/\/dyskontpaliwowy.pl\/de\/wp-json\/wp\/v2\/media?parent=4833"}],"curies":[{"name":"wp","href":"https:\/\/api.w.org\/{rel}","templated":true}]}}